{"id":6640,"date":"2019-01-10T10:52:29","date_gmt":"2019-01-10T10:52:29","guid":{"rendered":"http:\/\/tcki.wpxsite.nl\/onderzoek-aan-keramische-grondstoffen\/"},"modified":"2026-01-13T10:51:12","modified_gmt":"2026-01-13T10:51:12","slug":"pruefungen-von-keramischen-rohstoffen","status":"publish","type":"page","link":"https:\/\/tcki.nl\/de\/pruefungen-von-keramischen-rohstoffen\/","title":{"rendered":"Pr\u00fcfungen von keramischen Rohstoffen"},"content":{"rendered":"\n<div class=\"wp-block-columns alignwide has-2-columns two-one is-layout-flex wp-container-core-columns-is-layout-9d6595d7 wp-block-columns-is-layout-flex\">\n<div class=\"wp-block-column is-layout-flow wp-block-column-is-layout-flow\"><div class=\"hoverbox \" id=\"hoverbox-block_6a9cb9a5310ab0236e106d85fd8d720f\"><div class=\"desc\"><\/div><\/div><style type=\"text\/css\">#hoverbox-block_6a9cb9a5310ab0236e106d85fd8d720f{background-image: url(\"https:\/\/tcki.nl\/wp-content\/uploads\/2019\/01\/tcki-keramisch-1920-5.jpg\");}<\/style><\/div>\n\n\n\n<div class=\"wp-block-column is-layout-flow wp-block-column-is-layout-flow\"><div class=\"hoverbox \" id=\"hoverbox-block_f96f3270feb78f7ee36765553d5f8a37\"><div class=\"desc\"><\/div><\/div><style type=\"text\/css\">#hoverbox-block_f96f3270feb78f7ee36765553d5f8a37{background-image: url(\"https:\/\/tcki.nl\/wp-content\/uploads\/2019\/01\/tcki-keramisch-1080-3.jpg\");}<\/style><\/div>\n<\/div>\n\n\n\n<div class=\"wp-block-columns alignwide has-2-columns one-two is-layout-flex wp-container-core-columns-is-layout-9d6595d7 wp-block-columns-is-layout-flex\">\n<div class=\"wp-block-column is-layout-flow wp-block-column-is-layout-flow\"><div class=\"hoverbox \" id=\"hoverbox-block_44f038aef83be2acdf485ff0b34024c6\"><div class=\"desc\"><\/div><\/div><style type=\"text\/css\">#hoverbox-block_44f038aef83be2acdf485ff0b34024c6{background-image: url(\"https:\/\/tcki.nl\/wp-content\/uploads\/2019\/01\/tcki-keramisch-1080-10.jpg\");}<\/style><\/div>\n\n\n\n<div class=\"wp-block-column is-layout-flow wp-block-column-is-layout-flow\"><div class=\"hoverbox \" id=\"hoverbox-block_1d13966f3683aa4eb5ea8a346bae660f\"><div class=\"desc\"><\/div><\/div><style type=\"text\/css\">#hoverbox-block_1d13966f3683aa4eb5ea8a346bae660f{background-image: url(\"https:\/\/tcki.nl\/wp-content\/uploads\/2019\/01\/tcki-keramisch-1920-11.jpg\");}<\/style><\/div>\n<\/div>\n\n\n<script type=\"text\/javascript\">(function($) {$( \".breadcrumb\" ).remove();})(jQuery);<\/script><div class=\"breadcrumb\"><span class=\"breadcrumb-link-wrap\"><a class=\"breadcrumb-link\" href=\"https:\/\/tcki.nl\/de\/\"><span class=\"breadcrumb-link-text-wrap\">Start<\/span><\/a><meta ><\/span><\/div>\n\n<script type=\"text\/javascript\">(function($) {$( \".breadcrumb\" ).remove();})(jQuery);<\/script><div class=\"breadcrumb\"><span class=\"breadcrumb-link-wrap\"><a class=\"breadcrumb-link\" href=\"https:\/\/tcki.nl\/de\/\"><span class=\"breadcrumb-link-text-wrap\">Start<\/span><\/a><meta ><\/span><\/div>\n\n\n<div class=\"wp-block-columns has-2-columns two-one is-layout-flex wp-container-core-columns-is-layout-9d6595d7 wp-block-columns-is-layout-flex\">\n<div class=\"wp-block-column is-layout-flow wp-block-column-is-layout-flow\">\n<h2 class=\"wp-block-heading\">Pr\u00fcfen von keramischen Rohstoffen.<\/h2>\n\n\n\n<p><strong>In der Rohstoffrezeptur befinden sich in der Regel Ton, Sand und Zuschlagstoffe. Tonmineralien bewirken Plastizit\u00e4t und Verdichtung\/Dauerhafteigenschaften bei einem Brennprozess mit hohen Temperaturen.<\/strong><\/p>\n\n\n\n<p>Sand und einige andere Zuschlagstoffe sorgen f\u00fcr eine Vermagerung der Masse, wodurch die nass geformten Produkte besser getrocknet und gebrannt werden k\u00f6nnen.<\/p>\n\n\n\n<p>Zuschlagstoffe werden eingesetzt, um beispielsweise die Farbe des gebrannten Produkts anpassen zu k\u00f6nnen, oder es werden Engoben und Glasuren bei der Oberfl\u00e4chenbearbeitung von Produkten verwendet.<\/p>\n\n\n\n<p>Um einen Einblick in das zu erwartende Verhalten von Ton oder Tonrezepturen zu erhalten, bestimmen wir beispielsweise die Korngr\u00f6\u00dfenverteilung, die chemische Zusammensetzung oder das thermische Verhalten.<\/p>\n\n\n\n<h2 class=\"wp-block-heading\">Korngr\u00f6\u00dfenverteilung.<\/h2>\n\n\n\n<p>Um Einblicke in das zu erwartende Formgebungs-, Trocknungs- und Brennverhalten von Tonrohstoffen zu erhalten, ist die Korngr\u00f6\u00dfenverteilung sehr wichtig. Dabei handelt es sich um Teilchen in einer Masse, die mit Hilfe von Sieben herausgefiltert werden k\u00f6nnen und Teilchen, deren Gr\u00f6\u00dfe aufgrund ihrer Sedimentationsgeschwindigkeit in Wasser bestimmt werden.<\/p>\n\n\n\n<p>Auf diese Weise wird eine Korngr\u00f6\u00dfenverteilung auf beispielsweise 45, 63,125, 250 Mikrometer und 0,5, 1, 2 und 4 Millimeter vorgenommen. Bei der Sedimentationsanalyse belaufen sich die Korngr\u00f6\u00dfen auf 2, 10 oder 16 Mikrometer. Die Fraktion kleiner als 10 Mikrometer wird in der keramischen Industrie mit Lehmfraktion bezeichnet.<\/p>\n\n\n\n<p>TCKI setzt hierzu eine einzigartige Analysemethode ein, die weitestgehend automatisiert ist und wobei qualitativ sicher und zuverl\u00e4ssig eine gro\u00dfe Menge an Rohstoffen analysiert wird.<\/p>\n\n\n\n<h2 class=\"wp-block-heading\">Chemische und mineralogische Zusammensetzung.<\/h2>\n\n\n\n<p>Die chemische Zusammensetzung von Tonrohstoffen gibt Aufschluss \u00fcber die Mineralarten, die sich im Rohstoff befinden. Unsere Messtechniken erlauben die Mengenermittlung eines einzelnen chemischen Elements, aber auch die vieler chemischer Elemente gleichzeitig. Diese chemischen Elemente k\u00f6nnen sich sowohl in Feststoffen als auch in wasserl\u00f6slichen Verbindungen und Salzen befinden.<\/p>\n\n\n\n<p>Eingesetzt wird ein breites Spektrum an Messtechniken und chemischen Analysemessger\u00e4ten, u. a. R\u00f6ntgenfluoreszenzspektrometer (RFA), R\u00f6ntgendiffraktometer (XRD), Atomemissionsspektrometer mit induktiv gekoppeltem Plasma (ICP-OES), TOC-Kohlenstoffmessger\u00e4te, Ionenchromatograph (IC) sowie ionenselektive und potentiometrische Messger\u00e4te.<\/p>\n\n\n\n<h2 class=\"wp-block-heading\">Thermische Analysen.<\/h2>\n\n\n\n<p>Thermische Analysen geben Aufschluss \u00fcber das Ausdehnungs- oder Schrumpfverhalten eines Materials, wenn dieses erhitzt oder gek\u00fchlt wird. Gemessen wird das mit einem Kontaktdilatometer oder einem optischen Dilatometer.<\/p>\n\n\n\n<p>Des Weiteren verf\u00fcgen wir \u00fcber einen optischen Flexmesser, mit dem Durchbiegungsverhalten (thermische Stabilit\u00e4t) als Funktion der Temperatur oder die Schub- und Zugkr\u00e4fte, die bei einem Zwei- oder Mehrschichtsystem auftreten (beispielsweise Glasuren auf einer Tonoberfl\u00e4che) festgestellt werden k\u00f6nnen.<\/p>\n\n\n\n<p>Mit thermogravimetrischer Analyse (TGA) stellt man die Gewichtsverringerung eines Materials durch Ausbrennen von Stoffen als Funktion der Temperatur fest. Zur Feststellung der endothermen und exothermen Reaktionen bei Temperaturerh\u00f6hung wenden wir das Verfahren der dynamischen Differenzkalorimetrie (DSC) an.<\/p>\n<\/div>\n\n\n\n<div class=\"wp-block-column is-layout-flow wp-block-column-is-layout-flow\"><div class=\"person\"><h3>Wir helfen Ihnen gerne weiter.<\/h3><img decoding=\"async\" src=\"https:\/\/tcki.nl\/wp-content\/uploads\/2019\/01\/tcki-ronny-lugtenberg-1920-320x170.jpg\" \/><h4>dr. ir. Ronny Lugtenberg<\/h4><span class=\"line\">Direktor<\/span><a class=\"line\" href=\"tel:\"><\/a><a class=\"line last\" href=\"mailto:\"><\/a><\/div>\n\n<div class=\"person\"><img decoding=\"async\" src=\"https:\/\/tcki.nl\/wp-content\/uploads\/2019\/01\/tcki-stan-aben-1920-320x170.jpg\" \/><h4>Stan Aben MSc<\/h4><span class=\"line\">Abteilungsleiter Technologie<\/span><a class=\"line\" href=\"tel:\"><\/a><a class=\"line last\" href=\"mailto:\"><\/a><\/div>\n\n<div class=\"person\"><img decoding=\"async\" src=\"https:\/\/tcki.nl\/wp-content\/uploads\/2019\/01\/tcki-edwin-van-ommeren-1920-320x170.jpg\" \/><h4>ing. Edwin van Ommeren<\/h4><span class=\"line\">Berater<\/span><a class=\"line\" href=\"tel:\"><\/a><a class=\"line last\" href=\"mailto:\"><\/a><\/div>\n\n\n<p>Wenn Sie mehr \u00fcber die M\u00f6glichkeiten unseres Labors erfahren m\u00f6chten, k\u00f6nnen Sie hier per\u00a0<a href=\"https:\/\/tcki.nl\/de\/downloads\/\">Mausklick unseren Laborprospekt herunterladen<\/a>.<\/p>\n\n\n\n<p>F\u00fcr eine aktuelle Liste der ISO\/IEC 17025 akkreditierten Aktivit\u00e4ten,&nbsp;<a rel=\"noreferrer noopener\" href=\"https:\/\/www.rva.nl\/en\/scopes\/details\/L254\" target=\"_blank\">folgen Sie diesem Link<\/a>.<\/p>\n\n\n\n<p><\/p>\n<\/div>\n<\/div>\n\n\n\n<p><\/p>\n","protected":false},"excerpt":{"rendered":"<p>Pr\u00fcfen von keramischen Rohstoffen. In der Rohstoffrezeptur befinden sich in der Regel Ton, Sand und Zuschlagstoffe. Tonmineralien bewirken Plastizit\u00e4t und Verdichtung\/Dauerhafteigenschaften bei einem Brennprozess mit hohen Temperaturen. Sand und einige andere Zuschlagstoffe sorgen f\u00fcr eine Vermagerung der Masse, wodurch die nass geformten Produkte besser getrocknet und gebrannt werden k\u00f6nnen. Zuschlagstoffe werden eingesetzt, um beispielsweise die [&hellip;]<\/p>\n","protected":false},"author":6,"featured_media":0,"parent":0,"menu_order":0,"comment_status":"closed","ping_status":"closed","template":"","meta":{"_acf_changed":false,"_genesis_hide_title":false,"_genesis_hide_breadcrumbs":false,"_genesis_hide_singular_image":false,"_genesis_hide_footer_widgets":false,"_genesis_custom_body_class":"","_genesis_custom_post_class":"","_genesis_layout":"","footnotes":""},"class_list":{"0":"post-6640","1":"page","2":"type-page","3":"status-publish","5":"entry"},"acf":[],"yoast_head":"<!-- This site is optimized with the Yoast SEO plugin v27.0 - https:\/\/yoast.com\/product\/yoast-seo-wordpress\/ -->\n<title>Pr\u00fcfungen von keramischen Rohstoffen - TCKI<\/title>\n<meta name=\"robots\" content=\"index, follow, max-snippet:-1, max-image-preview:large, max-video-preview:-1\" \/>\n<link rel=\"canonical\" href=\"https:\/\/tcki.nl\/de\/pruefungen-von-keramischen-rohstoffen\/\" \/>\n<meta property=\"og:locale\" content=\"de_DE\" \/>\n<meta property=\"og:type\" content=\"article\" \/>\n<meta property=\"og:title\" content=\"Pr\u00fcfungen von keramischen Rohstoffen - TCKI\" \/>\n<meta property=\"og:description\" content=\"Pr\u00fcfen von keramischen Rohstoffen. In der Rohstoffrezeptur befinden sich in der Regel Ton, Sand und Zuschlagstoffe. Tonmineralien bewirken Plastizit\u00e4t und Verdichtung\/Dauerhafteigenschaften bei einem Brennprozess mit hohen Temperaturen. Sand und einige andere Zuschlagstoffe sorgen f\u00fcr eine Vermagerung der Masse, wodurch die nass geformten Produkte besser getrocknet und gebrannt werden k\u00f6nnen. Zuschlagstoffe werden eingesetzt, um beispielsweise die [&hellip;]\" \/>\n<meta property=\"og:url\" content=\"https:\/\/tcki.nl\/de\/pruefungen-von-keramischen-rohstoffen\/\" \/>\n<meta property=\"og:site_name\" content=\"TCKI\" \/>\n<meta property=\"article:modified_time\" content=\"2026-01-13T10:51:12+00:00\" \/>\n<meta name=\"twitter:card\" content=\"summary_large_image\" \/>\n<meta name=\"twitter:label1\" content=\"Gesch\u00e4tzte Lesezeit\" \/>\n\t<meta name=\"twitter:data1\" content=\"3\u00a0Minuten\" \/>\n<script type=\"application\/ld+json\" class=\"yoast-schema-graph\">{\"@context\":\"https:\/\/schema.org\",\"@graph\":[{\"@type\":\"WebPage\",\"@id\":\"https:\/\/tcki.nl\/de\/pruefungen-von-keramischen-rohstoffen\/\",\"url\":\"https:\/\/tcki.nl\/de\/pruefungen-von-keramischen-rohstoffen\/\",\"name\":\"Pr\u00fcfungen von keramischen Rohstoffen - TCKI\",\"isPartOf\":{\"@id\":\"https:\/\/tcki.nl\/de\/#website\"},\"datePublished\":\"2019-01-10T10:52:29+00:00\",\"dateModified\":\"2026-01-13T10:51:12+00:00\",\"breadcrumb\":{\"@id\":\"https:\/\/tcki.nl\/de\/pruefungen-von-keramischen-rohstoffen\/#breadcrumb\"},\"inLanguage\":\"de\",\"potentialAction\":[{\"@type\":\"ReadAction\",\"target\":[\"https:\/\/tcki.nl\/de\/pruefungen-von-keramischen-rohstoffen\/\"]}]},{\"@type\":\"BreadcrumbList\",\"@id\":\"https:\/\/tcki.nl\/de\/pruefungen-von-keramischen-rohstoffen\/#breadcrumb\",\"itemListElement\":[{\"@type\":\"ListItem\",\"position\":1,\"name\":\"Home\",\"item\":\"https:\/\/tcki.nl\/de\/\"},{\"@type\":\"ListItem\",\"position\":2,\"name\":\"Pr\u00fcfungen von keramischen Rohstoffen\"}]},{\"@type\":\"WebSite\",\"@id\":\"https:\/\/tcki.nl\/de\/#website\",\"url\":\"https:\/\/tcki.nl\/de\/\",\"name\":\"TCKI\",\"description\":\"\",\"potentialAction\":[{\"@type\":\"SearchAction\",\"target\":{\"@type\":\"EntryPoint\",\"urlTemplate\":\"https:\/\/tcki.nl\/de\/?s={search_term_string}\"},\"query-input\":{\"@type\":\"PropertyValueSpecification\",\"valueRequired\":true,\"valueName\":\"search_term_string\"}}],\"inLanguage\":\"de\"}]}<\/script>\n<!-- \/ Yoast SEO plugin. -->","yoast_head_json":{"title":"Pr\u00fcfungen von keramischen Rohstoffen - TCKI","robots":{"index":"index","follow":"follow","max-snippet":"max-snippet:-1","max-image-preview":"max-image-preview:large","max-video-preview":"max-video-preview:-1"},"canonical":"https:\/\/tcki.nl\/de\/pruefungen-von-keramischen-rohstoffen\/","og_locale":"de_DE","og_type":"article","og_title":"Pr\u00fcfungen von keramischen Rohstoffen - TCKI","og_description":"Pr\u00fcfen von keramischen Rohstoffen. In der Rohstoffrezeptur befinden sich in der Regel Ton, Sand und Zuschlagstoffe. Tonmineralien bewirken Plastizit\u00e4t und Verdichtung\/Dauerhafteigenschaften bei einem Brennprozess mit hohen Temperaturen. Sand und einige andere Zuschlagstoffe sorgen f\u00fcr eine Vermagerung der Masse, wodurch die nass geformten Produkte besser getrocknet und gebrannt werden k\u00f6nnen. Zuschlagstoffe werden eingesetzt, um beispielsweise die [&hellip;]","og_url":"https:\/\/tcki.nl\/de\/pruefungen-von-keramischen-rohstoffen\/","og_site_name":"TCKI","article_modified_time":"2026-01-13T10:51:12+00:00","twitter_card":"summary_large_image","twitter_misc":{"Gesch\u00e4tzte Lesezeit":"3\u00a0Minuten"},"schema":{"@context":"https:\/\/schema.org","@graph":[{"@type":"WebPage","@id":"https:\/\/tcki.nl\/de\/pruefungen-von-keramischen-rohstoffen\/","url":"https:\/\/tcki.nl\/de\/pruefungen-von-keramischen-rohstoffen\/","name":"Pr\u00fcfungen von keramischen Rohstoffen - TCKI","isPartOf":{"@id":"https:\/\/tcki.nl\/de\/#website"},"datePublished":"2019-01-10T10:52:29+00:00","dateModified":"2026-01-13T10:51:12+00:00","breadcrumb":{"@id":"https:\/\/tcki.nl\/de\/pruefungen-von-keramischen-rohstoffen\/#breadcrumb"},"inLanguage":"de","potentialAction":[{"@type":"ReadAction","target":["https:\/\/tcki.nl\/de\/pruefungen-von-keramischen-rohstoffen\/"]}]},{"@type":"BreadcrumbList","@id":"https:\/\/tcki.nl\/de\/pruefungen-von-keramischen-rohstoffen\/#breadcrumb","itemListElement":[{"@type":"ListItem","position":1,"name":"Home","item":"https:\/\/tcki.nl\/de\/"},{"@type":"ListItem","position":2,"name":"Pr\u00fcfungen von keramischen Rohstoffen"}]},{"@type":"WebSite","@id":"https:\/\/tcki.nl\/de\/#website","url":"https:\/\/tcki.nl\/de\/","name":"TCKI","description":"","potentialAction":[{"@type":"SearchAction","target":{"@type":"EntryPoint","urlTemplate":"https:\/\/tcki.nl\/de\/?s={search_term_string}"},"query-input":{"@type":"PropertyValueSpecification","valueRequired":true,"valueName":"search_term_string"}}],"inLanguage":"de"}]}},"_links":{"self":[{"href":"https:\/\/tcki.nl\/de\/wp-json\/wp\/v2\/pages\/6640","targetHints":{"allow":["GET"]}}],"collection":[{"href":"https:\/\/tcki.nl\/de\/wp-json\/wp\/v2\/pages"}],"about":[{"href":"https:\/\/tcki.nl\/de\/wp-json\/wp\/v2\/types\/page"}],"author":[{"embeddable":true,"href":"https:\/\/tcki.nl\/de\/wp-json\/wp\/v2\/users\/6"}],"replies":[{"embeddable":true,"href":"https:\/\/tcki.nl\/de\/wp-json\/wp\/v2\/comments?post=6640"}],"version-history":[{"count":2,"href":"https:\/\/tcki.nl\/de\/wp-json\/wp\/v2\/pages\/6640\/revisions"}],"predecessor-version":[{"id":12931,"href":"https:\/\/tcki.nl\/de\/wp-json\/wp\/v2\/pages\/6640\/revisions\/12931"}],"wp:attachment":[{"href":"https:\/\/tcki.nl\/de\/wp-json\/wp\/v2\/media?parent=6640"}],"curies":[{"name":"wp","href":"https:\/\/api.w.org\/{rel}","templated":true}]}}