{"id":6649,"date":"2019-01-10T11:04:49","date_gmt":"2019-01-10T11:04:49","guid":{"rendered":"http:\/\/tcki.wpxsite.nl\/keramische-procestechnologie\/"},"modified":"2019-02-07T15:58:51","modified_gmt":"2019-02-07T15:58:51","slug":"keramische-verfahrenstechnologie","status":"publish","type":"page","link":"https:\/\/tcki.nl\/de\/keramische-verfahrenstechnologie\/","title":{"rendered":"Keramische Verfahrenstechnologie"},"content":{"rendered":"\n<div class=\"wp-block-columns alignwide has-2-columns two-one is-layout-flex wp-container-core-columns-is-layout-9d6595d7 wp-block-columns-is-layout-flex\">\n<div class=\"wp-block-column is-layout-flow wp-block-column-is-layout-flow\"><div class=\"hoverbox \" id=\"hoverbox-block_5c3c66c1324f0\"><div class=\"desc\"><\/div><\/div><style type=\"text\/css\">#hoverbox-block_5c3c66c1324f0{background-image: url(\"https:\/\/tcki.nl\/wp-content\/uploads\/2019\/01\/tcki-keramisch-1920-18.jpg\");}<\/style><\/div>\n\n\n\n<div class=\"wp-block-column is-layout-flow wp-block-column-is-layout-flow\"><div class=\"hoverbox \" id=\"hoverbox-block_5c3c66c8324f1\"><div class=\"desc\"><\/div><\/div><style type=\"text\/css\">#hoverbox-block_5c3c66c8324f1{background-image: url(\"https:\/\/tcki.nl\/wp-content\/uploads\/2019\/01\/tcki-keramisch-1080-20.jpg\");}<\/style><\/div>\n<\/div>\n\n\n\n<div class=\"wp-block-columns alignwide has-2-columns one-two is-layout-flex wp-container-core-columns-is-layout-9d6595d7 wp-block-columns-is-layout-flex\">\n<div class=\"wp-block-column is-layout-flow wp-block-column-is-layout-flow\"><div class=\"hoverbox \" id=\"hoverbox-block_5c3c6848324f2\"><div class=\"desc\"><\/div><\/div><style type=\"text\/css\">#hoverbox-block_5c3c6848324f2{background-image: url(\"https:\/\/tcki.nl\/wp-content\/uploads\/2019\/01\/tcki-keramisch-1080-17.jpg\");}<\/style><\/div>\n\n\n\n<div class=\"wp-block-column is-layout-flow wp-block-column-is-layout-flow\"><div class=\"hoverbox \" id=\"hoverbox-block_5c3c684b324f3\"><div class=\"desc\"><\/div><\/div><style type=\"text\/css\">#hoverbox-block_5c3c684b324f3{background-image: url(\"https:\/\/tcki.nl\/wp-content\/uploads\/2019\/01\/tcki-keramisch-1920-21.jpg\");}<\/style><\/div>\n<\/div>\n\n\n<script type=\"text\/javascript\">(function($) {$( \".breadcrumb\" ).remove();})(jQuery);<\/script><div class=\"breadcrumb\"><span class=\"breadcrumb-link-wrap\"><a class=\"breadcrumb-link\" href=\"https:\/\/tcki.nl\/de\/\"><span class=\"breadcrumb-link-text-wrap\">Start<\/span><\/a><meta ><\/span><\/div>\n\n\n<div class=\"wp-block-columns has-2-columns two-one is-layout-flex wp-container-core-columns-is-layout-9d6595d7 wp-block-columns-is-layout-flex\">\n<div class=\"wp-block-column is-layout-flow wp-block-column-is-layout-flow\">\n<h2 class=\"wp-block-heading\">Keramische Verfahrenstechnologie.<\/h2>\n\n\n\n<p><strong>Bereits seit 1956 sammelt TCKI Erfahrungen und Kenntnisse im keramischen Produktionsprozess. Zahlreiche Unternehmen konnten dank unserer Empfehlungen Ihre Prozesse signifikant optimieren. Die Prozesse von Rohstoffvorbereitung, Formgebung, Trocknen und Brennen von keramischen Formlingen m\u00fcssen unabh\u00e4ngig von einander stets tadellos verlaufen. Verbunden mit Produktion und Produktqualit\u00e4t m\u00fcssen sie au\u00dferdem optimal aufeinander abgestimmt werden.<\/strong><\/p>\n\n\n\n<p>Selbstverst\u00e4ndlich k\u00f6nnen wir unser Fachwissen.<br>Auch in anderen Produktionsprozessen<br>mit \u00e4hnlichen Merkmalen einsetzen.<\/p>\n\n\n\n<h2 class=\"wp-block-heading\">Mischen von Ton und Sand.<\/h2>\n\n\n\n<p>Beim Mischen von Ton mit Sand oder anderen Zuschlagstoffen ist es schwierig, eine homogene Masse zu erhalten. TCKI ber\u00e4t Unternehmen innerhalb und au\u00dferhalb der keramischen Industrie beim Handling von Ton, Sand und anderen Sch\u00fcttg\u00fctern in Rohstoffvorbereitungsanlagen.<\/p>\n\n\n\n<p>Zum Mischen von Ton, Sand und anderen Zuschlagstoffen sind verschiedene Anlagen mit unterschiedlichen Eigenschaften auf dem Markt. Wir leisten unter Ber\u00fccksichtigung<\/p>\n\n\n\n<ul class=\"wp-block-list\"><li><strong>Der Stundenkapazit\u00e4t<\/strong><\/li><li><strong>Der Materialkonsistenz<\/strong><\/li><li><strong>Des Verschmutzungsgrads<\/strong><\/li><li><strong>Des Fl\u00fcssigkeitsgehalts<\/strong><\/li><li><strong>Der Korngr\u00f6\u00dfe<\/strong><\/li><li><strong>Der Notwendigkeit zum Zerkleinern, Mischen und Puffern<\/strong><\/li><\/ul>\n\n\n\n<p>Eine Beratung zu einer Maschine, die am besten zu Ihrer firmenspezifischen Situation passt. Auf Basis der Rohstoffzusammensetzung empfehlen wir, welche Maschinen den optimalsten Nutzungsgrad und Energieverbrauch haben. TCKI verf\u00fcgt \u00fcber hochwertige Messmethoden zur zuverl\u00e4ssigen Quantifizierung der Mischfunktion der unterschiedlichen Arten von Rohstoffvorbereitungsmaschinen.<\/p>\n\n\n\n<p>Bei dieser Vorgehensweise wird das Knowhow des Labors, der Messgruppe, des Zeichenb\u00fcros und der Beratungsgruppe von TCKI kombiniert. Auch andere Sektoren \u2013 au\u00dferhalb der keramischen Industrie \u2013 k\u00f6nnen unser spezialistisches Fachwissen \u00fcber Mischprozesse in Anspruch nehmen.<\/p>\n\n\n\n<h2 class=\"wp-block-heading\">Formgebungsverhalten von Ton.<\/h2>\n\n\n\n<p>Das Formgebungsverhalten von Ton kann mit Hilfe einiger Laboranalysen eines Rohstoffs charakterisiert werden. Dank unserer jahrelangen Erfahrung sind wir in der Lage, f\u00fcr jeden Rohstoff und jede Rohstoffrezeptur festzustellen, welche Formungsmethoden sich f\u00fcr die Quantit\u00e4t und Qualit\u00e4t der Produkte eignen, die man zu erhalten w\u00fcnscht.<\/p>\n\n\n\n<p>In entsprechenden F\u00e4llen formulieren wir Empfehlungen dazu, auf welche Weise das Formungsverhalten beeinflusst oder verbessert werden kann.<\/p>\n\n\n\n<h2 class=\"wp-block-heading\">Formgebung von Ton.<\/h2>\n\n\n\n<p>Bei dieser Vorgehensweise wird das Fachwissen des Labors, der Messgruppe, des Zeichenb\u00fcros und der Beratungsgruppe von TCKI kombiniert.<\/p>\n\n\n\n<p>Auch andere Sektoren \u2013 au\u00dferhalb der keramischen Industrie \u2013 k\u00f6nnen unser spezialistisches Fachwissen \u00fcber Formgebungsprozesse in Anspruch nehmen.<\/p>\n\n\n\n<h2 class=\"wp-block-heading\">Trocknen von Ton.<\/h2>\n\n\n\n<p>TCKI verf\u00fcgt \u00fcber Expertise im Bereich des schadensfreien Trocknens vieler Produktarten, insbesondere innerhalb der keramischen Industrie. Unsere gro\u00dfe Sachkenntnis auf dem Gebiet von Trocknungsprozessen kann ebenfalls in anderen Sektoren Anwendung finden.<\/p>\n\n\n\n<p>Das schadensfreie und energieeffiziente Trocknen von keramischen Formlingen kann nur dann optimal verlaufen, wenn der Trocknungsprozess vollst\u00e4ndig kontrolliert wird. Auf Grundlage unserer Laboruntersuchungen charakterisieren wir Tone und formulieren wir eine erste Empfehlung f\u00fcr die erforderliche Vorgehensweise.<\/p>\n\n\n\n<p><strong>Messen und festlegen<\/strong><br>Mit einem Pilottrockner f\u00fchren wir Produktionstests bei Unternehmen durch. Damit legen wir das korrekte Layout, die Ausstattung und den Prozessvorgang in einem firmeneigenen Trockner fest oder empfehlen m\u00f6gliche Anpassungen. In Praxistrocknern k\u00f6nnen die atmosph\u00e4rischen Verh\u00e4ltnisse und physikalischen Parameter der Produkte w\u00e4hrend des Trocknungsprozesses gemessen und festgehalten werden.<\/p>\n\n\n\n<h2 class=\"wp-block-heading\">Brennen von Ton.<\/h2>\n\n\n\n<p>Keramik bildet ihre guten Eigenschaften beim Brennprozess, bei dem die Produkte unter bestimmten atmosph\u00e4rischen Verh\u00e4ltnissen und bei hohen Temperaturen zum Sintern gebracht werden.<\/p>\n\n\n\n<p>Das Fachwissen zum Brennen von tonhaltigen Rohstoffen zu keramischen Produkten ist eine der Kernkompetenzen von TCKI. Grundlage f\u00fcr diese Kenntnisse ist die jahrelange Erfahrung mit der Analyse von Rohstoffen, dem Heizen in einem Laborgasofen, Messungen der Atmosph\u00e4re, Brennkurven, Energie- und Massenbilanzen und die Qualit\u00e4tsbeurteilung von gebrannten Produkten.<\/p>\n\n\n\n<p>Dieses Fachwissen bildet die Basis f\u00fcr die Beratung von Unternehmen in Hinsicht auf Entwurf und Optimierung von \u00d6fen, den Heiz- und Atmosph\u00e4renverlauf und den Rauchgas- und Lufthaushalt.<\/p>\n\n\n\n<p>Auch f\u00fcr andere Sektoren, die Heiz- und Erhitzungsverfahren anwenden, kann die integrale Vorgehensweise unseres Labors, unserer Messgruppe, unseres Zeichenb\u00fcros und unserer Beratergruppe eine zuverl\u00e4ssige und praktische Empfehlung zum Ergebnis haben.<\/p>\n\n\n\n<h2 class=\"wp-block-heading\">Formgebung von Ton.<\/h2>\n\n\n\n<p>F\u00fcr die Formgebung von Tonprodukten bestehen unterschiedliche Formgebungsmaschinen. Zu unserem Dienstleistungsangebot geh\u00f6rt die Formulierung eines Layouts der Maschinenaufstellung und einer Leistungsbeschreibung f\u00fcr Formgebungsmaschinen.<\/p>\n\n\n\n<p>Au\u00dferdem begleiten wir Projekte von der Idee bis zur Ausf\u00fchrung mit Zeichnungen, Berechnungen und Beratungen. TCKI verf\u00fcgt zudem \u00fcber Messmethoden zur Beurteilung und m\u00f6glichen Funktionsanpassung von Pressen in der keramischen Industrie.<\/p>\n\n\n\n<h2 class=\"wp-block-heading\">Handling von Rohstoffen, Halbfabrikaten<br>und keramischen Produkten.<\/h2>\n\n\n\n<p>Die keramische Industrie schaltet TCKI regelm\u00e4\u00dfig ein f\u00fcr den Entwurf und die Auswahl von Handlingmaschinen zum Transport von<\/p>\n\n\n\n<ul class=\"wp-block-list\"><li><strong>Nassen und trockenen Rohstoffen<\/strong><\/li><li><strong>Nassen, getrockneten und gebrannten Formlingen Au\u00dferdem beraten wir bei der Anschaffung von<\/strong><\/li><li><strong>Be- und Entlademaschinen von nassen und trockenen Formlingen vor und nach Trocknern<\/strong><\/li><li><strong>Be- und Entlademaschinen vor und nach \u00d6fen<\/strong><\/li><li><strong>Robotern vor und nach \u00d6fen<\/strong><\/li><li><strong>Verpackungsanlagen f\u00fcr geformte Baumaterialien<\/strong><\/li><\/ul>\n\n\n\n<p>Auf Basis der Leistungsbeschreibung k\u00f6nnen wir ein komplett neues Layout erstellen, oder wir integrieren die neuen Maschinen in bestehende Fertigungsstra\u00dfen.<\/p>\n\n\n\n<p>Bei dieser Vorgehensweise wird das Fachwissen des Labors, der Messgruppe, des Zeichenb\u00fcros und der Beratungsgruppe von TCKI kombiniert.<\/p>\n\n\n\n<p>Auch andere Sektoren \u2013 au\u00dferhalb der keramischen Industrie \u2013 k\u00f6nnen unser spezialistisches Knowhow \u00fcber das Handling von Produkten in Anspruch nehmen.<\/p>\n\n\n\n<h2 class=\"wp-block-heading\">Rauchgasreinigung.<\/h2>\n\n\n\n<p>TCKI nimmt vom niederl\u00e4ndischen Akkreditierungsinstitut RvA akkreditierte Rauchgasmessungen vor, die als Grundlage f\u00fcr beh\u00f6rdliche Umweltgenehmigungen anerkannt sind. Unsere qualifizierten Messtechniker verf\u00fcgen \u00fcber einen TCKI-Messwagen, der exakte und zuverl\u00e4ssige Konzentrationswerte von Emissionen festlegt. Gemessen werden Konzentrationen von:<\/p>\n\n\n\n<ul class=\"wp-block-list\"><li><strong>Sauerstoff<\/strong><\/li><li><strong>Kohlenmonoxid<\/strong><\/li><li><strong>Chloriden<\/strong><\/li><li><strong>Stickstoffoxiden<\/strong><\/li><li><strong>Gesamtstaub<\/strong><\/li><li><strong>Kohlendioxid<\/strong><\/li><li><strong>Fluoriden<\/strong><\/li><li><strong>Schwefeloxiden<\/strong><\/li><li><strong>Kohlenwasserstoffen<\/strong><\/li><li><strong>Feinstaub<\/strong><\/li><\/ul>\n\n\n\n<p><strong>Auch andere Komponenten k\u00f6nnen auf Wunsch gemessen werden.<\/strong><br>\u00dcberschreiten die Emissionen von Rauchgaskomponenten die angegebenen Grenzwerte, k\u00f6nnen wir im Namen des Auftraggebers eine Leistungsbeschreibung f\u00fcr Rauchgasreinigung anfertigen, Offerten einholen und vergleichen, die Implementierung einer neuen Anlage begleiten und bei der Aufstellung der Anlage eine Abnahmemessung vornehmen.<\/p>\n\n\n\n<p>Bei dieser Vorgehensweise wird das Fachwissen des Labors, der Messgruppe, des Zeichenb\u00fcros und der Beratungsgruppe von TCKI kombiniert.<\/p>\n\n\n\n<h2 class=\"wp-block-heading\">Engineering.<\/h2>\n\n\n\n<p>TCKI f\u00fchrt innerhalb der keramischen Industrie das Engineering und das Genehmigungsverfahren vom Antrag bis zur Ausf\u00fchrung von kompletten Produktionsbetrieben oder Teilen davon aus. Einvernehmlich mit dem Auftraggeber entwerfen, begleiten und helfen wir bei der Realisierung des gesamten Verfahrens.<\/p>\n\n\n\n<p>Zun\u00e4chst wird in Labortests festgestellt, welche Tonvorbereitung, Formgebung und welche Trocken- und Brennverfahren erforderlich sind, um die gew\u00fcnschten Produkte herstellen zu k\u00f6nnen. Auf der Grundlage der Rohstoffrezeptur und der Produktdefinition erstellen wir das technische Layout.<\/p>\n\n\n\n<p>Weitere Dienstleistungen, die wir Ihnen bieten:<\/p>\n\n\n\n<ul class=\"wp-block-list\"><li><strong>Leistungsanforderung f\u00fcr Zulieferer formulieren<\/strong><\/li><li><strong>Verschiedene Offerten anfordern, vergleichen und durchsprechen<\/strong><\/li><li><strong>Erforderliche Genehmigungen auf Basis von zu erwartender Emissionen, Computermodellen und Zeichnungen und Beschreibungen anfordern<\/strong><\/li><li><strong>Berechnungen und Zeichnungen f\u00fcr Baugenehmigungen erstellen und einreichen<\/strong><\/li><li><strong>Auf Grundlage einer gr\u00fcndlichen Bewertung von Detailzeichnungen, Berechnungen und Offerten Auftr\u00e4ge erteilen und Projektplanung erstellen<\/strong><\/li><li><strong>unabh\u00e4ngige Kommunikation mit verschiedenen Zulieferern sowie<\/strong><\/li><li><strong>Projektbegleitung und vereinbarungsgem\u00e4\u00dfe Abnahme des Projekts<\/strong><\/li><\/ul>\n\n\n\n<p>TCKI ist in der Lage, alle erforderlichen Projektaufgaben zentral vorzunehmen und zu begleiten und sorgt auf diese Weise f\u00fcr einen z\u00fcgigen Projektablauf.<\/p>\n\n\n\n<p>Bei dieser Vorgehensweise wird das Fachwissen des Labors, der Messgruppe, des Zeichenb\u00fcros und der Beratungsgruppe von TCKI kombiniert. Auch andere Sektoren \u2013 au\u00dferhalb der keramischen Industrie \u2013 k\u00f6nnen unser spezialistisches Fachwissen \u00fcber komplette Engineeringsprojekte bei Produktionsprozessen in Anspruch nehmen.<\/p>\n<\/div>\n\n\n\n<div class=\"wp-block-column is-layout-flow wp-block-column-is-layout-flow\"><div class=\"person\"><h3>Wir helfen Ihnen gerne weiter.<\/h3><img decoding=\"async\" src=\"https:\/\/tcki.nl\/wp-content\/uploads\/2019\/01\/tcki-rob-mentink-1920-320x170.jpg\" \/><h4>ing. Rob Mentink<\/h4><span class=\"line\">Abteilungsleiter Technik<\/span><a class=\"line\" href=\"tel:\"><\/a><a class=\"line last\" href=\"mailto:\"><\/a><\/div><\/div>\n<\/div>\n\n\n\n<p><br><\/p>\n\n\n\n<div class=\"wp-block-columns has-3-columns is-layout-flex wp-container-core-columns-is-layout-9d6595d7 wp-block-columns-is-layout-flex\">\n<div class=\"wp-block-column is-layout-flow wp-block-column-is-layout-flow\"><div class=\"hoverbox \" id=\"hoverbox-block_5c3c69d4324f8\"><div class=\"desc\"><\/div><\/div><style type=\"text\/css\">#hoverbox-block_5c3c69d4324f8{background-image: url(\"https:\/\/tcki.nl\/wp-content\/uploads\/2019\/01\/tcki-keramisch-1080-10.jpg\");}<\/style><\/div>\n\n\n\n<div class=\"wp-block-column is-layout-flow wp-block-column-is-layout-flow\"><div class=\"hoverbox \" id=\"hoverbox-block_5c3c69e9324f9\"><div class=\"desc\"><\/div><\/div><style type=\"text\/css\">#hoverbox-block_5c3c69e9324f9{background-image: url(\"https:\/\/tcki.nl\/wp-content\/uploads\/2019\/01\/tcki-keramisch-1080-15.jpg\");}<\/style><\/div>\n\n\n\n<div class=\"wp-block-column is-layout-flow wp-block-column-is-layout-flow\"><div class=\"hoverbox \" id=\"hoverbox-block_5c3c69ef324fa\"><div class=\"desc\"><\/div><\/div><style type=\"text\/css\">#hoverbox-block_5c3c69ef324fa{background-image: url(\"https:\/\/tcki.nl\/wp-content\/uploads\/2019\/01\/tcki-keramisch-1080-12.jpg\");}<\/style><\/div>\n<\/div>\n","protected":false},"excerpt":{"rendered":"<p>Keramische Verfahrenstechnologie. Bereits seit 1956 sammelt TCKI Erfahrungen und Kenntnisse im keramischen Produktionsprozess. Zahlreiche Unternehmen konnten dank unserer Empfehlungen Ihre Prozesse signifikant optimieren. Die Prozesse von Rohstoffvorbereitung, Formgebung, Trocknen und Brennen von keramischen Formlingen m\u00fcssen unabh\u00e4ngig von einander stets tadellos verlaufen. Verbunden mit Produktion und Produktqualit\u00e4t m\u00fcssen sie au\u00dferdem optimal aufeinander abgestimmt werden. Selbstverst\u00e4ndlich k\u00f6nnen [&hellip;]<\/p>\n","protected":false},"author":6,"featured_media":0,"parent":0,"menu_order":0,"comment_status":"closed","ping_status":"closed","template":"","meta":{"_acf_changed":false,"_genesis_hide_title":false,"_genesis_hide_breadcrumbs":false,"_genesis_hide_singular_image":false,"_genesis_hide_footer_widgets":false,"_genesis_custom_body_class":"","_genesis_custom_post_class":"","_genesis_layout":"","footnotes":""},"class_list":{"0":"post-6649","1":"page","2":"type-page","3":"status-publish","5":"entry"},"acf":[],"yoast_head":"<!-- This site is optimized with the Yoast SEO plugin v27.4 - https:\/\/yoast.com\/product\/yoast-seo-wordpress\/ -->\n<title>Keramische Verfahrenstechnologie - TCKI<\/title>\n<meta name=\"robots\" content=\"index, follow, max-snippet:-1, max-image-preview:large, max-video-preview:-1\" \/>\n<link rel=\"canonical\" href=\"https:\/\/tcki.nl\/de\/keramische-verfahrenstechnologie\/\" \/>\n<meta property=\"og:locale\" content=\"de_DE\" \/>\n<meta property=\"og:type\" content=\"article\" \/>\n<meta property=\"og:title\" content=\"Keramische Verfahrenstechnologie - TCKI\" \/>\n<meta property=\"og:description\" content=\"Keramische Verfahrenstechnologie. Bereits seit 1956 sammelt TCKI Erfahrungen und Kenntnisse im keramischen Produktionsprozess. Zahlreiche Unternehmen konnten dank unserer Empfehlungen Ihre Prozesse signifikant optimieren. Die Prozesse von Rohstoffvorbereitung, Formgebung, Trocknen und Brennen von keramischen Formlingen m\u00fcssen unabh\u00e4ngig von einander stets tadellos verlaufen. Verbunden mit Produktion und Produktqualit\u00e4t m\u00fcssen sie au\u00dferdem optimal aufeinander abgestimmt werden. Selbstverst\u00e4ndlich k\u00f6nnen [&hellip;]\" \/>\n<meta property=\"og:url\" content=\"https:\/\/tcki.nl\/de\/keramische-verfahrenstechnologie\/\" \/>\n<meta property=\"og:site_name\" content=\"TCKI\" \/>\n<meta property=\"article:modified_time\" content=\"2019-02-07T15:58:51+00:00\" \/>\n<meta name=\"twitter:card\" content=\"summary_large_image\" \/>\n<meta name=\"twitter:label1\" content=\"Gesch\u00e4tzte Lesezeit\" \/>\n\t<meta name=\"twitter:data1\" content=\"6\u00a0Minuten\" \/>\n<script type=\"application\/ld+json\" class=\"yoast-schema-graph\">{\"@context\":\"https:\\\/\\\/schema.org\",\"@graph\":[{\"@type\":\"WebPage\",\"@id\":\"https:\\\/\\\/tcki.nl\\\/de\\\/keramische-verfahrenstechnologie\\\/\",\"url\":\"https:\\\/\\\/tcki.nl\\\/de\\\/keramische-verfahrenstechnologie\\\/\",\"name\":\"Keramische Verfahrenstechnologie - TCKI\",\"isPartOf\":{\"@id\":\"https:\\\/\\\/tcki.nl\\\/de\\\/#website\"},\"datePublished\":\"2019-01-10T11:04:49+00:00\",\"dateModified\":\"2019-02-07T15:58:51+00:00\",\"breadcrumb\":{\"@id\":\"https:\\\/\\\/tcki.nl\\\/de\\\/keramische-verfahrenstechnologie\\\/#breadcrumb\"},\"inLanguage\":\"de\",\"potentialAction\":[{\"@type\":\"ReadAction\",\"target\":[\"https:\\\/\\\/tcki.nl\\\/de\\\/keramische-verfahrenstechnologie\\\/\"]}]},{\"@type\":\"BreadcrumbList\",\"@id\":\"https:\\\/\\\/tcki.nl\\\/de\\\/keramische-verfahrenstechnologie\\\/#breadcrumb\",\"itemListElement\":[{\"@type\":\"ListItem\",\"position\":1,\"name\":\"Home\",\"item\":\"https:\\\/\\\/tcki.nl\\\/de\\\/\"},{\"@type\":\"ListItem\",\"position\":2,\"name\":\"Keramische Verfahrenstechnologie\"}]},{\"@type\":\"WebSite\",\"@id\":\"https:\\\/\\\/tcki.nl\\\/de\\\/#website\",\"url\":\"https:\\\/\\\/tcki.nl\\\/de\\\/\",\"name\":\"TCKI\",\"description\":\"\",\"potentialAction\":[{\"@type\":\"SearchAction\",\"target\":{\"@type\":\"EntryPoint\",\"urlTemplate\":\"https:\\\/\\\/tcki.nl\\\/de\\\/?s={search_term_string}\"},\"query-input\":{\"@type\":\"PropertyValueSpecification\",\"valueRequired\":true,\"valueName\":\"search_term_string\"}}],\"inLanguage\":\"de\"}]}<\/script>\n<!-- \/ Yoast SEO plugin. -->","yoast_head_json":{"title":"Keramische Verfahrenstechnologie - TCKI","robots":{"index":"index","follow":"follow","max-snippet":"max-snippet:-1","max-image-preview":"max-image-preview:large","max-video-preview":"max-video-preview:-1"},"canonical":"https:\/\/tcki.nl\/de\/keramische-verfahrenstechnologie\/","og_locale":"de_DE","og_type":"article","og_title":"Keramische Verfahrenstechnologie - TCKI","og_description":"Keramische Verfahrenstechnologie. Bereits seit 1956 sammelt TCKI Erfahrungen und Kenntnisse im keramischen Produktionsprozess. Zahlreiche Unternehmen konnten dank unserer Empfehlungen Ihre Prozesse signifikant optimieren. Die Prozesse von Rohstoffvorbereitung, Formgebung, Trocknen und Brennen von keramischen Formlingen m\u00fcssen unabh\u00e4ngig von einander stets tadellos verlaufen. Verbunden mit Produktion und Produktqualit\u00e4t m\u00fcssen sie au\u00dferdem optimal aufeinander abgestimmt werden. Selbstverst\u00e4ndlich k\u00f6nnen [&hellip;]","og_url":"https:\/\/tcki.nl\/de\/keramische-verfahrenstechnologie\/","og_site_name":"TCKI","article_modified_time":"2019-02-07T15:58:51+00:00","twitter_card":"summary_large_image","twitter_misc":{"Gesch\u00e4tzte Lesezeit":"6\u00a0Minuten"},"schema":{"@context":"https:\/\/schema.org","@graph":[{"@type":"WebPage","@id":"https:\/\/tcki.nl\/de\/keramische-verfahrenstechnologie\/","url":"https:\/\/tcki.nl\/de\/keramische-verfahrenstechnologie\/","name":"Keramische Verfahrenstechnologie - TCKI","isPartOf":{"@id":"https:\/\/tcki.nl\/de\/#website"},"datePublished":"2019-01-10T11:04:49+00:00","dateModified":"2019-02-07T15:58:51+00:00","breadcrumb":{"@id":"https:\/\/tcki.nl\/de\/keramische-verfahrenstechnologie\/#breadcrumb"},"inLanguage":"de","potentialAction":[{"@type":"ReadAction","target":["https:\/\/tcki.nl\/de\/keramische-verfahrenstechnologie\/"]}]},{"@type":"BreadcrumbList","@id":"https:\/\/tcki.nl\/de\/keramische-verfahrenstechnologie\/#breadcrumb","itemListElement":[{"@type":"ListItem","position":1,"name":"Home","item":"https:\/\/tcki.nl\/de\/"},{"@type":"ListItem","position":2,"name":"Keramische Verfahrenstechnologie"}]},{"@type":"WebSite","@id":"https:\/\/tcki.nl\/de\/#website","url":"https:\/\/tcki.nl\/de\/","name":"TCKI","description":"","potentialAction":[{"@type":"SearchAction","target":{"@type":"EntryPoint","urlTemplate":"https:\/\/tcki.nl\/de\/?s={search_term_string}"},"query-input":{"@type":"PropertyValueSpecification","valueRequired":true,"valueName":"search_term_string"}}],"inLanguage":"de"}]}},"_links":{"self":[{"href":"https:\/\/tcki.nl\/de\/wp-json\/wp\/v2\/pages\/6649","targetHints":{"allow":["GET"]}}],"collection":[{"href":"https:\/\/tcki.nl\/de\/wp-json\/wp\/v2\/pages"}],"about":[{"href":"https:\/\/tcki.nl\/de\/wp-json\/wp\/v2\/types\/page"}],"author":[{"embeddable":true,"href":"https:\/\/tcki.nl\/de\/wp-json\/wp\/v2\/users\/6"}],"replies":[{"embeddable":true,"href":"https:\/\/tcki.nl\/de\/wp-json\/wp\/v2\/comments?post=6649"}],"version-history":[{"count":0,"href":"https:\/\/tcki.nl\/de\/wp-json\/wp\/v2\/pages\/6649\/revisions"}],"wp:attachment":[{"href":"https:\/\/tcki.nl\/de\/wp-json\/wp\/v2\/media?parent=6649"}],"curies":[{"name":"wp","href":"https:\/\/api.w.org\/{rel}","templated":true}]}}