{"id":6651,"date":"2019-01-10T12:59:02","date_gmt":"2019-01-10T12:59:02","guid":{"rendered":"http:\/\/tcki.wpxsite.nl\/keramisch-toepasbaar\/"},"modified":"2019-01-22T15:10:52","modified_gmt":"2019-01-22T15:10:52","slug":"excellence-in-ceramics","status":"publish","type":"page","link":"https:\/\/tcki.nl\/de\/excellence-in-ceramics\/","title":{"rendered":"Excellence in Ceramics"},"content":{"rendered":"\n<div class=\"wp-block-columns has-2-columns two-one is-layout-flex wp-container-core-columns-is-layout-9d6595d7 wp-block-columns-is-layout-flex\">\n<div class=\"wp-block-column is-layout-flow wp-block-column-is-layout-flow\">\n<h2 class=\"wp-block-heading\">Pr\u00fcfung von keramische Producten und Beratung.&nbsp;<br>Unternehmungslustig und innovative seit 60 Jahren.<\/h2>\n\n\n\n<p>Gemeinsam mit unserer Messgruppe und unserem Labor erstellen wir eine genaue \u00dcbersicht \u00fcber die Prozessf\u00fchrung in Ihrem Betrieb und formulieren auf Wunsch Empfehlungen zu Qualit\u00e4tsverbesserungen, Produktionsgeschwindigkeit und Kosteneinsparungen, z. B. im Energiebereich.<\/p>\n\n\n\n<p>Wir untersuchen und empfehlen u. a. in folgenden Bereichen:<\/p>\n\n\n\n<ul class=\"wp-block-list\"><li><strong>Ton\/Massenvorbereitung<\/strong><\/li><li><strong>Formgebung<\/strong><\/li><li><strong>Trocknen<\/strong><\/li><li><strong>Brennen<\/strong><\/li><li><strong>Handling von Produkten<\/strong><\/li><li><strong>Interner Transport<\/strong><\/li><li><strong>Logistik<\/strong><\/li><li><strong>Umwelt<\/strong><\/li><li><strong>Arbeitsgesundheid und Sicherheit<\/strong><\/li><\/ul>\n\n\n\n<h2 class=\"wp-block-heading\">TCKI Ihr Partner f\u00fcr die besten Produkte.<\/h2>\n\n\n\n<p>Die Zusammensetzung des Rohstoffs ist ein wesentlicher Faktor bei jedem keramischen Produktionsprozess. Unser Labor analysiert Ton, Sand und andere Zuschlagstoffe auf Korngr\u00f6\u00dfenverteilung, chemische Zusammensetzung sowie Trocknungsverhalten und thermische Eigenschaften. Aus den Ergebnissen leiten wir anschlie\u00dfend die keramische Einsatzf\u00e4higkeit ab. Die Qualit\u00e4t und die Eigenschaften der Produkte und ihre Dauerhaftigkeit werden anhand der (meistens EN- oder ISO-) genormten Pr\u00fcfmethoden bestimmt.<\/p>\n<\/div>\n\n\n\n<div class=\"wp-block-column is-layout-flow wp-block-column-is-layout-flow\">\n<p>F\u00fcr eine aktuelle Liste der ISO 17025 akkreditierten Aktivit\u00e4ten,&nbsp;<a rel=\"noreferrer noopener\" href=\"https:\/\/www.rva.nl\/en\/scopes\/details\/L254\" target=\"_blank\">folgen Sie diesem Link<\/a>.<\/p>\n<\/div>\n<\/div>\n","protected":false},"excerpt":{"rendered":"<p>Pr\u00fcfung von keramische Producten und Beratung.&nbsp;Unternehmungslustig und innovative seit 60 Jahren. Gemeinsam mit unserer Messgruppe und unserem Labor erstellen wir eine genaue \u00dcbersicht \u00fcber die Prozessf\u00fchrung in Ihrem Betrieb und formulieren auf Wunsch Empfehlungen zu Qualit\u00e4tsverbesserungen, Produktionsgeschwindigkeit und Kosteneinsparungen, z. B. im Energiebereich. Wir untersuchen und empfehlen u. a. in folgenden Bereichen: Ton\/Massenvorbereitung Formgebung Trocknen [&hellip;]<\/p>\n","protected":false},"author":6,"featured_media":0,"parent":0,"menu_order":0,"comment_status":"closed","ping_status":"closed","template":"","meta":{"_acf_changed":false,"_genesis_hide_title":false,"_genesis_hide_breadcrumbs":false,"_genesis_hide_singular_image":false,"_genesis_hide_footer_widgets":false,"_genesis_custom_body_class":"","_genesis_custom_post_class":"","_genesis_layout":"","footnotes":""},"class_list":{"0":"post-6651","1":"page","2":"type-page","3":"status-publish","5":"entry"},"acf":[],"yoast_head":"<!-- This site is optimized with the Yoast SEO plugin v27.0 - https:\/\/yoast.com\/product\/yoast-seo-wordpress\/ -->\n<title>Excellence in Ceramics - TCKI<\/title>\n<meta name=\"robots\" content=\"index, follow, max-snippet:-1, max-image-preview:large, max-video-preview:-1\" \/>\n<link rel=\"canonical\" href=\"https:\/\/tcki.nl\/de\/excellence-in-ceramics\/\" \/>\n<meta property=\"og:locale\" content=\"de_DE\" \/>\n<meta property=\"og:type\" content=\"article\" \/>\n<meta property=\"og:title\" content=\"Excellence in Ceramics - TCKI\" \/>\n<meta property=\"og:description\" content=\"Pr\u00fcfung von keramische Producten und Beratung.&nbsp;Unternehmungslustig und innovative seit 60 Jahren. Gemeinsam mit unserer Messgruppe und unserem Labor erstellen wir eine genaue \u00dcbersicht \u00fcber die Prozessf\u00fchrung in Ihrem Betrieb und formulieren auf Wunsch Empfehlungen zu Qualit\u00e4tsverbesserungen, Produktionsgeschwindigkeit und Kosteneinsparungen, z. B. im Energiebereich. Wir untersuchen und empfehlen u. a. in folgenden Bereichen: Ton\/Massenvorbereitung Formgebung Trocknen [&hellip;]\" \/>\n<meta property=\"og:url\" content=\"https:\/\/tcki.nl\/de\/excellence-in-ceramics\/\" \/>\n<meta property=\"og:site_name\" content=\"TCKI\" \/>\n<meta property=\"article:modified_time\" content=\"2019-01-22T15:10:52+00:00\" \/>\n<meta name=\"twitter:card\" content=\"summary_large_image\" \/>\n<meta name=\"twitter:label1\" content=\"Gesch\u00e4tzte Lesezeit\" \/>\n\t<meta name=\"twitter:data1\" content=\"1\u00a0Minute\" \/>\n<script type=\"application\/ld+json\" class=\"yoast-schema-graph\">{\"@context\":\"https:\/\/schema.org\",\"@graph\":[{\"@type\":\"WebPage\",\"@id\":\"https:\/\/tcki.nl\/de\/excellence-in-ceramics\/\",\"url\":\"https:\/\/tcki.nl\/de\/excellence-in-ceramics\/\",\"name\":\"Excellence in Ceramics - TCKI\",\"isPartOf\":{\"@id\":\"https:\/\/tcki.nl\/de\/#website\"},\"datePublished\":\"2019-01-10T12:59:02+00:00\",\"dateModified\":\"2019-01-22T15:10:52+00:00\",\"breadcrumb\":{\"@id\":\"https:\/\/tcki.nl\/de\/excellence-in-ceramics\/#breadcrumb\"},\"inLanguage\":\"de\",\"potentialAction\":[{\"@type\":\"ReadAction\",\"target\":[\"https:\/\/tcki.nl\/de\/excellence-in-ceramics\/\"]}]},{\"@type\":\"BreadcrumbList\",\"@id\":\"https:\/\/tcki.nl\/de\/excellence-in-ceramics\/#breadcrumb\",\"itemListElement\":[{\"@type\":\"ListItem\",\"position\":1,\"name\":\"Home\",\"item\":\"https:\/\/tcki.nl\/de\/\"},{\"@type\":\"ListItem\",\"position\":2,\"name\":\"Excellence in Ceramics\"}]},{\"@type\":\"WebSite\",\"@id\":\"https:\/\/tcki.nl\/de\/#website\",\"url\":\"https:\/\/tcki.nl\/de\/\",\"name\":\"TCKI\",\"description\":\"\",\"potentialAction\":[{\"@type\":\"SearchAction\",\"target\":{\"@type\":\"EntryPoint\",\"urlTemplate\":\"https:\/\/tcki.nl\/de\/?s={search_term_string}\"},\"query-input\":{\"@type\":\"PropertyValueSpecification\",\"valueRequired\":true,\"valueName\":\"search_term_string\"}}],\"inLanguage\":\"de\"}]}<\/script>\n<!-- \/ Yoast SEO plugin. -->","yoast_head_json":{"title":"Excellence in Ceramics - TCKI","robots":{"index":"index","follow":"follow","max-snippet":"max-snippet:-1","max-image-preview":"max-image-preview:large","max-video-preview":"max-video-preview:-1"},"canonical":"https:\/\/tcki.nl\/de\/excellence-in-ceramics\/","og_locale":"de_DE","og_type":"article","og_title":"Excellence in Ceramics - TCKI","og_description":"Pr\u00fcfung von keramische Producten und Beratung.&nbsp;Unternehmungslustig und innovative seit 60 Jahren. Gemeinsam mit unserer Messgruppe und unserem Labor erstellen wir eine genaue \u00dcbersicht \u00fcber die Prozessf\u00fchrung in Ihrem Betrieb und formulieren auf Wunsch Empfehlungen zu Qualit\u00e4tsverbesserungen, Produktionsgeschwindigkeit und Kosteneinsparungen, z. B. im Energiebereich. Wir untersuchen und empfehlen u. a. in folgenden Bereichen: Ton\/Massenvorbereitung Formgebung Trocknen [&hellip;]","og_url":"https:\/\/tcki.nl\/de\/excellence-in-ceramics\/","og_site_name":"TCKI","article_modified_time":"2019-01-22T15:10:52+00:00","twitter_card":"summary_large_image","twitter_misc":{"Gesch\u00e4tzte Lesezeit":"1\u00a0Minute"},"schema":{"@context":"https:\/\/schema.org","@graph":[{"@type":"WebPage","@id":"https:\/\/tcki.nl\/de\/excellence-in-ceramics\/","url":"https:\/\/tcki.nl\/de\/excellence-in-ceramics\/","name":"Excellence in Ceramics - TCKI","isPartOf":{"@id":"https:\/\/tcki.nl\/de\/#website"},"datePublished":"2019-01-10T12:59:02+00:00","dateModified":"2019-01-22T15:10:52+00:00","breadcrumb":{"@id":"https:\/\/tcki.nl\/de\/excellence-in-ceramics\/#breadcrumb"},"inLanguage":"de","potentialAction":[{"@type":"ReadAction","target":["https:\/\/tcki.nl\/de\/excellence-in-ceramics\/"]}]},{"@type":"BreadcrumbList","@id":"https:\/\/tcki.nl\/de\/excellence-in-ceramics\/#breadcrumb","itemListElement":[{"@type":"ListItem","position":1,"name":"Home","item":"https:\/\/tcki.nl\/de\/"},{"@type":"ListItem","position":2,"name":"Excellence in Ceramics"}]},{"@type":"WebSite","@id":"https:\/\/tcki.nl\/de\/#website","url":"https:\/\/tcki.nl\/de\/","name":"TCKI","description":"","potentialAction":[{"@type":"SearchAction","target":{"@type":"EntryPoint","urlTemplate":"https:\/\/tcki.nl\/de\/?s={search_term_string}"},"query-input":{"@type":"PropertyValueSpecification","valueRequired":true,"valueName":"search_term_string"}}],"inLanguage":"de"}]}},"_links":{"self":[{"href":"https:\/\/tcki.nl\/de\/wp-json\/wp\/v2\/pages\/6651","targetHints":{"allow":["GET"]}}],"collection":[{"href":"https:\/\/tcki.nl\/de\/wp-json\/wp\/v2\/pages"}],"about":[{"href":"https:\/\/tcki.nl\/de\/wp-json\/wp\/v2\/types\/page"}],"author":[{"embeddable":true,"href":"https:\/\/tcki.nl\/de\/wp-json\/wp\/v2\/users\/6"}],"replies":[{"embeddable":true,"href":"https:\/\/tcki.nl\/de\/wp-json\/wp\/v2\/comments?post=6651"}],"version-history":[{"count":0,"href":"https:\/\/tcki.nl\/de\/wp-json\/wp\/v2\/pages\/6651\/revisions"}],"wp:attachment":[{"href":"https:\/\/tcki.nl\/de\/wp-json\/wp\/v2\/media?parent=6651"}],"curies":[{"name":"wp","href":"https:\/\/api.w.org\/{rel}","templated":true}]}}