{"id":6670,"date":"2019-01-07T11:39:37","date_gmt":"2019-01-07T11:39:37","guid":{"rendered":"http:\/\/tcki.wpxsite.nl\/keramisch-toepasbaar\/kwaliteit-bouwmaterialen-procescontrole-en-kwaliteitszorg\/"},"modified":"2026-01-13T10:50:59","modified_gmt":"2026-01-13T10:50:59","slug":"qualitaet-baumaterialien-prozesskontrolle-und-qualitaetsmanagement","status":"publish","type":"page","link":"https:\/\/tcki.nl\/de\/qualitaet-baumaterialien-prozesskontrolle-und-qualitaetsmanagement\/","title":{"rendered":"Qualit\u00e4t Baumaterialien, Prozesskontrolle und Qualit\u00e4tsmanagement"},"content":{"rendered":"<script type=\"text\/javascript\">(function($) {$( \".breadcrumb\" ).remove();})(jQuery);<\/script><div class=\"breadcrumb\"><span class=\"breadcrumb-link-wrap\"><a class=\"breadcrumb-link\" href=\"https:\/\/tcki.nl\/de\/\"><span class=\"breadcrumb-link-text-wrap\">Start<\/span><\/a><meta ><\/span><\/div>\n\n\n<div class=\"wp-block-columns alignwide has-2-columns two-one is-layout-flex wp-container-core-columns-is-layout-9d6595d7 wp-block-columns-is-layout-flex\">\n<div class=\"wp-block-column is-layout-flow wp-block-column-is-layout-flow\"><div class=\"hoverbox \" id=\"hoverbox-block_d1df1cefaf1039976c237e890323b728\"><div class=\"desc\"><\/div><\/div><style type=\"text\/css\">#hoverbox-block_d1df1cefaf1039976c237e890323b728{background-image: url(\"https:\/\/tcki.nl\/wp-content\/uploads\/2019\/01\/tcki-keramisch-1920-10.jpg\");}<\/style><\/div>\n\n\n\n<div class=\"wp-block-column is-layout-flow wp-block-column-is-layout-flow\"><div class=\"hoverbox \" id=\"hoverbox-block_6c4635caf1af86bf786b593fadc36bcd\"><div class=\"desc\"><\/div><\/div><style type=\"text\/css\">#hoverbox-block_6c4635caf1af86bf786b593fadc36bcd{background-image: url(\"https:\/\/tcki.nl\/wp-content\/uploads\/2019\/03\/tcki-uitlooggedrag-van-granulaten-1080.jpg\");}<\/style><\/div>\n<\/div>\n\n\n\n<div class=\"wp-block-columns alignwide has-2-columns one-two is-layout-flex wp-container-core-columns-is-layout-9d6595d7 wp-block-columns-is-layout-flex\">\n<div class=\"wp-block-column is-layout-flow wp-block-column-is-layout-flow\"><div class=\"hoverbox \" id=\"hoverbox-block_69a27f3b595d7e032c7275e7b5a3250e\"><div class=\"desc\"><\/div><\/div><style type=\"text\/css\">#hoverbox-block_69a27f3b595d7e032c7275e7b5a3250e{background-image: url(\"https:\/\/tcki.nl\/wp-content\/uploads\/2019\/01\/tcki-keramisch-1080-7.jpg\");}<\/style><\/div>\n\n\n\n<div class=\"wp-block-column is-layout-flow wp-block-column-is-layout-flow\"><div class=\"hoverbox \" id=\"hoverbox-block_4fc20caca1c0b8b59e6fa906938aa165\"><div class=\"desc\"><\/div><\/div><style type=\"text\/css\">#hoverbox-block_4fc20caca1c0b8b59e6fa906938aa165{background-image: url(\"https:\/\/tcki.nl\/wp-content\/uploads\/2019\/01\/tcki-keramisch-1920-22.jpg\");}<\/style><\/div>\n<\/div>\n\n\n<script type=\"text\/javascript\">(function($) {$( \".breadcrumb\" ).remove();})(jQuery);<\/script><div class=\"breadcrumb\"><span class=\"breadcrumb-link-wrap\"><a class=\"breadcrumb-link\" href=\"https:\/\/tcki.nl\/de\/\"><span class=\"breadcrumb-link-text-wrap\">Start<\/span><\/a><meta ><\/span><\/div>\n\n\n<div class=\"wp-block-columns has-2-columns two-one is-layout-flex wp-container-core-columns-is-layout-9d6595d7 wp-block-columns-is-layout-flex\">\n<div class=\"wp-block-column is-layout-flow wp-block-column-is-layout-flow\">\n<h2 class=\"wp-block-heading\">Qualit\u00e4t Baumaterialien, Prozesskontrolle und Qualit\u00e4tsmanagement.<\/h2>\n\n\n\n<p><strong>Baumaterialien m\u00fcssen bestimmten Anforderungen in Hinsicht auf Qualit\u00e4t, Dauerhaftigkeit gen\u00fcgen. Nur eine kontrollierte Produktion gew\u00e4hrleistet, dass diesen Qualit\u00e4tsanforderungen fortw\u00e4hrend entsprochen wird.<\/strong><\/p>\n\n\n\n<p>TCKI verf\u00fcgt \u00fcber qualifizierte Berater, die zu den vielen Materialien und Prozessen innerhalb dieser Industrie mit allen Aspekten von EN- und ISO-Normen, Akkreditierungen, Zertifizierungen und CE-Kennzeichnungen vertraut sind.<\/p>\n\n\n\n<p>Unsere Berater helfen Ihnen gerne bei der individuellen Einrichtung eines Prozessqualit\u00e4tssicherungssystems, sodass eine optimale Produktqualit\u00e4t gew\u00e4hrleistet werden kann.<\/p>\n\n\n\n<h2 class=\"wp-block-heading\">Physikalische, mechanische, chemische und<br>thermische Pr\u00fcfung von Baumaterialien.<\/h2>\n\n\n\n<p>Baumaterialien k\u00f6nnen und m\u00fcssen auf viele Eigenschaften hin \u00fcberpr\u00fcft und getestet werden, beispielsweise auf<\/p>\n\n\n\n<ul class=\"wp-block-list\">\n<li><strong>Abmessungen und geometrische Eigenschaften<\/strong><\/li>\n\n\n\n<li><strong>Wasseraufsaugung<\/strong><\/li>\n\n\n\n<li><strong>Wasseraufnahme<\/strong><\/li>\n\n\n\n<li><strong>Wasserdurchl\u00e4ssigkeit<\/strong><\/li>\n\n\n\n<li><strong>Mechanische eigenschaften<\/strong><\/li>\n\n\n\n<li><strong>Aspekte von Dauerhaftigkeit (Salze und Frostbest\u00e4ndigkeit)<\/strong><\/li>\n<\/ul>\n\n\n\n<p>F\u00fcr jede Materialart sind unterschiedliche Testmethoden g\u00e4ngig oder vorgeschrieben. Wir pr\u00fcfen im Rahmen der Produktions\u00fcberwachung von Herstellern, sowie im Auftrag von Zertifizierungsinstanzen als auch im Auftrag von Handel und Gewerbe und Privatkunden.<\/p>\n\n\n\n<h2 class=\"wp-block-heading\">Baustoffe m\u00fcssen alle Anforderungen erf\u00fcllen.<\/h2>\n\n\n\n<p>F\u00fcr eine aktuelle Liste der ISO\/IEC 17025 akkreditierten Aktivit\u00e4ten,&nbsp;<a rel=\"noreferrer noopener\" href=\"http:\/\/www.rva.nl\/en\" target=\"_blank\">folgen Sie diesem Link<\/a>.<\/p>\n\n\n\n<p>Selbstverst\u00e4ndlich f\u00fchren wir auf Wunsch auch kundenspezifische Tests und Pr\u00fcfungen durch. Neben keramischen Produkten geh\u00f6ren Produkte aus Naturstein, Beton und Porenbeton sowie Kalksandstein ebenfalls zu unseren Pr\u00fcfleistungen.<\/p>\n\n\n\n<h2 class=\"wp-block-heading\">Pflasterklinker m\u00fcssen der Norm EN 1344 entsprechen.<\/h2>\n\n\n\n<p>Pflasterklinker m\u00fcssen im Allgemeinen der Norm EN 1344 entsprechen. Verschiedene Eigenschaften werden periodisch und zwecks Verifizierung gepr\u00fcft.<\/p>\n\n\n\n<p>Dabei handelt es sich um:<\/p>\n\n\n\n<ul class=\"wp-block-list\">\n<li><strong>Besch\u00e4digungen<\/strong><\/li>\n\n\n\n<li><strong>Dimensionen<\/strong><\/li>\n\n\n\n<li><strong>Wasseraufnahme<\/strong><\/li>\n\n\n\n<li><strong>Bruchfestigkeit<\/strong><\/li>\n\n\n\n<li><strong>Biegezugfestigkeit<\/strong><\/li>\n\n\n\n<li><strong>Abriebwiderstandsf\u00e4higkeit<\/strong><\/li>\n\n\n\n<li><strong>Griffigkeitskennwerten<\/strong><\/li>\n\n\n\n<li><strong>Frostbest\u00e4ndigkeit<\/strong><\/li>\n<\/ul>\n\n\n\n<p>TCKI verf\u00fcgt \u00fcber ein breites Spektrum an Messtechniken und Testmethoden. <\/p>\n\n\n\n<p>Zu unseren Pr\u00fcfleistungen geh\u00f6ren neben Produkten, die aus Ton gebrannt sind auch Pflasterprodukten aus anderen Materialien, beispielsweise Betonprodukte und Produkte aus Naturstein.<\/p>\n\n\n\n<h2 class=\"wp-block-heading\">Dachziegel m\u00fcssen den Norm EN 1304 entsprechen.<\/h2>\n\n\n\n<p>Keramische Dachziegel m\u00fcssen im Allgemeinen der Norm EN 1304 entsprechen. Verschiedene Eigenschaften werden periodisch und zwecks Verifizierung gepr\u00fcft.<\/p>\n\n\n\n<p>Dabei handelt es sich um:<\/p>\n\n\n\n<ul class=\"wp-block-list\">\n<li><strong>Besch\u00e4digungen<\/strong><\/li>\n\n\n\n<li><strong>Ma\u00dfe<\/strong><\/li>\n\n\n\n<li><strong>Formeigenschaften (Geradlinigkeit und Fl\u00fcgeligkeit)<\/strong><\/li>\n\n\n\n<li><strong>Wasserundurchl\u00e4ssigkeit<\/strong><\/li>\n\n\n\n<li><strong>Biegetragf\u00e4higkeit<\/strong><\/li>\n\n\n\n<li><strong>Frostbest\u00e4ndigkeit<\/strong><\/li>\n<\/ul>\n\n\n\n<p>Zu unseren Pr\u00fcfleistungen geh\u00f6ren neben Produkten die aus Ton gebrannt sind auch Dachziegel aus anderen Materialien.<\/p>\n\n\n\n<p>TCKI verf\u00fcgt \u00fcber ein breites Spektrum an Messtechniken und Testmethoden.&nbsp;<\/p>\n\n\n\n<h2 class=\"wp-block-heading\">Wand und Boden Fliesen m\u00fcssen den Norm EN 14411 entsprechen.<\/h2>\n\n\n\n<p>Wand- und Bodenfliesen m\u00fcssen im Allgemeinen der Norm EN 14411 entsprechen, Verschiedene Eigenschaften werden periodisch und zwecks Verifizierung gepr\u00fcft.<\/p>\n\n\n\n<p>Dabei handelt es sich um:<\/p>\n\n\n\n<ul class=\"wp-block-list\">\n<li><strong>Visuelle Aspekte<\/strong><\/li>\n\n\n\n<li><strong>Dimensionen und geometrische Eigenschaften<\/strong><\/li>\n\n\n\n<li><strong>Wasseraufnahme<\/strong><\/li>\n\n\n\n<li><strong>Rohdichte<\/strong><\/li>\n\n\n\n<li><strong>Biegefestigkeit<\/strong><\/li>\n\n\n\n<li><strong>Abriebwiderstandsf\u00e4higkeit<\/strong><\/li>\n\n\n\n<li><strong>Sto\u00dffestigkeit<\/strong><\/li>\n\n\n\n<li><strong>Glasurh\u00e4rte<\/strong><\/li>\n\n\n\n<li><strong>Haarrissbest\u00e4ndigkeit<\/strong><\/li>\n\n\n\n<li><strong>Frostbest\u00e4ndigkeit<\/strong><\/li>\n<\/ul>\n\n\n\n<p>F\u00fcr eine aktuelle Liste der ISO\/IEC 17025 akkreditierten Aktivit\u00e4ten,&nbsp;<a rel=\"noreferrer noopener\" href=\"http:\/\/www.rva.nl\/en\" target=\"_blank\">folgen Sie diesem Link<\/a>.<\/p>\n\n\n\n<p>Zu unseren Pr\u00fcfleistungen geh\u00f6ren neben Produkten, die aus Ton gebrannt sind auch Fliesen anderer Herkunft.<\/p>\n\n\n\n<p>TCKI verf\u00fcgt \u00fcber ein breites Spektrum an Messtechniken und Testmethoden.<\/p>\n\n\n\n<p>Die Pr\u00fcfung der Feuerfestigkeit von Produkten beschr\u00e4nkt sich bei TCKI im Allgemeinen auf die Feststellung der chemischen Zusammensetzung, der Dichte der Spaltfestigkeit und Drukfestigkeit des Produkts bei Umgebungstemperatur.<\/p>\n\n\n\n<h2 class=\"wp-block-heading\">Pr\u00fcfen von feuerfeste Produkte.<\/h2>\n\n\n\n<p>Aufgrund dieser Aspekte kann festgestellt werden, ob sich ein Produkt f\u00fcr einen bestimmten Einsatzzweck eignet.<\/p>\n\n\n\n<h2 class=\"wp-block-heading\">\u00fcfen von Steinzeugrohre.<\/h2>\n\n\n\n<p>Steinzeugrohre f\u00fcr Kanalisationssysteme \u00fcberpr\u00fcfen wir auf:<\/p>\n\n\n\n<ul class=\"wp-block-list\">\n<li><strong>Dimensionen und Form<\/strong><\/li>\n\n\n\n<li><strong>Kronendruckfestigkeit<\/strong><\/li>\n\n\n\n<li><strong>Formeigenschaften<\/strong><\/li>\n\n\n\n<li><strong>Gl\u00e4tte der Innenoberfl\u00e4che<\/strong><\/li>\n<\/ul>\n\n\n\n<p>TCKI verf\u00fcgt \u00fcber ein breites Spektrum an Messtechniken und Testmethoden.<\/p>\n\n\n\n<p><\/p>\n<\/div>\n\n\n\n<div class=\"wp-block-column is-layout-flow wp-block-column-is-layout-flow\"><div class=\"person\"><h3>Wir helfen Ihnen gerne weiter.<\/h3><img decoding=\"async\" src=\"https:\/\/tcki.nl\/wp-content\/uploads\/2019\/01\/tcki-ineke-geist-1920-320x170.jpg\" \/><h4>ing. Ineke Geist<\/h4><span class=\"line\">Sektion Laboratorium<\/span><a class=\"line\" href=\"tel:\"><\/a><a class=\"line last\" href=\"mailto:\"><\/a><\/div>\n\n<div class=\"person\"><img decoding=\"async\" src=\"https:\/\/tcki.nl\/wp-content\/uploads\/2019\/01\/tcki-marco-bouwman-1920-320x170.jpg\" \/><h4>Marco Bouwman<\/h4><span class=\"line\">T\u00e4gliches Management Laboratorium<\/span><a class=\"line\" href=\"tel:\"><\/a><a class=\"line last\" href=\"mailto:\"><\/a><\/div>\n\n<div class=\"person\"><img decoding=\"async\" src=\"https:\/\/tcki.nl\/wp-content\/uploads\/2019\/01\/tcki-edwin-van-ommeren-1920-320x170.jpg\" \/><h4>ing. Edwin van Ommeren<\/h4><span class=\"line\">Berater<\/span><a class=\"line\" href=\"tel:\"><\/a><a class=\"line last\" href=\"mailto:\"><\/a><\/div>\n\n\n<p><\/p>\n\n\n\n<p>TCKI verf\u00fcgt \u00fcber ein breites Spektrum an Testmethoden f\u00fcr Mauerziegel und Mauerwerk. Wenn Sie mehr \u00fcber die M\u00f6glichkeiten unseres Labors erfahren m\u00f6chten,\u00a0<a href=\"https:\/\/tcki.nl\/de\/downloads\/\">k\u00f6nnen Sie hier per Mausklick unseren Laborprospekt herunterladen.<\/a><\/p>\n<\/div>\n<\/div>\n\n\n\n<figure class=\"wp-block-image alignwide\"><img loading=\"lazy\" decoding=\"async\" width=\"1920\" height=\"1080\" src=\"https:\/\/tcki.nl\/wp-content\/uploads\/2019\/01\/tcki-laboratorium-1920-2.jpg\" alt=\"\" class=\"wp-image-5223\" srcset=\"https:\/\/tcki.nl\/wp-content\/uploads\/2019\/01\/tcki-laboratorium-1920-2.jpg 1920w, https:\/\/tcki.nl\/wp-content\/uploads\/2019\/01\/tcki-laboratorium-1920-2-300x169.jpg 300w, https:\/\/tcki.nl\/wp-content\/uploads\/2019\/01\/tcki-laboratorium-1920-2-768x432.jpg 768w\" sizes=\"auto, (max-width: 1920px) 100vw, 1920px\" \/><\/figure>\n","protected":false},"excerpt":{"rendered":"<p>Qualit\u00e4t Baumaterialien, Prozesskontrolle und Qualit\u00e4tsmanagement. Baumaterialien m\u00fcssen bestimmten Anforderungen in Hinsicht auf Qualit\u00e4t, Dauerhaftigkeit gen\u00fcgen. Nur eine kontrollierte Produktion gew\u00e4hrleistet, dass diesen Qualit\u00e4tsanforderungen fortw\u00e4hrend entsprochen wird. TCKI verf\u00fcgt \u00fcber qualifizierte Berater, die zu den vielen Materialien und Prozessen innerhalb dieser Industrie mit allen Aspekten von EN- und ISO-Normen, Akkreditierungen, Zertifizierungen und CE-Kennzeichnungen vertraut sind. Unsere [&hellip;]<\/p>\n","protected":false},"author":1,"featured_media":0,"parent":0,"menu_order":0,"comment_status":"closed","ping_status":"closed","template":"","meta":{"_acf_changed":false,"_genesis_hide_title":false,"_genesis_hide_breadcrumbs":false,"_genesis_hide_singular_image":false,"_genesis_hide_footer_widgets":false,"_genesis_custom_body_class":"","_genesis_custom_post_class":"","_genesis_layout":"","footnotes":""},"class_list":{"0":"post-6670","1":"page","2":"type-page","3":"status-publish","5":"entry"},"acf":[],"yoast_head":"<!-- This site is optimized with the Yoast SEO plugin v27.0 - https:\/\/yoast.com\/product\/yoast-seo-wordpress\/ -->\n<title>Qualit\u00e4t Baumaterialien, Prozesskontrolle und Qualit\u00e4tsmanagement - TCKI<\/title>\n<meta name=\"robots\" content=\"index, follow, max-snippet:-1, max-image-preview:large, max-video-preview:-1\" \/>\n<link rel=\"canonical\" href=\"https:\/\/tcki.nl\/de\/qualitaet-baumaterialien-prozesskontrolle-und-qualitaetsmanagement\/\" \/>\n<meta property=\"og:locale\" content=\"de_DE\" \/>\n<meta property=\"og:type\" content=\"article\" \/>\n<meta property=\"og:title\" content=\"Qualit\u00e4t Baumaterialien, Prozesskontrolle und Qualit\u00e4tsmanagement - TCKI\" \/>\n<meta property=\"og:description\" content=\"Qualit\u00e4t Baumaterialien, Prozesskontrolle und Qualit\u00e4tsmanagement. Baumaterialien m\u00fcssen bestimmten Anforderungen in Hinsicht auf Qualit\u00e4t, Dauerhaftigkeit gen\u00fcgen. Nur eine kontrollierte Produktion gew\u00e4hrleistet, dass diesen Qualit\u00e4tsanforderungen fortw\u00e4hrend entsprochen wird. TCKI verf\u00fcgt \u00fcber qualifizierte Berater, die zu den vielen Materialien und Prozessen innerhalb dieser Industrie mit allen Aspekten von EN- und ISO-Normen, Akkreditierungen, Zertifizierungen und CE-Kennzeichnungen vertraut sind. Unsere [&hellip;]\" \/>\n<meta property=\"og:url\" content=\"https:\/\/tcki.nl\/de\/qualitaet-baumaterialien-prozesskontrolle-und-qualitaetsmanagement\/\" \/>\n<meta property=\"og:site_name\" content=\"TCKI\" \/>\n<meta property=\"article:modified_time\" content=\"2026-01-13T10:50:59+00:00\" \/>\n<meta property=\"og:image\" content=\"https:\/\/tcki.nl\/wp-content\/uploads\/2019\/01\/tcki-laboratorium-1920-2.jpg\" \/>\n<meta name=\"twitter:card\" content=\"summary_large_image\" \/>\n<meta name=\"twitter:label1\" content=\"Gesch\u00e4tzte Lesezeit\" \/>\n\t<meta name=\"twitter:data1\" content=\"3\u00a0Minuten\" \/>\n<script type=\"application\/ld+json\" class=\"yoast-schema-graph\">{\"@context\":\"https:\/\/schema.org\",\"@graph\":[{\"@type\":\"WebPage\",\"@id\":\"https:\/\/tcki.nl\/de\/qualitaet-baumaterialien-prozesskontrolle-und-qualitaetsmanagement\/\",\"url\":\"https:\/\/tcki.nl\/de\/qualitaet-baumaterialien-prozesskontrolle-und-qualitaetsmanagement\/\",\"name\":\"Qualit\u00e4t Baumaterialien, Prozesskontrolle und Qualit\u00e4tsmanagement - TCKI\",\"isPartOf\":{\"@id\":\"https:\/\/tcki.nl\/de\/#website\"},\"primaryImageOfPage\":{\"@id\":\"https:\/\/tcki.nl\/de\/qualitaet-baumaterialien-prozesskontrolle-und-qualitaetsmanagement\/#primaryimage\"},\"image\":{\"@id\":\"https:\/\/tcki.nl\/de\/qualitaet-baumaterialien-prozesskontrolle-und-qualitaetsmanagement\/#primaryimage\"},\"thumbnailUrl\":\"https:\/\/tcki.nl\/wp-content\/uploads\/2019\/01\/tcki-laboratorium-1920-2.jpg\",\"datePublished\":\"2019-01-07T11:39:37+00:00\",\"dateModified\":\"2026-01-13T10:50:59+00:00\",\"breadcrumb\":{\"@id\":\"https:\/\/tcki.nl\/de\/qualitaet-baumaterialien-prozesskontrolle-und-qualitaetsmanagement\/#breadcrumb\"},\"inLanguage\":\"de\",\"potentialAction\":[{\"@type\":\"ReadAction\",\"target\":[\"https:\/\/tcki.nl\/de\/qualitaet-baumaterialien-prozesskontrolle-und-qualitaetsmanagement\/\"]}]},{\"@type\":\"ImageObject\",\"inLanguage\":\"de\",\"@id\":\"https:\/\/tcki.nl\/de\/qualitaet-baumaterialien-prozesskontrolle-und-qualitaetsmanagement\/#primaryimage\",\"url\":\"https:\/\/tcki.nl\/wp-content\/uploads\/2019\/01\/tcki-laboratorium-1920-2.jpg\",\"contentUrl\":\"https:\/\/tcki.nl\/wp-content\/uploads\/2019\/01\/tcki-laboratorium-1920-2.jpg\"},{\"@type\":\"BreadcrumbList\",\"@id\":\"https:\/\/tcki.nl\/de\/qualitaet-baumaterialien-prozesskontrolle-und-qualitaetsmanagement\/#breadcrumb\",\"itemListElement\":[{\"@type\":\"ListItem\",\"position\":1,\"name\":\"Home\",\"item\":\"https:\/\/tcki.nl\/de\/\"},{\"@type\":\"ListItem\",\"position\":2,\"name\":\"Qualit\u00e4t Baumaterialien, Prozesskontrolle und Qualit\u00e4tsmanagement\"}]},{\"@type\":\"WebSite\",\"@id\":\"https:\/\/tcki.nl\/de\/#website\",\"url\":\"https:\/\/tcki.nl\/de\/\",\"name\":\"TCKI\",\"description\":\"\",\"potentialAction\":[{\"@type\":\"SearchAction\",\"target\":{\"@type\":\"EntryPoint\",\"urlTemplate\":\"https:\/\/tcki.nl\/de\/?s={search_term_string}\"},\"query-input\":{\"@type\":\"PropertyValueSpecification\",\"valueRequired\":true,\"valueName\":\"search_term_string\"}}],\"inLanguage\":\"de\"}]}<\/script>\n<!-- \/ Yoast SEO plugin. -->","yoast_head_json":{"title":"Qualit\u00e4t Baumaterialien, Prozesskontrolle und Qualit\u00e4tsmanagement - TCKI","robots":{"index":"index","follow":"follow","max-snippet":"max-snippet:-1","max-image-preview":"max-image-preview:large","max-video-preview":"max-video-preview:-1"},"canonical":"https:\/\/tcki.nl\/de\/qualitaet-baumaterialien-prozesskontrolle-und-qualitaetsmanagement\/","og_locale":"de_DE","og_type":"article","og_title":"Qualit\u00e4t Baumaterialien, Prozesskontrolle und Qualit\u00e4tsmanagement - TCKI","og_description":"Qualit\u00e4t Baumaterialien, Prozesskontrolle und Qualit\u00e4tsmanagement. Baumaterialien m\u00fcssen bestimmten Anforderungen in Hinsicht auf Qualit\u00e4t, Dauerhaftigkeit gen\u00fcgen. Nur eine kontrollierte Produktion gew\u00e4hrleistet, dass diesen Qualit\u00e4tsanforderungen fortw\u00e4hrend entsprochen wird. TCKI verf\u00fcgt \u00fcber qualifizierte Berater, die zu den vielen Materialien und Prozessen innerhalb dieser Industrie mit allen Aspekten von EN- und ISO-Normen, Akkreditierungen, Zertifizierungen und CE-Kennzeichnungen vertraut sind. Unsere [&hellip;]","og_url":"https:\/\/tcki.nl\/de\/qualitaet-baumaterialien-prozesskontrolle-und-qualitaetsmanagement\/","og_site_name":"TCKI","article_modified_time":"2026-01-13T10:50:59+00:00","og_image":[{"url":"https:\/\/tcki.nl\/wp-content\/uploads\/2019\/01\/tcki-laboratorium-1920-2.jpg","type":"","width":"","height":""}],"twitter_card":"summary_large_image","twitter_misc":{"Gesch\u00e4tzte Lesezeit":"3\u00a0Minuten"},"schema":{"@context":"https:\/\/schema.org","@graph":[{"@type":"WebPage","@id":"https:\/\/tcki.nl\/de\/qualitaet-baumaterialien-prozesskontrolle-und-qualitaetsmanagement\/","url":"https:\/\/tcki.nl\/de\/qualitaet-baumaterialien-prozesskontrolle-und-qualitaetsmanagement\/","name":"Qualit\u00e4t Baumaterialien, Prozesskontrolle und Qualit\u00e4tsmanagement - TCKI","isPartOf":{"@id":"https:\/\/tcki.nl\/de\/#website"},"primaryImageOfPage":{"@id":"https:\/\/tcki.nl\/de\/qualitaet-baumaterialien-prozesskontrolle-und-qualitaetsmanagement\/#primaryimage"},"image":{"@id":"https:\/\/tcki.nl\/de\/qualitaet-baumaterialien-prozesskontrolle-und-qualitaetsmanagement\/#primaryimage"},"thumbnailUrl":"https:\/\/tcki.nl\/wp-content\/uploads\/2019\/01\/tcki-laboratorium-1920-2.jpg","datePublished":"2019-01-07T11:39:37+00:00","dateModified":"2026-01-13T10:50:59+00:00","breadcrumb":{"@id":"https:\/\/tcki.nl\/de\/qualitaet-baumaterialien-prozesskontrolle-und-qualitaetsmanagement\/#breadcrumb"},"inLanguage":"de","potentialAction":[{"@type":"ReadAction","target":["https:\/\/tcki.nl\/de\/qualitaet-baumaterialien-prozesskontrolle-und-qualitaetsmanagement\/"]}]},{"@type":"ImageObject","inLanguage":"de","@id":"https:\/\/tcki.nl\/de\/qualitaet-baumaterialien-prozesskontrolle-und-qualitaetsmanagement\/#primaryimage","url":"https:\/\/tcki.nl\/wp-content\/uploads\/2019\/01\/tcki-laboratorium-1920-2.jpg","contentUrl":"https:\/\/tcki.nl\/wp-content\/uploads\/2019\/01\/tcki-laboratorium-1920-2.jpg"},{"@type":"BreadcrumbList","@id":"https:\/\/tcki.nl\/de\/qualitaet-baumaterialien-prozesskontrolle-und-qualitaetsmanagement\/#breadcrumb","itemListElement":[{"@type":"ListItem","position":1,"name":"Home","item":"https:\/\/tcki.nl\/de\/"},{"@type":"ListItem","position":2,"name":"Qualit\u00e4t Baumaterialien, Prozesskontrolle und Qualit\u00e4tsmanagement"}]},{"@type":"WebSite","@id":"https:\/\/tcki.nl\/de\/#website","url":"https:\/\/tcki.nl\/de\/","name":"TCKI","description":"","potentialAction":[{"@type":"SearchAction","target":{"@type":"EntryPoint","urlTemplate":"https:\/\/tcki.nl\/de\/?s={search_term_string}"},"query-input":{"@type":"PropertyValueSpecification","valueRequired":true,"valueName":"search_term_string"}}],"inLanguage":"de"}]}},"_links":{"self":[{"href":"https:\/\/tcki.nl\/de\/wp-json\/wp\/v2\/pages\/6670","targetHints":{"allow":["GET"]}}],"collection":[{"href":"https:\/\/tcki.nl\/de\/wp-json\/wp\/v2\/pages"}],"about":[{"href":"https:\/\/tcki.nl\/de\/wp-json\/wp\/v2\/types\/page"}],"author":[{"embeddable":true,"href":"https:\/\/tcki.nl\/de\/wp-json\/wp\/v2\/users\/1"}],"replies":[{"embeddable":true,"href":"https:\/\/tcki.nl\/de\/wp-json\/wp\/v2\/comments?post=6670"}],"version-history":[{"count":2,"href":"https:\/\/tcki.nl\/de\/wp-json\/wp\/v2\/pages\/6670\/revisions"}],"predecessor-version":[{"id":12932,"href":"https:\/\/tcki.nl\/de\/wp-json\/wp\/v2\/pages\/6670\/revisions\/12932"}],"wp:attachment":[{"href":"https:\/\/tcki.nl\/de\/wp-json\/wp\/v2\/media?parent=6670"}],"curies":[{"name":"wp","href":"https:\/\/api.w.org\/{rel}","templated":true}]}}