{"id":6680,"date":"2019-01-10T12:49:54","date_gmt":"2019-01-10T12:49:54","guid":{"rendered":"http:\/\/tcki.wpxsite.nl\/keramisch-toepasbaar\/uitloging-vormgegeven-bouwmateriale\/"},"modified":"2026-01-13T11:07:26","modified_gmt":"2026-01-13T11:07:26","slug":"uitloging-vormgegeven-bouwmateriale","status":"publish","type":"page","link":"https:\/\/tcki.nl\/de\/uitloging-vormgegeven-bouwmateriale\/","title":{"rendered":"Auslaugung monolitische Baumaterialien"},"content":{"rendered":"\n<div class=\"wp-block-columns has-2-columns two-one is-layout-flex wp-container-core-columns-is-layout-9d6595d7 wp-block-columns-is-layout-flex\">\n<div class=\"wp-block-column is-layout-flow wp-block-column-is-layout-flow\">\n<h2 class=\"wp-block-heading\">Auslaugung monolitische Baumaterialien.<\/h2>\n\n\n\n<p><strong>Alle Baumaterialien, die in oder auf Niederl\u00e4ndischem Boden eingesetzt werden, m\u00fcssen den Anforderungen der Niederl\u00e4ndischen Bodenqualit\u00e4tbeschlu\u00df (\u201cBesluit Bodemkwaliteit\u201d) entsprechen. Das beinhaltet Anforderungen an unter anderem die Zusammensetzung oder das Auslaugverhalten dieser Materialien.<\/strong><\/p>\n\n\n\n<p>TCKI ist AP04-akkreditiert, um diese Pr\u00fcfungen an monolitische Baumaterialien im Algemeinem sowohl nach Norm als auch verk\u00fcrzten Tests vorzunehmen. TCKI ist f\u00fcr dieses ein vom Niederl\u00e4ndischen Regierung anerkanntes Labor.<\/p>\n\n\n\n<p>Beim Auslaugverhalten werden auf der Grundlage von Elementkonzentrationen von Metallen und Anionen ein Abgabeverhalten und eine Emission aus dem Produkt berechnet. Die Ergebnisse dieser Pr\u00fcfungen werden mit Grenzwerten verglichen.<\/p>\n\n\n\n<p>TCKI verf\u00fcgt \u00fcber ein breites Spektrum an Messtechniken und Testmethoden.<\/p>\n<\/div>\n\n\n\n<div class=\"wp-block-column is-layout-flow wp-block-column-is-layout-flow\"><div class=\"person\"><h3>Wir helfen Ihnen gerne weiter.<\/h3><img decoding=\"async\" src=\"https:\/\/tcki.nl\/wp-content\/uploads\/2019\/01\/tcki-coen-van-mosseveld-1920-320x170.jpg\" \/><h4>ing. Coen van Mosseveld<\/h4><span class=\"line\">Berater<\/span><a class=\"line\" href=\"tel:\"><\/a><a class=\"line last\" href=\"mailto:\"><\/a><\/div>\n\n\n<figure class=\"wp-block-image\"><img loading=\"lazy\" decoding=\"async\" width=\"153\" height=\"158\" src=\"https:\/\/tcki.nl\/wp-content\/uploads\/2019\/01\/rva-testing-l-254.gif\" alt=\"rva-testing-l-254\" class=\"wp-image-4724\"\/><\/figure>\n\n\n\n<p>Wenn Sie mehr \u00fcber die M\u00f6glichkeiten unseres Labors erfahren m\u00f6chten,\u00a0<a href=\"https:\/\/tcki.nl\/de\/downloads\/\">k\u00f6nnen Sie hier per Mausklick unseren Laborprospekt herunterladen<\/a>.<\/p>\n\n\n\n<p><\/p>\n<\/div>\n<\/div>\n\n\n<div class=\"hoverbox alignwide\" id=\"hoverbox-block_238c080b699cfcf8e6927a2e5fe61490\"><div class=\"desc\"><\/div><\/div><style type=\"text\/css\">#hoverbox-block_238c080b699cfcf8e6927a2e5fe61490{background-image: url(\"https:\/\/tcki.nl\/wp-content\/uploads\/2019\/01\/tcki-laboratorium-1920-2.jpg\");overflow: hidden;height: 0;padding-top: 56.25%;}<\/style>","protected":false},"excerpt":{"rendered":"<p>Auslaugung monolitische Baumaterialien. Alle Baumaterialien, die in oder auf Niederl\u00e4ndischem Boden eingesetzt werden, m\u00fcssen den Anforderungen der Niederl\u00e4ndischen Bodenqualit\u00e4tbeschlu\u00df (\u201cBesluit Bodemkwaliteit\u201d) entsprechen. Das beinhaltet Anforderungen an unter anderem die Zusammensetzung oder das Auslaugverhalten dieser Materialien. TCKI ist AP04-akkreditiert, um diese Pr\u00fcfungen an monolitische Baumaterialien im Algemeinem sowohl nach Norm als auch verk\u00fcrzten Tests vorzunehmen. TCKI [&hellip;]<\/p>\n","protected":false},"author":6,"featured_media":5088,"parent":0,"menu_order":0,"comment_status":"closed","ping_status":"closed","template":"","meta":{"_acf_changed":false,"_genesis_hide_title":false,"_genesis_hide_breadcrumbs":false,"_genesis_hide_singular_image":false,"_genesis_hide_footer_widgets":false,"_genesis_custom_body_class":"","_genesis_custom_post_class":"","_genesis_layout":"","footnotes":""},"class_list":{"0":"post-6680","1":"page","2":"type-page","3":"status-publish","5":"entry"},"acf":[],"yoast_head":"<!-- This site is optimized with the Yoast SEO plugin v27.0 - https:\/\/yoast.com\/product\/yoast-seo-wordpress\/ -->\n<title>Auslaugung monolitische Baumaterialien - TCKI<\/title>\n<meta name=\"robots\" content=\"index, follow, max-snippet:-1, max-image-preview:large, max-video-preview:-1\" \/>\n<link rel=\"canonical\" href=\"https:\/\/tcki.nl\/de\/uitloging-vormgegeven-bouwmateriale\/\" \/>\n<meta property=\"og:locale\" content=\"de_DE\" \/>\n<meta property=\"og:type\" content=\"article\" \/>\n<meta property=\"og:title\" content=\"Auslaugung monolitische Baumaterialien - TCKI\" \/>\n<meta property=\"og:description\" content=\"Auslaugung monolitische Baumaterialien. Alle Baumaterialien, die in oder auf Niederl\u00e4ndischem Boden eingesetzt werden, m\u00fcssen den Anforderungen der Niederl\u00e4ndischen Bodenqualit\u00e4tbeschlu\u00df (\u201cBesluit Bodemkwaliteit\u201d) entsprechen. Das beinhaltet Anforderungen an unter anderem die Zusammensetzung oder das Auslaugverhalten dieser Materialien. TCKI ist AP04-akkreditiert, um diese Pr\u00fcfungen an monolitische Baumaterialien im Algemeinem sowohl nach Norm als auch verk\u00fcrzten Tests vorzunehmen. TCKI [&hellip;]\" \/>\n<meta property=\"og:url\" content=\"https:\/\/tcki.nl\/de\/uitloging-vormgegeven-bouwmateriale\/\" \/>\n<meta property=\"og:site_name\" content=\"TCKI\" \/>\n<meta property=\"article:modified_time\" content=\"2026-01-13T11:07:26+00:00\" \/>\n<meta property=\"og:image\" content=\"https:\/\/tcki.nl\/wp-content\/uploads\/2019\/01\/tcki-keramisch-1920-5.jpg\" \/>\n\t<meta property=\"og:image:width\" content=\"1920\" \/>\n\t<meta property=\"og:image:height\" content=\"1080\" \/>\n\t<meta property=\"og:image:type\" content=\"image\/jpeg\" \/>\n<meta name=\"twitter:card\" content=\"summary_large_image\" \/>\n<meta name=\"twitter:label1\" content=\"Gesch\u00e4tzte Lesezeit\" \/>\n\t<meta name=\"twitter:data1\" content=\"1\u00a0Minute\" \/>\n<script type=\"application\/ld+json\" class=\"yoast-schema-graph\">{\"@context\":\"https:\/\/schema.org\",\"@graph\":[{\"@type\":\"WebPage\",\"@id\":\"https:\/\/tcki.nl\/de\/uitloging-vormgegeven-bouwmateriale\/\",\"url\":\"https:\/\/tcki.nl\/de\/uitloging-vormgegeven-bouwmateriale\/\",\"name\":\"Auslaugung monolitische Baumaterialien - TCKI\",\"isPartOf\":{\"@id\":\"https:\/\/tcki.nl\/de\/#website\"},\"primaryImageOfPage\":{\"@id\":\"https:\/\/tcki.nl\/de\/uitloging-vormgegeven-bouwmateriale\/#primaryimage\"},\"image\":{\"@id\":\"https:\/\/tcki.nl\/de\/uitloging-vormgegeven-bouwmateriale\/#primaryimage\"},\"thumbnailUrl\":\"https:\/\/tcki.nl\/wp-content\/uploads\/2019\/01\/tcki-keramisch-1920-5.jpg\",\"datePublished\":\"2019-01-10T12:49:54+00:00\",\"dateModified\":\"2026-01-13T11:07:26+00:00\",\"breadcrumb\":{\"@id\":\"https:\/\/tcki.nl\/de\/uitloging-vormgegeven-bouwmateriale\/#breadcrumb\"},\"inLanguage\":\"de\",\"potentialAction\":[{\"@type\":\"ReadAction\",\"target\":[\"https:\/\/tcki.nl\/de\/uitloging-vormgegeven-bouwmateriale\/\"]}]},{\"@type\":\"ImageObject\",\"inLanguage\":\"de\",\"@id\":\"https:\/\/tcki.nl\/de\/uitloging-vormgegeven-bouwmateriale\/#primaryimage\",\"url\":\"https:\/\/tcki.nl\/wp-content\/uploads\/2019\/01\/tcki-keramisch-1920-5.jpg\",\"contentUrl\":\"https:\/\/tcki.nl\/wp-content\/uploads\/2019\/01\/tcki-keramisch-1920-5.jpg\",\"width\":1920,\"height\":1080},{\"@type\":\"BreadcrumbList\",\"@id\":\"https:\/\/tcki.nl\/de\/uitloging-vormgegeven-bouwmateriale\/#breadcrumb\",\"itemListElement\":[{\"@type\":\"ListItem\",\"position\":1,\"name\":\"Home\",\"item\":\"https:\/\/tcki.nl\/de\/\"},{\"@type\":\"ListItem\",\"position\":2,\"name\":\"Auslaugung monolitische Baumaterialien\"}]},{\"@type\":\"WebSite\",\"@id\":\"https:\/\/tcki.nl\/de\/#website\",\"url\":\"https:\/\/tcki.nl\/de\/\",\"name\":\"TCKI\",\"description\":\"\",\"potentialAction\":[{\"@type\":\"SearchAction\",\"target\":{\"@type\":\"EntryPoint\",\"urlTemplate\":\"https:\/\/tcki.nl\/de\/?s={search_term_string}\"},\"query-input\":{\"@type\":\"PropertyValueSpecification\",\"valueRequired\":true,\"valueName\":\"search_term_string\"}}],\"inLanguage\":\"de\"}]}<\/script>\n<!-- \/ Yoast SEO plugin. -->","yoast_head_json":{"title":"Auslaugung monolitische Baumaterialien - TCKI","robots":{"index":"index","follow":"follow","max-snippet":"max-snippet:-1","max-image-preview":"max-image-preview:large","max-video-preview":"max-video-preview:-1"},"canonical":"https:\/\/tcki.nl\/de\/uitloging-vormgegeven-bouwmateriale\/","og_locale":"de_DE","og_type":"article","og_title":"Auslaugung monolitische Baumaterialien - TCKI","og_description":"Auslaugung monolitische Baumaterialien. Alle Baumaterialien, die in oder auf Niederl\u00e4ndischem Boden eingesetzt werden, m\u00fcssen den Anforderungen der Niederl\u00e4ndischen Bodenqualit\u00e4tbeschlu\u00df (\u201cBesluit Bodemkwaliteit\u201d) entsprechen. Das beinhaltet Anforderungen an unter anderem die Zusammensetzung oder das Auslaugverhalten dieser Materialien. TCKI ist AP04-akkreditiert, um diese Pr\u00fcfungen an monolitische Baumaterialien im Algemeinem sowohl nach Norm als auch verk\u00fcrzten Tests vorzunehmen. TCKI [&hellip;]","og_url":"https:\/\/tcki.nl\/de\/uitloging-vormgegeven-bouwmateriale\/","og_site_name":"TCKI","article_modified_time":"2026-01-13T11:07:26+00:00","og_image":[{"width":1920,"height":1080,"url":"https:\/\/tcki.nl\/wp-content\/uploads\/2019\/01\/tcki-keramisch-1920-5.jpg","type":"image\/jpeg"}],"twitter_card":"summary_large_image","twitter_misc":{"Gesch\u00e4tzte Lesezeit":"1\u00a0Minute"},"schema":{"@context":"https:\/\/schema.org","@graph":[{"@type":"WebPage","@id":"https:\/\/tcki.nl\/de\/uitloging-vormgegeven-bouwmateriale\/","url":"https:\/\/tcki.nl\/de\/uitloging-vormgegeven-bouwmateriale\/","name":"Auslaugung monolitische Baumaterialien - TCKI","isPartOf":{"@id":"https:\/\/tcki.nl\/de\/#website"},"primaryImageOfPage":{"@id":"https:\/\/tcki.nl\/de\/uitloging-vormgegeven-bouwmateriale\/#primaryimage"},"image":{"@id":"https:\/\/tcki.nl\/de\/uitloging-vormgegeven-bouwmateriale\/#primaryimage"},"thumbnailUrl":"https:\/\/tcki.nl\/wp-content\/uploads\/2019\/01\/tcki-keramisch-1920-5.jpg","datePublished":"2019-01-10T12:49:54+00:00","dateModified":"2026-01-13T11:07:26+00:00","breadcrumb":{"@id":"https:\/\/tcki.nl\/de\/uitloging-vormgegeven-bouwmateriale\/#breadcrumb"},"inLanguage":"de","potentialAction":[{"@type":"ReadAction","target":["https:\/\/tcki.nl\/de\/uitloging-vormgegeven-bouwmateriale\/"]}]},{"@type":"ImageObject","inLanguage":"de","@id":"https:\/\/tcki.nl\/de\/uitloging-vormgegeven-bouwmateriale\/#primaryimage","url":"https:\/\/tcki.nl\/wp-content\/uploads\/2019\/01\/tcki-keramisch-1920-5.jpg","contentUrl":"https:\/\/tcki.nl\/wp-content\/uploads\/2019\/01\/tcki-keramisch-1920-5.jpg","width":1920,"height":1080},{"@type":"BreadcrumbList","@id":"https:\/\/tcki.nl\/de\/uitloging-vormgegeven-bouwmateriale\/#breadcrumb","itemListElement":[{"@type":"ListItem","position":1,"name":"Home","item":"https:\/\/tcki.nl\/de\/"},{"@type":"ListItem","position":2,"name":"Auslaugung monolitische Baumaterialien"}]},{"@type":"WebSite","@id":"https:\/\/tcki.nl\/de\/#website","url":"https:\/\/tcki.nl\/de\/","name":"TCKI","description":"","potentialAction":[{"@type":"SearchAction","target":{"@type":"EntryPoint","urlTemplate":"https:\/\/tcki.nl\/de\/?s={search_term_string}"},"query-input":{"@type":"PropertyValueSpecification","valueRequired":true,"valueName":"search_term_string"}}],"inLanguage":"de"}]}},"_links":{"self":[{"href":"https:\/\/tcki.nl\/de\/wp-json\/wp\/v2\/pages\/6680","targetHints":{"allow":["GET"]}}],"collection":[{"href":"https:\/\/tcki.nl\/de\/wp-json\/wp\/v2\/pages"}],"about":[{"href":"https:\/\/tcki.nl\/de\/wp-json\/wp\/v2\/types\/page"}],"author":[{"embeddable":true,"href":"https:\/\/tcki.nl\/de\/wp-json\/wp\/v2\/users\/6"}],"replies":[{"embeddable":true,"href":"https:\/\/tcki.nl\/de\/wp-json\/wp\/v2\/comments?post=6680"}],"version-history":[{"count":1,"href":"https:\/\/tcki.nl\/de\/wp-json\/wp\/v2\/pages\/6680\/revisions"}],"predecessor-version":[{"id":12941,"href":"https:\/\/tcki.nl\/de\/wp-json\/wp\/v2\/pages\/6680\/revisions\/12941"}],"wp:featuredmedia":[{"embeddable":true,"href":"https:\/\/tcki.nl\/de\/wp-json\/wp\/v2\/media\/5088"}],"wp:attachment":[{"href":"https:\/\/tcki.nl\/de\/wp-json\/wp\/v2\/media?parent=6680"}],"curies":[{"name":"wp","href":"https:\/\/api.w.org\/{rel}","templated":true}]}}