{"id":6697,"date":"2019-01-10T12:56:59","date_gmt":"2019-01-10T12:56:59","guid":{"rendered":"http:\/\/tcki.wpxsite.nl\/keramisch-toepasbaar\/schade-expertise-bouwmaterialen\/"},"modified":"2021-01-29T14:33:20","modified_gmt":"2021-01-29T14:33:20","slug":"schadensgutachten-baumaterialien","status":"publish","type":"page","link":"https:\/\/tcki.nl\/de\/schadensgutachten-baumaterialien\/","title":{"rendered":"Schadensgutachten Baumaterialien"},"content":{"rendered":"\n<div class=\"wp-block-columns has-2-columns two-one is-layout-flex wp-container-core-columns-is-layout-9d6595d7 wp-block-columns-is-layout-flex\">\n<div class=\"wp-block-column is-layout-flow wp-block-column-is-layout-flow\">\n<h2 class=\"wp-block-heading\">TCKI bietet objektiven Schadensgutachten Expertise Baumaterialen.<\/h2>\n\n\n\n<p><strong>Gelegentlich kann es vorkommen, dass in Hinsicht auf die Qualit\u00e4t von gelieferten oder verarbeiteten Baumaterialien Uneinigkeit zwischen Ihnen und dem Zulieferer besteht. Ein unabh\u00e4ngiges Gutachten ist in einem solchen Fall unabdingbar. TCKI kann durch Tests und Pr\u00fcfungen die Qualit\u00e4t der gelieferten Baumaterialien objektiv feststellen.<\/strong><\/p>\n\n\n\n<p>Pr\u00fcfberichte und Gespr\u00e4che mit den beteiligten Parteien k\u00f6nnen dabei zu einer L\u00f6sung f\u00fchren oder die Grundlage f\u00fcr einen fundierten Standpunkt bilden.<\/p>\n\n\n\n<p><\/p>\n<\/div>\n\n\n\n<div class=\"wp-block-column is-layout-flow wp-block-column-is-layout-flow\"><div class=\"person\"><h3>Wir helfen Ihnen gerne weiter.<\/h3><img decoding=\"async\" src=\"https:\/\/tcki.nl\/wp-content\/uploads\/2019\/01\/tcki-ronny-lugtenberg-1920-320x170.jpg\" \/><h4>dr. ir. Ronny Lugtenberg<\/h4><span class=\"line\">Direktor<\/span><a class=\"line\" href=\"tel:\"><\/a><a class=\"line last\" href=\"mailto:\"><\/a><\/div>\n\n<div class=\"person\"><img decoding=\"async\" src=\"https:\/\/tcki.nl\/wp-content\/uploads\/2019\/01\/tcki-hans-van-wijck-1920-320x170.jpg\" \/><h4>ir. Hans van Wijck<\/h4><span class=\"line\">Berater<\/span><a class=\"line\" href=\"tel:\"><\/a><a class=\"line last\" href=\"mailto:\"><\/a><\/div>\n\n<div class=\"person\"><img decoding=\"async\" src=\"https:\/\/tcki.nl\/wp-content\/uploads\/2019\/01\/tcki-stan-aben-1920-320x170.jpg\" \/><h4>Stan Aben MSc<\/h4><span class=\"line\">Abteilungsleiter Technologie<\/span><a class=\"line\" href=\"tel:\"><\/a><a class=\"line last\" href=\"mailto:\"><\/a><\/div><\/div>\n<\/div>\n\n\n<div class=\"hoverbox alignwide\" id=\"hoverbox-block_5c3f5669f9b99\"><div class=\"desc\"><\/div><\/div><style type=\"text\/css\">#hoverbox-block_5c3f5669f9b99{background-image: url(\"https:\/\/tcki.nl\/wp-content\/uploads\/2019\/01\/tcki-team-techniek-1920-3.jpg\");overflow: hidden;height: 0;padding-top: 56.25%;}<\/style>","protected":false},"excerpt":{"rendered":"<p>TCKI bietet objektiven Schadensgutachten Expertise Baumaterialen. Gelegentlich kann es vorkommen, dass in Hinsicht auf die Qualit\u00e4t von gelieferten oder verarbeiteten Baumaterialien Uneinigkeit zwischen Ihnen und dem Zulieferer besteht. Ein unabh\u00e4ngiges Gutachten ist in einem solchen Fall unabdingbar. TCKI kann durch Tests und Pr\u00fcfungen die Qualit\u00e4t der gelieferten Baumaterialien objektiv feststellen. Pr\u00fcfberichte und Gespr\u00e4che mit den [&hellip;]<\/p>\n","protected":false},"author":6,"featured_media":5103,"parent":0,"menu_order":0,"comment_status":"closed","ping_status":"closed","template":"","meta":{"_acf_changed":false,"_genesis_hide_title":false,"_genesis_hide_breadcrumbs":false,"_genesis_hide_singular_image":false,"_genesis_hide_footer_widgets":false,"_genesis_custom_body_class":"","_genesis_custom_post_class":"","_genesis_layout":"","footnotes":""},"class_list":{"0":"post-6697","1":"page","2":"type-page","3":"status-publish","5":"entry"},"acf":[],"yoast_head":"<!-- This site is optimized with the Yoast SEO plugin v27.5 - https:\/\/yoast.com\/product\/yoast-seo-wordpress\/ -->\n<title>Schadensgutachten Baumaterialien - TCKI<\/title>\n<meta name=\"robots\" content=\"index, follow, max-snippet:-1, max-image-preview:large, max-video-preview:-1\" \/>\n<link rel=\"canonical\" href=\"https:\/\/tcki.nl\/de\/schadensgutachten-baumaterialien\/\" \/>\n<meta property=\"og:locale\" content=\"de_DE\" \/>\n<meta property=\"og:type\" content=\"article\" \/>\n<meta property=\"og:title\" content=\"Schadensgutachten Baumaterialien - TCKI\" \/>\n<meta property=\"og:description\" content=\"TCKI bietet objektiven Schadensgutachten Expertise Baumaterialen. Gelegentlich kann es vorkommen, dass in Hinsicht auf die Qualit\u00e4t von gelieferten oder verarbeiteten Baumaterialien Uneinigkeit zwischen Ihnen und dem Zulieferer besteht. Ein unabh\u00e4ngiges Gutachten ist in einem solchen Fall unabdingbar. TCKI kann durch Tests und Pr\u00fcfungen die Qualit\u00e4t der gelieferten Baumaterialien objektiv feststellen. Pr\u00fcfberichte und Gespr\u00e4che mit den [&hellip;]\" \/>\n<meta property=\"og:url\" content=\"https:\/\/tcki.nl\/de\/schadensgutachten-baumaterialien\/\" \/>\n<meta property=\"og:site_name\" content=\"TCKI\" \/>\n<meta property=\"article:modified_time\" content=\"2021-01-29T14:33:20+00:00\" \/>\n<meta property=\"og:image\" content=\"https:\/\/tcki.nl\/wp-content\/uploads\/2019\/01\/tcki-keramisch-1920-10.jpg\" \/>\n\t<meta property=\"og:image:width\" content=\"1920\" \/>\n\t<meta property=\"og:image:height\" content=\"1080\" \/>\n\t<meta property=\"og:image:type\" content=\"image\/jpeg\" \/>\n<meta name=\"twitter:card\" content=\"summary_large_image\" \/>\n<script type=\"application\/ld+json\" class=\"yoast-schema-graph\">{\"@context\":\"https:\\\/\\\/schema.org\",\"@graph\":[{\"@type\":\"WebPage\",\"@id\":\"https:\\\/\\\/tcki.nl\\\/de\\\/schadensgutachten-baumaterialien\\\/\",\"url\":\"https:\\\/\\\/tcki.nl\\\/de\\\/schadensgutachten-baumaterialien\\\/\",\"name\":\"Schadensgutachten Baumaterialien - TCKI\",\"isPartOf\":{\"@id\":\"https:\\\/\\\/tcki.nl\\\/de\\\/#website\"},\"primaryImageOfPage\":{\"@id\":\"https:\\\/\\\/tcki.nl\\\/de\\\/schadensgutachten-baumaterialien\\\/#primaryimage\"},\"image\":{\"@id\":\"https:\\\/\\\/tcki.nl\\\/de\\\/schadensgutachten-baumaterialien\\\/#primaryimage\"},\"thumbnailUrl\":\"https:\\\/\\\/tcki.nl\\\/wp-content\\\/uploads\\\/2019\\\/01\\\/tcki-keramisch-1920-10.jpg\",\"datePublished\":\"2019-01-10T12:56:59+00:00\",\"dateModified\":\"2021-01-29T14:33:20+00:00\",\"breadcrumb\":{\"@id\":\"https:\\\/\\\/tcki.nl\\\/de\\\/schadensgutachten-baumaterialien\\\/#breadcrumb\"},\"inLanguage\":\"de\",\"potentialAction\":[{\"@type\":\"ReadAction\",\"target\":[\"https:\\\/\\\/tcki.nl\\\/de\\\/schadensgutachten-baumaterialien\\\/\"]}]},{\"@type\":\"ImageObject\",\"inLanguage\":\"de\",\"@id\":\"https:\\\/\\\/tcki.nl\\\/de\\\/schadensgutachten-baumaterialien\\\/#primaryimage\",\"url\":\"https:\\\/\\\/tcki.nl\\\/wp-content\\\/uploads\\\/2019\\\/01\\\/tcki-keramisch-1920-10.jpg\",\"contentUrl\":\"https:\\\/\\\/tcki.nl\\\/wp-content\\\/uploads\\\/2019\\\/01\\\/tcki-keramisch-1920-10.jpg\",\"width\":1920,\"height\":1080},{\"@type\":\"BreadcrumbList\",\"@id\":\"https:\\\/\\\/tcki.nl\\\/de\\\/schadensgutachten-baumaterialien\\\/#breadcrumb\",\"itemListElement\":[{\"@type\":\"ListItem\",\"position\":1,\"name\":\"Home\",\"item\":\"https:\\\/\\\/tcki.nl\\\/de\\\/\"},{\"@type\":\"ListItem\",\"position\":2,\"name\":\"Schadensgutachten Baumaterialien\"}]},{\"@type\":\"WebSite\",\"@id\":\"https:\\\/\\\/tcki.nl\\\/de\\\/#website\",\"url\":\"https:\\\/\\\/tcki.nl\\\/de\\\/\",\"name\":\"TCKI\",\"description\":\"\",\"potentialAction\":[{\"@type\":\"SearchAction\",\"target\":{\"@type\":\"EntryPoint\",\"urlTemplate\":\"https:\\\/\\\/tcki.nl\\\/de\\\/?s={search_term_string}\"},\"query-input\":{\"@type\":\"PropertyValueSpecification\",\"valueRequired\":true,\"valueName\":\"search_term_string\"}}],\"inLanguage\":\"de\"}]}<\/script>\n<!-- \/ Yoast SEO plugin. -->","yoast_head_json":{"title":"Schadensgutachten Baumaterialien - TCKI","robots":{"index":"index","follow":"follow","max-snippet":"max-snippet:-1","max-image-preview":"max-image-preview:large","max-video-preview":"max-video-preview:-1"},"canonical":"https:\/\/tcki.nl\/de\/schadensgutachten-baumaterialien\/","og_locale":"de_DE","og_type":"article","og_title":"Schadensgutachten Baumaterialien - TCKI","og_description":"TCKI bietet objektiven Schadensgutachten Expertise Baumaterialen. Gelegentlich kann es vorkommen, dass in Hinsicht auf die Qualit\u00e4t von gelieferten oder verarbeiteten Baumaterialien Uneinigkeit zwischen Ihnen und dem Zulieferer besteht. Ein unabh\u00e4ngiges Gutachten ist in einem solchen Fall unabdingbar. TCKI kann durch Tests und Pr\u00fcfungen die Qualit\u00e4t der gelieferten Baumaterialien objektiv feststellen. Pr\u00fcfberichte und Gespr\u00e4che mit den [&hellip;]","og_url":"https:\/\/tcki.nl\/de\/schadensgutachten-baumaterialien\/","og_site_name":"TCKI","article_modified_time":"2021-01-29T14:33:20+00:00","og_image":[{"width":1920,"height":1080,"url":"https:\/\/tcki.nl\/wp-content\/uploads\/2019\/01\/tcki-keramisch-1920-10.jpg","type":"image\/jpeg"}],"twitter_card":"summary_large_image","schema":{"@context":"https:\/\/schema.org","@graph":[{"@type":"WebPage","@id":"https:\/\/tcki.nl\/de\/schadensgutachten-baumaterialien\/","url":"https:\/\/tcki.nl\/de\/schadensgutachten-baumaterialien\/","name":"Schadensgutachten Baumaterialien - TCKI","isPartOf":{"@id":"https:\/\/tcki.nl\/de\/#website"},"primaryImageOfPage":{"@id":"https:\/\/tcki.nl\/de\/schadensgutachten-baumaterialien\/#primaryimage"},"image":{"@id":"https:\/\/tcki.nl\/de\/schadensgutachten-baumaterialien\/#primaryimage"},"thumbnailUrl":"https:\/\/tcki.nl\/wp-content\/uploads\/2019\/01\/tcki-keramisch-1920-10.jpg","datePublished":"2019-01-10T12:56:59+00:00","dateModified":"2021-01-29T14:33:20+00:00","breadcrumb":{"@id":"https:\/\/tcki.nl\/de\/schadensgutachten-baumaterialien\/#breadcrumb"},"inLanguage":"de","potentialAction":[{"@type":"ReadAction","target":["https:\/\/tcki.nl\/de\/schadensgutachten-baumaterialien\/"]}]},{"@type":"ImageObject","inLanguage":"de","@id":"https:\/\/tcki.nl\/de\/schadensgutachten-baumaterialien\/#primaryimage","url":"https:\/\/tcki.nl\/wp-content\/uploads\/2019\/01\/tcki-keramisch-1920-10.jpg","contentUrl":"https:\/\/tcki.nl\/wp-content\/uploads\/2019\/01\/tcki-keramisch-1920-10.jpg","width":1920,"height":1080},{"@type":"BreadcrumbList","@id":"https:\/\/tcki.nl\/de\/schadensgutachten-baumaterialien\/#breadcrumb","itemListElement":[{"@type":"ListItem","position":1,"name":"Home","item":"https:\/\/tcki.nl\/de\/"},{"@type":"ListItem","position":2,"name":"Schadensgutachten Baumaterialien"}]},{"@type":"WebSite","@id":"https:\/\/tcki.nl\/de\/#website","url":"https:\/\/tcki.nl\/de\/","name":"TCKI","description":"","potentialAction":[{"@type":"SearchAction","target":{"@type":"EntryPoint","urlTemplate":"https:\/\/tcki.nl\/de\/?s={search_term_string}"},"query-input":{"@type":"PropertyValueSpecification","valueRequired":true,"valueName":"search_term_string"}}],"inLanguage":"de"}]}},"_links":{"self":[{"href":"https:\/\/tcki.nl\/de\/wp-json\/wp\/v2\/pages\/6697","targetHints":{"allow":["GET"]}}],"collection":[{"href":"https:\/\/tcki.nl\/de\/wp-json\/wp\/v2\/pages"}],"about":[{"href":"https:\/\/tcki.nl\/de\/wp-json\/wp\/v2\/types\/page"}],"author":[{"embeddable":true,"href":"https:\/\/tcki.nl\/de\/wp-json\/wp\/v2\/users\/6"}],"replies":[{"embeddable":true,"href":"https:\/\/tcki.nl\/de\/wp-json\/wp\/v2\/comments?post=6697"}],"version-history":[{"count":0,"href":"https:\/\/tcki.nl\/de\/wp-json\/wp\/v2\/pages\/6697\/revisions"}],"wp:featuredmedia":[{"embeddable":true,"href":"https:\/\/tcki.nl\/de\/wp-json\/wp\/v2\/media\/5103"}],"wp:attachment":[{"href":"https:\/\/tcki.nl\/de\/wp-json\/wp\/v2\/media?parent=6697"}],"curies":[{"name":"wp","href":"https:\/\/api.w.org\/{rel}","templated":true}]}}