{"id":6705,"date":"2019-01-10T12:57:21","date_gmt":"2019-01-10T12:57:21","guid":{"rendered":"http:\/\/tcki.wpxsite.nl\/keramisch-toepasbaar\/lood-en-cadmium-afgifte\/"},"modified":"2026-01-13T10:50:48","modified_gmt":"2026-01-13T10:50:48","slug":"abgabe-von-blei-und-kadmium","status":"publish","type":"page","link":"https:\/\/tcki.nl\/de\/abgabe-von-blei-und-kadmium\/","title":{"rendered":"Abgabe von Blei und Kadmium"},"content":{"rendered":"\n<div class=\"wp-block-columns has-2-columns two-one is-layout-flex wp-container-core-columns-is-layout-9d6595d7 wp-block-columns-is-layout-flex\">\n<div class=\"wp-block-column is-layout-flow wp-block-column-is-layout-flow\">\n<h2 class=\"wp-block-heading\">Abgabe von Blei und Kadmium.<\/h2>\n\n\n\n<p><strong>Gebrauchssteinzeug und Fliesen, die mit Lebensmitteln in Ber\u00fchrung kommen, m\u00fcssen Richtlinien zur Freisetzung von Blei (Pb) und Kadmium (Cd) in Fl\u00fcssigkeiten entsprechen.<\/strong><\/p>\n\n\n\n<p>TCKI verf\u00fcgt \u00fcber ISO\/IEC 17025 akkreditiertes Messverfahren und \u00fcberpr\u00fcft Ihre Produkte auf Einhaltung der Richtlinien.<\/p>\n\n\n\n<p>Zu unseren Pr\u00fcfleistungen geh\u00f6rt ebenfalls die Pr\u00fcfung auf Freisetzung anderer chemischer Elemente als Blei und Kadmium.<\/p>\n\n\n\n<p>TCKI verf\u00fcgt \u00fcber ein breites Spektrum an Messtechniken und Testmethoden.&nbsp;<\/p>\n<\/div>\n\n\n\n<div class=\"wp-block-column is-layout-flow wp-block-column-is-layout-flow\"><div class=\"person\"><h3>Wir helfen Ihnen gerne weiter.<\/h3><img decoding=\"async\" src=\"https:\/\/tcki.nl\/wp-content\/uploads\/2019\/01\/tcki-ineke-geist-1920-320x170.jpg\" \/><h4>ing. Ineke Geist<\/h4><span class=\"line\">Sektion Laboratorium<\/span><a class=\"line\" href=\"tel:\"><\/a><a class=\"line last\" href=\"mailto:\"><\/a><\/div>\n\n<div class=\"person\"><img decoding=\"async\" src=\"https:\/\/tcki.nl\/wp-content\/uploads\/2019\/01\/tcki-marco-bouwman-1920-320x170.jpg\" \/><h4>Marco Bouwman<\/h4><span class=\"line\">T\u00e4gliches Management Laboratorium<\/span><a class=\"line\" href=\"tel:\"><\/a><a class=\"line last\" href=\"mailto:\"><\/a><\/div>\n\n\n<p>Wenn Sie mehr \u00fcber die M\u00f6glichkeiten unseres Labors erfahren m\u00f6chten,\u00a0<a href=\"https:\/\/tcki.nl\/de\/downloads\/\">k\u00f6nnen Sie hier per Mausklick unseren Laborprospekt herunterladen.<\/a><a href=\"https:\/\/tcki.nl\/wp-content\/uploads\/2019\/01\/TCKI-Laboratoriumprospectus-2019-NL.pdf\" target=\"_blank\" rel=\"noreferrer noopener\"><\/a><\/p>\n<\/div>\n<\/div>\n\n\n<div class=\"hoverbox alignwide\" id=\"hoverbox-block_ccdd481d964cedcde7d79dec6deb7938\"><div class=\"desc\"><\/div><\/div><style type=\"text\/css\">#hoverbox-block_ccdd481d964cedcde7d79dec6deb7938{background-image: url(\"https:\/\/tcki.nl\/wp-content\/uploads\/2019\/01\/tcki-laboratorium-1920-2.jpg\");overflow: hidden;height: 0;padding-top: 56.25%;}<\/style>","protected":false},"excerpt":{"rendered":"<p>Abgabe von Blei und Kadmium. Gebrauchssteinzeug und Fliesen, die mit Lebensmitteln in Ber\u00fchrung kommen, m\u00fcssen Richtlinien zur Freisetzung von Blei (Pb) und Kadmium (Cd) in Fl\u00fcssigkeiten entsprechen. TCKI verf\u00fcgt \u00fcber ISO\/IEC 17025 akkreditiertes Messverfahren und \u00fcberpr\u00fcft Ihre Produkte auf Einhaltung der Richtlinien. Zu unseren Pr\u00fcfleistungen geh\u00f6rt ebenfalls die Pr\u00fcfung auf Freisetzung anderer chemischer Elemente als [&hellip;]<\/p>\n","protected":false},"author":6,"featured_media":5148,"parent":0,"menu_order":0,"comment_status":"closed","ping_status":"closed","template":"","meta":{"_acf_changed":false,"_genesis_hide_title":false,"_genesis_hide_breadcrumbs":false,"_genesis_hide_singular_image":false,"_genesis_hide_footer_widgets":false,"_genesis_custom_body_class":"","_genesis_custom_post_class":"","_genesis_layout":"","footnotes":""},"class_list":{"0":"post-6705","1":"page","2":"type-page","3":"status-publish","5":"entry"},"acf":[],"yoast_head":"<!-- This site is optimized with the Yoast SEO plugin v27.5 - https:\/\/yoast.com\/product\/yoast-seo-wordpress\/ -->\n<title>Abgabe von Blei und Kadmium - TCKI<\/title>\n<meta name=\"robots\" content=\"index, follow, max-snippet:-1, max-image-preview:large, max-video-preview:-1\" \/>\n<link rel=\"canonical\" href=\"https:\/\/tcki.nl\/de\/abgabe-von-blei-und-kadmium\/\" \/>\n<meta property=\"og:locale\" content=\"de_DE\" \/>\n<meta property=\"og:type\" content=\"article\" \/>\n<meta property=\"og:title\" content=\"Abgabe von Blei und Kadmium - TCKI\" \/>\n<meta property=\"og:description\" content=\"Abgabe von Blei und Kadmium. Gebrauchssteinzeug und Fliesen, die mit Lebensmitteln in Ber\u00fchrung kommen, m\u00fcssen Richtlinien zur Freisetzung von Blei (Pb) und Kadmium (Cd) in Fl\u00fcssigkeiten entsprechen. TCKI verf\u00fcgt \u00fcber ISO\/IEC 17025 akkreditiertes Messverfahren und \u00fcberpr\u00fcft Ihre Produkte auf Einhaltung der Richtlinien. Zu unseren Pr\u00fcfleistungen geh\u00f6rt ebenfalls die Pr\u00fcfung auf Freisetzung anderer chemischer Elemente als [&hellip;]\" \/>\n<meta property=\"og:url\" content=\"https:\/\/tcki.nl\/de\/abgabe-von-blei-und-kadmium\/\" \/>\n<meta property=\"og:site_name\" content=\"TCKI\" \/>\n<meta property=\"article:modified_time\" content=\"2026-01-13T10:50:48+00:00\" \/>\n<meta property=\"og:image\" content=\"https:\/\/tcki.nl\/wp-content\/uploads\/2019\/01\/tcki-keramisch-1920-25.jpg\" \/>\n\t<meta property=\"og:image:width\" content=\"1920\" \/>\n\t<meta property=\"og:image:height\" content=\"1080\" \/>\n\t<meta property=\"og:image:type\" content=\"image\/jpeg\" \/>\n<meta name=\"twitter:card\" content=\"summary_large_image\" \/>\n<meta name=\"twitter:label1\" content=\"Gesch\u00e4tzte Lesezeit\" \/>\n\t<meta name=\"twitter:data1\" content=\"1\u00a0Minute\" \/>\n<script type=\"application\/ld+json\" class=\"yoast-schema-graph\">{\"@context\":\"https:\\\/\\\/schema.org\",\"@graph\":[{\"@type\":\"WebPage\",\"@id\":\"https:\\\/\\\/tcki.nl\\\/de\\\/abgabe-von-blei-und-kadmium\\\/\",\"url\":\"https:\\\/\\\/tcki.nl\\\/de\\\/abgabe-von-blei-und-kadmium\\\/\",\"name\":\"Abgabe von Blei und Kadmium - TCKI\",\"isPartOf\":{\"@id\":\"https:\\\/\\\/tcki.nl\\\/de\\\/#website\"},\"primaryImageOfPage\":{\"@id\":\"https:\\\/\\\/tcki.nl\\\/de\\\/abgabe-von-blei-und-kadmium\\\/#primaryimage\"},\"image\":{\"@id\":\"https:\\\/\\\/tcki.nl\\\/de\\\/abgabe-von-blei-und-kadmium\\\/#primaryimage\"},\"thumbnailUrl\":\"https:\\\/\\\/tcki.nl\\\/wp-content\\\/uploads\\\/2019\\\/01\\\/tcki-keramisch-1920-25.jpg\",\"datePublished\":\"2019-01-10T12:57:21+00:00\",\"dateModified\":\"2026-01-13T10:50:48+00:00\",\"breadcrumb\":{\"@id\":\"https:\\\/\\\/tcki.nl\\\/de\\\/abgabe-von-blei-und-kadmium\\\/#breadcrumb\"},\"inLanguage\":\"de\",\"potentialAction\":[{\"@type\":\"ReadAction\",\"target\":[\"https:\\\/\\\/tcki.nl\\\/de\\\/abgabe-von-blei-und-kadmium\\\/\"]}]},{\"@type\":\"ImageObject\",\"inLanguage\":\"de\",\"@id\":\"https:\\\/\\\/tcki.nl\\\/de\\\/abgabe-von-blei-und-kadmium\\\/#primaryimage\",\"url\":\"https:\\\/\\\/tcki.nl\\\/wp-content\\\/uploads\\\/2019\\\/01\\\/tcki-keramisch-1920-25.jpg\",\"contentUrl\":\"https:\\\/\\\/tcki.nl\\\/wp-content\\\/uploads\\\/2019\\\/01\\\/tcki-keramisch-1920-25.jpg\",\"width\":1920,\"height\":1080},{\"@type\":\"BreadcrumbList\",\"@id\":\"https:\\\/\\\/tcki.nl\\\/de\\\/abgabe-von-blei-und-kadmium\\\/#breadcrumb\",\"itemListElement\":[{\"@type\":\"ListItem\",\"position\":1,\"name\":\"Home\",\"item\":\"https:\\\/\\\/tcki.nl\\\/de\\\/\"},{\"@type\":\"ListItem\",\"position\":2,\"name\":\"Abgabe von Blei und Kadmium\"}]},{\"@type\":\"WebSite\",\"@id\":\"https:\\\/\\\/tcki.nl\\\/de\\\/#website\",\"url\":\"https:\\\/\\\/tcki.nl\\\/de\\\/\",\"name\":\"TCKI\",\"description\":\"\",\"potentialAction\":[{\"@type\":\"SearchAction\",\"target\":{\"@type\":\"EntryPoint\",\"urlTemplate\":\"https:\\\/\\\/tcki.nl\\\/de\\\/?s={search_term_string}\"},\"query-input\":{\"@type\":\"PropertyValueSpecification\",\"valueRequired\":true,\"valueName\":\"search_term_string\"}}],\"inLanguage\":\"de\"}]}<\/script>\n<!-- \/ Yoast SEO plugin. -->","yoast_head_json":{"title":"Abgabe von Blei und Kadmium - TCKI","robots":{"index":"index","follow":"follow","max-snippet":"max-snippet:-1","max-image-preview":"max-image-preview:large","max-video-preview":"max-video-preview:-1"},"canonical":"https:\/\/tcki.nl\/de\/abgabe-von-blei-und-kadmium\/","og_locale":"de_DE","og_type":"article","og_title":"Abgabe von Blei und Kadmium - TCKI","og_description":"Abgabe von Blei und Kadmium. Gebrauchssteinzeug und Fliesen, die mit Lebensmitteln in Ber\u00fchrung kommen, m\u00fcssen Richtlinien zur Freisetzung von Blei (Pb) und Kadmium (Cd) in Fl\u00fcssigkeiten entsprechen. TCKI verf\u00fcgt \u00fcber ISO\/IEC 17025 akkreditiertes Messverfahren und \u00fcberpr\u00fcft Ihre Produkte auf Einhaltung der Richtlinien. Zu unseren Pr\u00fcfleistungen geh\u00f6rt ebenfalls die Pr\u00fcfung auf Freisetzung anderer chemischer Elemente als [&hellip;]","og_url":"https:\/\/tcki.nl\/de\/abgabe-von-blei-und-kadmium\/","og_site_name":"TCKI","article_modified_time":"2026-01-13T10:50:48+00:00","og_image":[{"width":1920,"height":1080,"url":"https:\/\/tcki.nl\/wp-content\/uploads\/2019\/01\/tcki-keramisch-1920-25.jpg","type":"image\/jpeg"}],"twitter_card":"summary_large_image","twitter_misc":{"Gesch\u00e4tzte Lesezeit":"1\u00a0Minute"},"schema":{"@context":"https:\/\/schema.org","@graph":[{"@type":"WebPage","@id":"https:\/\/tcki.nl\/de\/abgabe-von-blei-und-kadmium\/","url":"https:\/\/tcki.nl\/de\/abgabe-von-blei-und-kadmium\/","name":"Abgabe von Blei und Kadmium - TCKI","isPartOf":{"@id":"https:\/\/tcki.nl\/de\/#website"},"primaryImageOfPage":{"@id":"https:\/\/tcki.nl\/de\/abgabe-von-blei-und-kadmium\/#primaryimage"},"image":{"@id":"https:\/\/tcki.nl\/de\/abgabe-von-blei-und-kadmium\/#primaryimage"},"thumbnailUrl":"https:\/\/tcki.nl\/wp-content\/uploads\/2019\/01\/tcki-keramisch-1920-25.jpg","datePublished":"2019-01-10T12:57:21+00:00","dateModified":"2026-01-13T10:50:48+00:00","breadcrumb":{"@id":"https:\/\/tcki.nl\/de\/abgabe-von-blei-und-kadmium\/#breadcrumb"},"inLanguage":"de","potentialAction":[{"@type":"ReadAction","target":["https:\/\/tcki.nl\/de\/abgabe-von-blei-und-kadmium\/"]}]},{"@type":"ImageObject","inLanguage":"de","@id":"https:\/\/tcki.nl\/de\/abgabe-von-blei-und-kadmium\/#primaryimage","url":"https:\/\/tcki.nl\/wp-content\/uploads\/2019\/01\/tcki-keramisch-1920-25.jpg","contentUrl":"https:\/\/tcki.nl\/wp-content\/uploads\/2019\/01\/tcki-keramisch-1920-25.jpg","width":1920,"height":1080},{"@type":"BreadcrumbList","@id":"https:\/\/tcki.nl\/de\/abgabe-von-blei-und-kadmium\/#breadcrumb","itemListElement":[{"@type":"ListItem","position":1,"name":"Home","item":"https:\/\/tcki.nl\/de\/"},{"@type":"ListItem","position":2,"name":"Abgabe von Blei und Kadmium"}]},{"@type":"WebSite","@id":"https:\/\/tcki.nl\/de\/#website","url":"https:\/\/tcki.nl\/de\/","name":"TCKI","description":"","potentialAction":[{"@type":"SearchAction","target":{"@type":"EntryPoint","urlTemplate":"https:\/\/tcki.nl\/de\/?s={search_term_string}"},"query-input":{"@type":"PropertyValueSpecification","valueRequired":true,"valueName":"search_term_string"}}],"inLanguage":"de"}]}},"_links":{"self":[{"href":"https:\/\/tcki.nl\/de\/wp-json\/wp\/v2\/pages\/6705","targetHints":{"allow":["GET"]}}],"collection":[{"href":"https:\/\/tcki.nl\/de\/wp-json\/wp\/v2\/pages"}],"about":[{"href":"https:\/\/tcki.nl\/de\/wp-json\/wp\/v2\/types\/page"}],"author":[{"embeddable":true,"href":"https:\/\/tcki.nl\/de\/wp-json\/wp\/v2\/users\/6"}],"replies":[{"embeddable":true,"href":"https:\/\/tcki.nl\/de\/wp-json\/wp\/v2\/comments?post=6705"}],"version-history":[{"count":2,"href":"https:\/\/tcki.nl\/de\/wp-json\/wp\/v2\/pages\/6705\/revisions"}],"predecessor-version":[{"id":12933,"href":"https:\/\/tcki.nl\/de\/wp-json\/wp\/v2\/pages\/6705\/revisions\/12933"}],"wp:featuredmedia":[{"embeddable":true,"href":"https:\/\/tcki.nl\/de\/wp-json\/wp\/v2\/media\/5148"}],"wp:attachment":[{"href":"https:\/\/tcki.nl\/de\/wp-json\/wp\/v2\/media?parent=6705"}],"curies":[{"name":"wp","href":"https:\/\/api.w.org\/{rel}","templated":true}]}}