{"id":6726,"date":"2019-01-10T13:04:54","date_gmt":"2019-01-10T13:04:54","guid":{"rendered":"http:\/\/tcki.wpxsite.nl\/algemeen-toepasbaar-advies-en-onderzoek\/antislipmeting\/"},"modified":"2019-02-26T10:33:46","modified_gmt":"2019-02-26T10:33:46","slug":"griffigkeit-rustschicherung","status":"publish","type":"page","link":"https:\/\/tcki.nl\/de\/griffigkeit-rustschicherung\/","title":{"rendered":"Griffigkeit, Rustschicherung"},"content":{"rendered":"\n<div class=\"wp-block-columns alignwide has-2-columns two-one is-layout-flex wp-container-core-columns-is-layout-9d6595d7 wp-block-columns-is-layout-flex\">\n<div class=\"wp-block-column is-layout-flow wp-block-column-is-layout-flow\"><div class=\"hoverbox \" id=\"hoverbox-block_5c3c9fa8352d1\"><div class=\"desc\"><\/div><\/div><style type=\"text\/css\">#hoverbox-block_5c3c9fa8352d1{background-image: url(\"https:\/\/tcki.nl\/wp-content\/uploads\/2019\/01\/tcki-antislip-1920-2.jpg\");}<\/style><\/div>\n\n\n\n<div class=\"wp-block-column is-layout-flow wp-block-column-is-layout-flow\"><div class=\"hoverbox \" id=\"hoverbox-block_5c3c9fae352d2\"><div class=\"desc\"><\/div><\/div><style type=\"text\/css\">#hoverbox-block_5c3c9fae352d2{background-image: url(\"https:\/\/tcki.nl\/wp-content\/uploads\/2019\/01\/tcki-antislip-1080-1.jpg\");}<\/style><\/div>\n<\/div>\n\n\n\n<div class=\"wp-block-columns alignwide has-2-columns one-two is-layout-flex wp-container-core-columns-is-layout-9d6595d7 wp-block-columns-is-layout-flex\">\n<div class=\"wp-block-column is-layout-flow wp-block-column-is-layout-flow\"><div class=\"hoverbox \" id=\"hoverbox-block_5c3c5a4e61eb2\"><div class=\"desc\"><\/div><\/div><style type=\"text\/css\">#hoverbox-block_5c3c5a4e61eb2{background-image: url(\"https:\/\/tcki.nl\/wp-content\/uploads\/2019\/01\/tcki-antislip-1080-4.jpg\");}<\/style><\/div>\n\n\n\n<div class=\"wp-block-column is-layout-flow wp-block-column-is-layout-flow\"><div class=\"hoverbox \" id=\"hoverbox-block_5c3c5a5361eb3\"><div class=\"desc\"><\/div><\/div><style type=\"text\/css\">#hoverbox-block_5c3c5a5361eb3{background-image: url(\"https:\/\/tcki.nl\/wp-content\/uploads\/2019\/01\/tcki-antislip-1920-5.jpg\");}<\/style><\/div>\n<\/div>\n\n\n\n<div class=\"wp-block-columns alignwide has-2-columns two-one is-layout-flex wp-container-core-columns-is-layout-9d6595d7 wp-block-columns-is-layout-flex\">\n<div class=\"wp-block-column is-layout-flow wp-block-column-is-layout-flow\"><div class=\"hoverbox \" id=\"hoverbox-block_5c3c5a9d61eb4\"><div class=\"desc\"><\/div><\/div><style type=\"text\/css\">#hoverbox-block_5c3c5a9d61eb4{background-image: url(\"https:\/\/tcki.nl\/wp-content\/uploads\/2019\/01\/tcki-antislip-1920-6.jpg\");}<\/style><\/div>\n\n\n\n<div class=\"wp-block-column is-layout-flow wp-block-column-is-layout-flow\"><div class=\"hoverbox \" id=\"hoverbox-block_5c3c5aab61eb6\"><div class=\"desc\"><\/div><\/div><style type=\"text\/css\">#hoverbox-block_5c3c5aab61eb6{background-image: url(\"https:\/\/tcki.nl\/wp-content\/uploads\/2019\/01\/tcki-antislip-1080-8.jpg\");}<\/style><\/div>\n<\/div>\n\n\n<script type=\"text\/javascript\">(function($) {$( \".breadcrumb\" ).remove();})(jQuery);<\/script><div class=\"breadcrumb\"><span class=\"breadcrumb-link-wrap\"><a class=\"breadcrumb-link\" href=\"https:\/\/tcki.nl\/de\/\"><span class=\"breadcrumb-link-text-wrap\">Start<\/span><\/a><meta ><\/span><\/div>\n\n\n<div class=\"wp-block-columns has-2-columns two-one is-layout-flex wp-container-core-columns-is-layout-9d6595d7 wp-block-columns-is-layout-flex\">\n<div class=\"wp-block-column is-layout-flow wp-block-column-is-layout-flow\">\n<h2 class=\"wp-block-heading\">TCKI verf\u00fcgt \u00fcber ein breites Spektrum an<br>Messtechniken und Testmethoden.<\/h2>\n\n\n\n<p><strong>Dazu nehmen wir Risikoinventarisierungen und Risikobeurteilungen vor, messen Gefahrstoffmengen sowie die L\u00e4rm- und Staubbelastung f\u00fcr die Mitarbeiter. Bei der Staubbelastung messen wir den Gehalt an Feinstaub bzw. lungeng\u00e4ngigem Staub. TCKI verf\u00fcgt \u00fcber spezialisierte Testmethoden zur Feststellung von lungeng\u00e4ngigen Quarzkonzentrationen an jedem Arbeitsplatz.<\/strong><\/p>\n\n\n\n<p>TCKI verf\u00fcgt \u00fcber die Kenntnisse und Instrumente, um die Zusammensetzung von B\u00f6den, Wasser und Gasstr\u00f6men zu messen und Verteilungsmodellberechnungen bei Emissionen in die Atmosph\u00e4re durchzuf\u00fchren. Auf diese Weise k\u00f6nnen wir die Belastung des Bodens, der Grund- und Oberfl\u00e4chenwasser und der Atmosph\u00e4re, beispielsweise durch eine industrielle Aktivit\u00e4t, genau ermitteln und aufzeichnen. Mit Hilfe von Rechenmodellen k\u00f6nnen wir \u00fcberdies L\u00e4rmkonturen im Bereich einer (industriellen) Aktivit\u00e4t messen.Zum Leistungskatalog von TCKI geh\u00f6rt unter anderem auch die Inventarisierung, ob eine bestimmte T\u00e4tigkeit an einem Arbeitsplatz zu kurz- oder langfristigen Gesundheitsrisiken f\u00fchren kann.<\/p>\n\n\n\n<h2 class=\"wp-block-heading\">Akustik, L\u00e4rmmessungen am Arbeitsplatz.<\/h2>\n\n\n\n<p>TCKI f\u00fchrt L\u00e4rmmessungen an verschiedenen Stellen in Firmen durch. Auf der Grundlage der Messergebnisse werden ggf. Verbesserungsma\u00dfnahmen vorgeschlagen und begleitet.<\/p>\n\n\n\n<p>Bei dieser Vorgehensweise wird das gemeinsame Fachwissen der Messgruppe und der Beratungsgruppe von TCKI kombiniert. Auch andere Sektoren \u2013 au\u00dferhalb der keramischen Industrie \u2013 k\u00f6nnen unser spezialistisches Fachwissen in Anspruch nehmen.<\/p>\n\n\n\n<h2 class=\"wp-block-heading\">Bei einer umfassenderen Risikoinventarisierung und<br>Risikobeurteilung werden Gefahrstoffe in einem Betrieb ermittelt.<\/h2>\n\n\n\n<p>Dabei wird unterschieden nach:<\/p>\n\n\n\n<ul class=\"wp-block-list\"><li><strong>Produktgebundenen Gefahrstoffen (z. B. lungeng\u00e4ngiger Quarzstaub)<\/strong><\/li><li><strong>Prozessgebundenen Gefahrstoffen (z. B. Gas und \u00d6l)<\/strong><\/li><li><strong>Geb\u00e4udegebundenen Gefahrstoffen (z. B. Neonr\u00f6hren und Asbest)<\/strong><\/li><\/ul>\n\n\n\n<p>Auf Grundlage der durchgef\u00fchrten Inventarisierung kann festgestellt werden, ob zus\u00e4tzliche Messungen erforderlich sind.<\/p>\n\n\n\n<p>TCKI ist als eines der wenigen Labore vom Niederl\u00e4ndischen Akkreditierungsrat RvA akkreditiert, um Messungen und Analysen nach Quarzfeinstaub als Pr\u00fcfung im Sinne des Arbeitsschutzgesetzes durchzuf\u00fchren.<\/p>\n\n\n\n<h2 class=\"wp-block-heading\">TCKI nimmt Risikoinventarisierungen und Risikobewertungen vor.<\/h2>\n\n\n\n<p>TCKI nimmt Risikoinventarisierungen und Risikobewertungen vor. Auf Basis von Inspektionen vor Ort formulieren wir Empfehlungen zur Verbesserung der Sicherheit von Arbeitnehmern und Dritten und begleiten die entsprechende Durchf\u00fchrung der Empfehlungen.<br>Die von uns gemessenen Ergebnisse werden in einem Bericht f\u00fcr das Unternehmen zusammengefasst und ggf. von der Arbeitsschutzbeh\u00f6rde gepr\u00fcft.<\/p>\n\n\n\n<p><\/p>\n<\/div>\n\n\n\n<div class=\"wp-block-column is-layout-flow wp-block-column-is-layout-flow\"><div class=\"person\"><h3>Wir helfen Ihnen gerne weiter.<\/h3><img decoding=\"async\" src=\"https:\/\/tcki.nl\/wp-content\/uploads\/2019\/01\/tcki-marco-bouwman-1920-320x170.jpg\" \/><h4>Marco Bouwman<\/h4><span class=\"line\">T\u00e4gliches Management Laboratorium<\/span><a class=\"line\" href=\"tel:\"><\/a><a class=\"line last\" href=\"mailto:\"><\/a><\/div>\n\n<div class=\"person\"><img decoding=\"async\" src=\"https:\/\/tcki.nl\/wp-content\/uploads\/2019\/01\/tcki-rob-mentink-1920-320x170.jpg\" \/><h4>ing. Rob Mentink<\/h4><span class=\"line\">Abteilungsleiter Technik<\/span><a class=\"line\" href=\"tel:\"><\/a><a class=\"line last\" href=\"mailto:\"><\/a><\/div>\n\n<div class=\"person\"><img decoding=\"async\" src=\"https:\/\/tcki.nl\/wp-content\/uploads\/2019\/01\/tcki-ronny-lugtenberg-1920-320x170.jpg\" \/><h4>dr. ir. Ronny Lugtenberg<\/h4><span class=\"line\">Direktor<\/span><a class=\"line\" href=\"tel:\"><\/a><a class=\"line last\" href=\"mailto:\"><\/a><\/div><\/div>\n<\/div>\n\n\n\n<div class=\"wp-block-columns alignwide has-2-columns two-one is-layout-flex wp-container-core-columns-is-layout-9d6595d7 wp-block-columns-is-layout-flex\">\n<div class=\"wp-block-column is-layout-flow wp-block-column-is-layout-flow\"><div class=\"hoverbox \" id=\"hoverbox-block_5c4732aca876f\"><div class=\"desc\"><h4>Rutschsicherungs<h2>Gummibeschichtung gleitet.<\/h2><\/div><\/div><style type=\"text\/css\">#hoverbox-block_5c4732aca876f{background-image: url(\"https:\/\/tcki.nl\/wp-content\/uploads\/2019\/01\/tcki-antislip-1920-11.jpg\");}<\/style><\/div>\n\n\n\n<div class=\"wp-block-column is-layout-flow wp-block-column-is-layout-flow\"><div class=\"hoverbox \" id=\"hoverbox-block_5c4732aea8770\"><div class=\"desc\"><h4>Rutschsicherungs<h2>Dynamischer Reibungskoeffizient nass.<\/h2><\/div><\/div><style type=\"text\/css\">#hoverbox-block_5c4732aea8770{background-image: url(\"https:\/\/tcki.nl\/wp-content\/uploads\/2019\/01\/tcki-antislip-1080-12.jpg\");}<\/style><\/div>\n<\/div>\n\n\n\n<div class=\"wp-block-columns alignwide has-2-columns one-two is-layout-flex wp-container-core-columns-is-layout-9d6595d7 wp-block-columns-is-layout-flex\">\n<div class=\"wp-block-column is-layout-flow wp-block-column-is-layout-flow\"><div class=\"hoverbox \" id=\"hoverbox-block_5c4732dda8771\"><div class=\"desc\"><h4>Rutschsicherungs<h2>Pendelmethode.<\/h2><\/div><\/div><style type=\"text\/css\">#hoverbox-block_5c4732dda8771{background-image: url(\"https:\/\/tcki.nl\/wp-content\/uploads\/2019\/01\/tcki-antislip-1080-10.jpg\");}<\/style><\/div>\n\n\n\n<div class=\"wp-block-column is-layout-flow wp-block-column-is-layout-flow\"><div class=\"hoverbox \" id=\"hoverbox-block_5c4732f1a8772\"><div class=\"desc\"><h4>Rutschsicherungs<h2>Messmethode an der schiefen ebene.<\/h2><\/div><\/div><style type=\"text\/css\">#hoverbox-block_5c4732f1a8772{background-image: url(\"https:\/\/tcki.nl\/wp-content\/uploads\/2019\/01\/tcki-antislip-1920-13.jpg\");}<\/style><\/div>\n<\/div>\n","protected":false},"excerpt":{"rendered":"<p>TCKI verf\u00fcgt \u00fcber ein breites Spektrum anMesstechniken und Testmethoden. Dazu nehmen wir Risikoinventarisierungen und Risikobeurteilungen vor, messen Gefahrstoffmengen sowie die L\u00e4rm- und Staubbelastung f\u00fcr die Mitarbeiter. Bei der Staubbelastung messen wir den Gehalt an Feinstaub bzw. lungeng\u00e4ngigem Staub. TCKI verf\u00fcgt \u00fcber spezialisierte Testmethoden zur Feststellung von lungeng\u00e4ngigen Quarzkonzentrationen an jedem Arbeitsplatz. TCKI verf\u00fcgt \u00fcber die [&hellip;]<\/p>\n","protected":false},"author":6,"featured_media":0,"parent":0,"menu_order":0,"comment_status":"closed","ping_status":"closed","template":"","meta":{"_acf_changed":false,"_genesis_hide_title":false,"_genesis_hide_breadcrumbs":false,"_genesis_hide_singular_image":false,"_genesis_hide_footer_widgets":false,"_genesis_custom_body_class":"","_genesis_custom_post_class":"","_genesis_layout":"","footnotes":""},"class_list":{"0":"post-6726","1":"page","2":"type-page","3":"status-publish","5":"entry"},"acf":[],"yoast_head":"<!-- This site is optimized with the Yoast SEO plugin v27.0 - https:\/\/yoast.com\/product\/yoast-seo-wordpress\/ -->\n<title>Griffigkeit, Rustschicherung - TCKI<\/title>\n<meta name=\"robots\" content=\"index, follow, max-snippet:-1, max-image-preview:large, max-video-preview:-1\" \/>\n<link rel=\"canonical\" href=\"https:\/\/tcki.nl\/de\/griffigkeit-rustschicherung\/\" \/>\n<meta property=\"og:locale\" content=\"de_DE\" \/>\n<meta property=\"og:type\" content=\"article\" \/>\n<meta property=\"og:title\" content=\"Griffigkeit, Rustschicherung - TCKI\" \/>\n<meta property=\"og:description\" content=\"TCKI verf\u00fcgt \u00fcber ein breites Spektrum anMesstechniken und Testmethoden. Dazu nehmen wir Risikoinventarisierungen und Risikobeurteilungen vor, messen Gefahrstoffmengen sowie die L\u00e4rm- und Staubbelastung f\u00fcr die Mitarbeiter. Bei der Staubbelastung messen wir den Gehalt an Feinstaub bzw. lungeng\u00e4ngigem Staub. TCKI verf\u00fcgt \u00fcber spezialisierte Testmethoden zur Feststellung von lungeng\u00e4ngigen Quarzkonzentrationen an jedem Arbeitsplatz. TCKI verf\u00fcgt \u00fcber die [&hellip;]\" \/>\n<meta property=\"og:url\" content=\"https:\/\/tcki.nl\/de\/griffigkeit-rustschicherung\/\" \/>\n<meta property=\"og:site_name\" content=\"TCKI\" \/>\n<meta property=\"article:modified_time\" content=\"2019-02-26T10:33:46+00:00\" \/>\n<meta name=\"twitter:card\" content=\"summary_large_image\" \/>\n<meta name=\"twitter:label1\" content=\"Gesch\u00e4tzte Lesezeit\" \/>\n\t<meta name=\"twitter:data1\" content=\"2\u00a0Minuten\" \/>\n<script type=\"application\/ld+json\" class=\"yoast-schema-graph\">{\"@context\":\"https:\/\/schema.org\",\"@graph\":[{\"@type\":\"WebPage\",\"@id\":\"https:\/\/tcki.nl\/de\/griffigkeit-rustschicherung\/\",\"url\":\"https:\/\/tcki.nl\/de\/griffigkeit-rustschicherung\/\",\"name\":\"Griffigkeit, Rustschicherung - TCKI\",\"isPartOf\":{\"@id\":\"https:\/\/tcki.nl\/de\/#website\"},\"datePublished\":\"2019-01-10T13:04:54+00:00\",\"dateModified\":\"2019-02-26T10:33:46+00:00\",\"breadcrumb\":{\"@id\":\"https:\/\/tcki.nl\/de\/griffigkeit-rustschicherung\/#breadcrumb\"},\"inLanguage\":\"de\",\"potentialAction\":[{\"@type\":\"ReadAction\",\"target\":[\"https:\/\/tcki.nl\/de\/griffigkeit-rustschicherung\/\"]}]},{\"@type\":\"BreadcrumbList\",\"@id\":\"https:\/\/tcki.nl\/de\/griffigkeit-rustschicherung\/#breadcrumb\",\"itemListElement\":[{\"@type\":\"ListItem\",\"position\":1,\"name\":\"Home\",\"item\":\"https:\/\/tcki.nl\/de\/\"},{\"@type\":\"ListItem\",\"position\":2,\"name\":\"Griffigkeit, Rustschicherung\"}]},{\"@type\":\"WebSite\",\"@id\":\"https:\/\/tcki.nl\/de\/#website\",\"url\":\"https:\/\/tcki.nl\/de\/\",\"name\":\"TCKI\",\"description\":\"\",\"potentialAction\":[{\"@type\":\"SearchAction\",\"target\":{\"@type\":\"EntryPoint\",\"urlTemplate\":\"https:\/\/tcki.nl\/de\/?s={search_term_string}\"},\"query-input\":{\"@type\":\"PropertyValueSpecification\",\"valueRequired\":true,\"valueName\":\"search_term_string\"}}],\"inLanguage\":\"de\"}]}<\/script>\n<!-- \/ Yoast SEO plugin. -->","yoast_head_json":{"title":"Griffigkeit, Rustschicherung - TCKI","robots":{"index":"index","follow":"follow","max-snippet":"max-snippet:-1","max-image-preview":"max-image-preview:large","max-video-preview":"max-video-preview:-1"},"canonical":"https:\/\/tcki.nl\/de\/griffigkeit-rustschicherung\/","og_locale":"de_DE","og_type":"article","og_title":"Griffigkeit, Rustschicherung - TCKI","og_description":"TCKI verf\u00fcgt \u00fcber ein breites Spektrum anMesstechniken und Testmethoden. Dazu nehmen wir Risikoinventarisierungen und Risikobeurteilungen vor, messen Gefahrstoffmengen sowie die L\u00e4rm- und Staubbelastung f\u00fcr die Mitarbeiter. Bei der Staubbelastung messen wir den Gehalt an Feinstaub bzw. lungeng\u00e4ngigem Staub. TCKI verf\u00fcgt \u00fcber spezialisierte Testmethoden zur Feststellung von lungeng\u00e4ngigen Quarzkonzentrationen an jedem Arbeitsplatz. TCKI verf\u00fcgt \u00fcber die [&hellip;]","og_url":"https:\/\/tcki.nl\/de\/griffigkeit-rustschicherung\/","og_site_name":"TCKI","article_modified_time":"2019-02-26T10:33:46+00:00","twitter_card":"summary_large_image","twitter_misc":{"Gesch\u00e4tzte Lesezeit":"2\u00a0Minuten"},"schema":{"@context":"https:\/\/schema.org","@graph":[{"@type":"WebPage","@id":"https:\/\/tcki.nl\/de\/griffigkeit-rustschicherung\/","url":"https:\/\/tcki.nl\/de\/griffigkeit-rustschicherung\/","name":"Griffigkeit, Rustschicherung - TCKI","isPartOf":{"@id":"https:\/\/tcki.nl\/de\/#website"},"datePublished":"2019-01-10T13:04:54+00:00","dateModified":"2019-02-26T10:33:46+00:00","breadcrumb":{"@id":"https:\/\/tcki.nl\/de\/griffigkeit-rustschicherung\/#breadcrumb"},"inLanguage":"de","potentialAction":[{"@type":"ReadAction","target":["https:\/\/tcki.nl\/de\/griffigkeit-rustschicherung\/"]}]},{"@type":"BreadcrumbList","@id":"https:\/\/tcki.nl\/de\/griffigkeit-rustschicherung\/#breadcrumb","itemListElement":[{"@type":"ListItem","position":1,"name":"Home","item":"https:\/\/tcki.nl\/de\/"},{"@type":"ListItem","position":2,"name":"Griffigkeit, Rustschicherung"}]},{"@type":"WebSite","@id":"https:\/\/tcki.nl\/de\/#website","url":"https:\/\/tcki.nl\/de\/","name":"TCKI","description":"","potentialAction":[{"@type":"SearchAction","target":{"@type":"EntryPoint","urlTemplate":"https:\/\/tcki.nl\/de\/?s={search_term_string}"},"query-input":{"@type":"PropertyValueSpecification","valueRequired":true,"valueName":"search_term_string"}}],"inLanguage":"de"}]}},"_links":{"self":[{"href":"https:\/\/tcki.nl\/de\/wp-json\/wp\/v2\/pages\/6726","targetHints":{"allow":["GET"]}}],"collection":[{"href":"https:\/\/tcki.nl\/de\/wp-json\/wp\/v2\/pages"}],"about":[{"href":"https:\/\/tcki.nl\/de\/wp-json\/wp\/v2\/types\/page"}],"author":[{"embeddable":true,"href":"https:\/\/tcki.nl\/de\/wp-json\/wp\/v2\/users\/6"}],"replies":[{"embeddable":true,"href":"https:\/\/tcki.nl\/de\/wp-json\/wp\/v2\/comments?post=6726"}],"version-history":[{"count":0,"href":"https:\/\/tcki.nl\/de\/wp-json\/wp\/v2\/pages\/6726\/revisions"}],"wp:attachment":[{"href":"https:\/\/tcki.nl\/de\/wp-json\/wp\/v2\/media?parent=6726"}],"curies":[{"name":"wp","href":"https:\/\/api.w.org\/{rel}","templated":true}]}}