{"id":6740,"date":"2019-01-10T13:07:56","date_gmt":"2019-01-10T13:07:56","guid":{"rendered":"http:\/\/tcki.wpxsite.nl\/algemeen-toepasbaar-advies-en-onderzoek\/emissie-metingen\/"},"modified":"2019-02-26T10:39:01","modified_gmt":"2019-02-26T10:39:01","slug":"emissionsmessungen","status":"publish","type":"page","link":"https:\/\/tcki.nl\/de\/emissionsmessungen\/","title":{"rendered":"Emissionsmessungen"},"content":{"rendered":"\n<div class=\"wp-block-columns has-2-columns two-one is-layout-flex wp-container-core-columns-is-layout-9d6595d7 wp-block-columns-is-layout-flex\">\n<div class=\"wp-block-column is-layout-flow wp-block-column-is-layout-flow\">\n<h2 class=\"wp-block-heading\">Gemessen werden Konzentrationen von:<\/h2>\n\n\n\n<p>\u00dcberschreiten die Emissionen von Rauchgaskomponenten die angegebenen Grenzwerte, k\u00f6nnen wir im Namen des Auftraggebers eine Leistungsbeschreibung f\u00fcr Rauchgasreinigung anfertigen, Offerten einholen und vergleichen, die Implementierung einer neuen Anlage begleiten und bei der Aufstellung der Anlage eine Abnahmemessung vornehmen.<\/p>\n\n\n\n<p>Bei dieser Vorgehensweise wird das Fachwissen des Labors, der Messgruppe, des Zeichenb\u00fcros und der Beratungsgruppe von TCKI kombiniert.<\/p>\n\n\n\n<p>Unsere qualifizierten Messtechniker verf\u00fcgen \u00fcber einen TCKI-Messwagen, der exakte und zuverl\u00e4ssige Konzentrationswerte von Emissionen festlegt. Gemessen werden Konzentrationen von:<\/p>\n\n\n\n<ul class=\"wp-block-list\"><li><strong>Sauerstoff<\/strong><\/li><li><strong>Kohlenmonoxid<\/strong><\/li><li><strong>Chloriden<\/strong><\/li><li><strong>Stickstoffoxiden<\/strong><\/li><li><strong>Gesamtstaub<\/strong><\/li><li><strong>Kohlendioxid<\/strong><\/li><li><strong>Fluoriden<\/strong><\/li><li><strong>Schwefeloxiden<\/strong><\/li><li><strong>Kohlenwasserstoffen<\/strong><\/li><li><strong>Feinstaub<\/strong><\/li><\/ul>\n\n\n\n<p>Auch andere Komponenten k\u00f6nnen auf Wunsch gemessen werden. TCKI nimmt vom niederl\u00e4ndischen Akkreditierungsinstitut RvA akkreditierte Rauchgasmessungen vor, die als Grundlage f\u00fcr beh\u00f6rdliche Umweltgenehmigungen anerkannt sind.<\/p>\n\n\n\n<p>Fluor, Chlor und Schwefel. TCKI nimmt vom niederl\u00e4ndischen Akkreditierungsinstitut RvA akkreditierte Rauchgasmessungen.<\/p>\n\n\n\n<p>Bei dieser Vorgehensweise wird das Knowhow des Labors, der Messgruppe, des Zeichenb\u00fcros und der Beratungsgruppe von TCKI kombiniert.<\/p>\n\n\n\n<h2 class=\"wp-block-heading\">Oftmals zeitgleich mit anderen Emissionsmessungen, Messungen nach Staub- und Feinstaubkonzentrationen in Prozessabgasen vor.<\/h2>\n\n\n\n<p>Zur Erlangung einer Umweltgenehmigung nimmt TCKI, oftmals zeitgleich mit anderen Emissionsmessungen, Messungen nach Staub- und Feinstaubkonzentrationen in Prozessabgasen vor. Als Feinstaub werden wahlweise Teilchen kleiner als 10 und 2,5 \u00b5m, PM10 und PM2,5 selektiv gemessen.<\/p>\n\n\n\n<p>Bei dieser Vorgehensweise wird das gemeinsame Fachwissen der Messgruppe und der Beratungsgruppe von TCKI kombiniert.<\/p>\n\n\n\n<h2 class=\"wp-block-heading\">L\u00e4rmemission, Modellberechnungen.<\/h2>\n\n\n\n<p>Zur Erlangung einer Umweltgenehmigung f\u00fcr bestehende und neue Produktionsniederlassungen ist die Vorlage eines umfassenden L\u00e4rmberichts erforderlich. Da es sich in diesem Industriezweig oft um eine komplexe L\u00e4rmsituation mit externen Einfl\u00fcssen handelt, reichen L\u00e4rmmessungen alleine nicht mehr aus.<\/p>\n\n\n\n<p>Wir setzen standardisierte Computerrechenmodelle ein, die gemeinsam mit unserer akustischen Expertise eine profunde \u00dcbersicht \u00fcber die L\u00e4rmemissionen vermitteln. Ausgehend von den Ergebnissen sind wir in der Lage, entsprechende Ma\u00dfnahmen vorzuschlagen und zu begleiten.<\/p>\n\n\n\n<h2 class=\"wp-block-heading\">Weitere Aktivit\u00e4ten sind die Messungen im Bereich der Umwelt und der Arbeitsbedingungen, wie zum Beispiel:<\/h2>\n\n\n\n<p>Unser breites Spektrum an Pr\u00fcf- und Messverfahren sowie unsere gr\u00fcndlichen und zuverl\u00e4ssigen Kenntnisse sind vielf\u00e4ltig und allgemein einsatzf\u00e4hig. Beispielsweise k\u00f6nnen wir auch Reststoffe aus verschiedenen Industriezweigen analysieren und ihre Eignung zur Wiederverwendung feststellen. Damit werden regelm\u00e4\u00dfig sehr \u00fcberraschende Ergebnisse erzielt.<\/p>\n\n\n\n<p>Andere Aktivit\u00e4ten umfassen Messungen im Bereich von Umwelt und Arbeitsbedingungen, z. B.:<\/p>\n\n\n\n<ul class=\"wp-block-list\"><li><strong>Emissionen in die Au\u00dfenluft<\/strong><\/li><li><strong>Feststellung spezifischer Arbeitsbedingungen wie L\u00e4rmbelastung<\/strong><\/li><li><strong>Die Belastung mit respirablem (lungeng\u00e4ngigem) Staub und Quarzstaub<\/strong><\/li><\/ul>\n\n\n\n<p>\u00dcberdies verf\u00fcgen wir \u00fcber diverse Messmethoden zur Feststellung der Griffigkeit von Bodenoberfl\u00e4chen und Stra\u00dfenpflaster im Rahmen von Sicherheitsaspekten f\u00fcr Fu\u00dfg\u00e4nger, Fahrradfahrern und Fahrzeuge.<\/p>\n\n\n\n<p>TCKI verf\u00fcgt \u00fcber ein breites Spektrum an Messtechniken und Testmethoden.<\/p>\n\n\n\n<p><\/p>\n<\/div>\n\n\n\n<div class=\"wp-block-column is-layout-flow wp-block-column-is-layout-flow\"><div class=\"person\"><h3>Wir helfen Ihnen gerne weiter.<\/h3><img decoding=\"async\" src=\"https:\/\/tcki.nl\/wp-content\/uploads\/2019\/01\/tcki-rob-mentink-1920-320x170.jpg\" \/><h4>ing. Rob Mentink<\/h4><span class=\"line\">Abteilungsleiter Technik<\/span><a class=\"line\" href=\"tel:\"><\/a><a class=\"line last\" href=\"mailto:\"><\/a><\/div>\n\n<div class=\"person\"><img decoding=\"async\" src=\"https:\/\/tcki.nl\/wp-content\/uploads\/2019\/01\/tcki-coen-van-mosseveld-1920-320x170.jpg\" \/><h4>ing. Coen van Mosseveld<\/h4><span class=\"line\">Berater<\/span><a class=\"line\" href=\"tel:\"><\/a><a class=\"line last\" href=\"mailto:\"><\/a><\/div><\/div>\n<\/div>\n\n\n\n<p><br><\/p>\n\n\n\n<figure class=\"wp-block-image alignwide\"><img loading=\"lazy\" decoding=\"async\" width=\"1920\" height=\"1080\" src=\"https:\/\/tcki.nl\/wp-content\/uploads\/2019\/01\/tcki-team-techniek-1920-1.jpg\" alt=\"\" class=\"wp-image-5346\" srcset=\"https:\/\/tcki.nl\/wp-content\/uploads\/2019\/01\/tcki-team-techniek-1920-1.jpg 1920w, https:\/\/tcki.nl\/wp-content\/uploads\/2019\/01\/tcki-team-techniek-1920-1-300x169.jpg 300w, https:\/\/tcki.nl\/wp-content\/uploads\/2019\/01\/tcki-team-techniek-1920-1-768x432.jpg 768w\" sizes=\"auto, (max-width: 1920px) 100vw, 1920px\" \/><\/figure>\n","protected":false},"excerpt":{"rendered":"<p>Gemessen werden Konzentrationen von: \u00dcberschreiten die Emissionen von Rauchgaskomponenten die angegebenen Grenzwerte, k\u00f6nnen wir im Namen des Auftraggebers eine Leistungsbeschreibung f\u00fcr Rauchgasreinigung anfertigen, Offerten einholen und vergleichen, die Implementierung einer neuen Anlage begleiten und bei der Aufstellung der Anlage eine Abnahmemessung vornehmen. Bei dieser Vorgehensweise wird das Fachwissen des Labors, der Messgruppe, des Zeichenb\u00fcros und [&hellip;]<\/p>\n","protected":false},"author":6,"featured_media":5277,"parent":0,"menu_order":0,"comment_status":"closed","ping_status":"closed","template":"","meta":{"_acf_changed":false,"_genesis_hide_title":false,"_genesis_hide_breadcrumbs":false,"_genesis_hide_singular_image":false,"_genesis_hide_footer_widgets":false,"_genesis_custom_body_class":"","_genesis_custom_post_class":"","_genesis_layout":"","footnotes":""},"class_list":{"0":"post-6740","1":"page","2":"type-page","3":"status-publish","5":"entry"},"acf":[],"yoast_head":"<!-- This site is optimized with the Yoast SEO plugin v27.4 - https:\/\/yoast.com\/product\/yoast-seo-wordpress\/ -->\n<title>Emissionsmessungen - TCKI<\/title>\n<meta name=\"robots\" content=\"index, follow, max-snippet:-1, max-image-preview:large, max-video-preview:-1\" \/>\n<link rel=\"canonical\" href=\"https:\/\/tcki.nl\/de\/emissionsmessungen\/\" \/>\n<meta property=\"og:locale\" content=\"de_DE\" \/>\n<meta property=\"og:type\" content=\"article\" \/>\n<meta property=\"og:title\" content=\"Emissionsmessungen - TCKI\" \/>\n<meta property=\"og:description\" content=\"Gemessen werden Konzentrationen von: \u00dcberschreiten die Emissionen von Rauchgaskomponenten die angegebenen Grenzwerte, k\u00f6nnen wir im Namen des Auftraggebers eine Leistungsbeschreibung f\u00fcr Rauchgasreinigung anfertigen, Offerten einholen und vergleichen, die Implementierung einer neuen Anlage begleiten und bei der Aufstellung der Anlage eine Abnahmemessung vornehmen. Bei dieser Vorgehensweise wird das Fachwissen des Labors, der Messgruppe, des Zeichenb\u00fcros und [&hellip;]\" \/>\n<meta property=\"og:url\" content=\"https:\/\/tcki.nl\/de\/emissionsmessungen\/\" \/>\n<meta property=\"og:site_name\" content=\"TCKI\" \/>\n<meta property=\"article:modified_time\" content=\"2019-02-26T10:39:01+00:00\" \/>\n<meta property=\"og:image\" content=\"https:\/\/tcki.nl\/wp-content\/uploads\/2019\/01\/tcki-niet-keramisch-1920-1.jpg\" \/>\n\t<meta property=\"og:image:width\" content=\"1920\" \/>\n\t<meta property=\"og:image:height\" content=\"1080\" \/>\n\t<meta property=\"og:image:type\" content=\"image\/jpeg\" \/>\n<meta name=\"twitter:card\" content=\"summary_large_image\" \/>\n<meta name=\"twitter:label1\" content=\"Gesch\u00e4tzte Lesezeit\" \/>\n\t<meta name=\"twitter:data1\" content=\"2\u00a0Minuten\" \/>\n<script type=\"application\/ld+json\" class=\"yoast-schema-graph\">{\"@context\":\"https:\\\/\\\/schema.org\",\"@graph\":[{\"@type\":\"WebPage\",\"@id\":\"https:\\\/\\\/tcki.nl\\\/de\\\/emissionsmessungen\\\/\",\"url\":\"https:\\\/\\\/tcki.nl\\\/de\\\/emissionsmessungen\\\/\",\"name\":\"Emissionsmessungen - TCKI\",\"isPartOf\":{\"@id\":\"https:\\\/\\\/tcki.nl\\\/de\\\/#website\"},\"primaryImageOfPage\":{\"@id\":\"https:\\\/\\\/tcki.nl\\\/de\\\/emissionsmessungen\\\/#primaryimage\"},\"image\":{\"@id\":\"https:\\\/\\\/tcki.nl\\\/de\\\/emissionsmessungen\\\/#primaryimage\"},\"thumbnailUrl\":\"https:\\\/\\\/tcki.nl\\\/wp-content\\\/uploads\\\/2019\\\/01\\\/tcki-niet-keramisch-1920-1.jpg\",\"datePublished\":\"2019-01-10T13:07:56+00:00\",\"dateModified\":\"2019-02-26T10:39:01+00:00\",\"breadcrumb\":{\"@id\":\"https:\\\/\\\/tcki.nl\\\/de\\\/emissionsmessungen\\\/#breadcrumb\"},\"inLanguage\":\"de\",\"potentialAction\":[{\"@type\":\"ReadAction\",\"target\":[\"https:\\\/\\\/tcki.nl\\\/de\\\/emissionsmessungen\\\/\"]}]},{\"@type\":\"ImageObject\",\"inLanguage\":\"de\",\"@id\":\"https:\\\/\\\/tcki.nl\\\/de\\\/emissionsmessungen\\\/#primaryimage\",\"url\":\"https:\\\/\\\/tcki.nl\\\/wp-content\\\/uploads\\\/2019\\\/01\\\/tcki-niet-keramisch-1920-1.jpg\",\"contentUrl\":\"https:\\\/\\\/tcki.nl\\\/wp-content\\\/uploads\\\/2019\\\/01\\\/tcki-niet-keramisch-1920-1.jpg\",\"width\":1920,\"height\":1080},{\"@type\":\"BreadcrumbList\",\"@id\":\"https:\\\/\\\/tcki.nl\\\/de\\\/emissionsmessungen\\\/#breadcrumb\",\"itemListElement\":[{\"@type\":\"ListItem\",\"position\":1,\"name\":\"Home\",\"item\":\"https:\\\/\\\/tcki.nl\\\/de\\\/\"},{\"@type\":\"ListItem\",\"position\":2,\"name\":\"Emissionsmessungen\"}]},{\"@type\":\"WebSite\",\"@id\":\"https:\\\/\\\/tcki.nl\\\/de\\\/#website\",\"url\":\"https:\\\/\\\/tcki.nl\\\/de\\\/\",\"name\":\"TCKI\",\"description\":\"\",\"potentialAction\":[{\"@type\":\"SearchAction\",\"target\":{\"@type\":\"EntryPoint\",\"urlTemplate\":\"https:\\\/\\\/tcki.nl\\\/de\\\/?s={search_term_string}\"},\"query-input\":{\"@type\":\"PropertyValueSpecification\",\"valueRequired\":true,\"valueName\":\"search_term_string\"}}],\"inLanguage\":\"de\"}]}<\/script>\n<!-- \/ Yoast SEO plugin. -->","yoast_head_json":{"title":"Emissionsmessungen - TCKI","robots":{"index":"index","follow":"follow","max-snippet":"max-snippet:-1","max-image-preview":"max-image-preview:large","max-video-preview":"max-video-preview:-1"},"canonical":"https:\/\/tcki.nl\/de\/emissionsmessungen\/","og_locale":"de_DE","og_type":"article","og_title":"Emissionsmessungen - TCKI","og_description":"Gemessen werden Konzentrationen von: \u00dcberschreiten die Emissionen von Rauchgaskomponenten die angegebenen Grenzwerte, k\u00f6nnen wir im Namen des Auftraggebers eine Leistungsbeschreibung f\u00fcr Rauchgasreinigung anfertigen, Offerten einholen und vergleichen, die Implementierung einer neuen Anlage begleiten und bei der Aufstellung der Anlage eine Abnahmemessung vornehmen. Bei dieser Vorgehensweise wird das Fachwissen des Labors, der Messgruppe, des Zeichenb\u00fcros und [&hellip;]","og_url":"https:\/\/tcki.nl\/de\/emissionsmessungen\/","og_site_name":"TCKI","article_modified_time":"2019-02-26T10:39:01+00:00","og_image":[{"width":1920,"height":1080,"url":"https:\/\/tcki.nl\/wp-content\/uploads\/2019\/01\/tcki-niet-keramisch-1920-1.jpg","type":"image\/jpeg"}],"twitter_card":"summary_large_image","twitter_misc":{"Gesch\u00e4tzte Lesezeit":"2\u00a0Minuten"},"schema":{"@context":"https:\/\/schema.org","@graph":[{"@type":"WebPage","@id":"https:\/\/tcki.nl\/de\/emissionsmessungen\/","url":"https:\/\/tcki.nl\/de\/emissionsmessungen\/","name":"Emissionsmessungen - TCKI","isPartOf":{"@id":"https:\/\/tcki.nl\/de\/#website"},"primaryImageOfPage":{"@id":"https:\/\/tcki.nl\/de\/emissionsmessungen\/#primaryimage"},"image":{"@id":"https:\/\/tcki.nl\/de\/emissionsmessungen\/#primaryimage"},"thumbnailUrl":"https:\/\/tcki.nl\/wp-content\/uploads\/2019\/01\/tcki-niet-keramisch-1920-1.jpg","datePublished":"2019-01-10T13:07:56+00:00","dateModified":"2019-02-26T10:39:01+00:00","breadcrumb":{"@id":"https:\/\/tcki.nl\/de\/emissionsmessungen\/#breadcrumb"},"inLanguage":"de","potentialAction":[{"@type":"ReadAction","target":["https:\/\/tcki.nl\/de\/emissionsmessungen\/"]}]},{"@type":"ImageObject","inLanguage":"de","@id":"https:\/\/tcki.nl\/de\/emissionsmessungen\/#primaryimage","url":"https:\/\/tcki.nl\/wp-content\/uploads\/2019\/01\/tcki-niet-keramisch-1920-1.jpg","contentUrl":"https:\/\/tcki.nl\/wp-content\/uploads\/2019\/01\/tcki-niet-keramisch-1920-1.jpg","width":1920,"height":1080},{"@type":"BreadcrumbList","@id":"https:\/\/tcki.nl\/de\/emissionsmessungen\/#breadcrumb","itemListElement":[{"@type":"ListItem","position":1,"name":"Home","item":"https:\/\/tcki.nl\/de\/"},{"@type":"ListItem","position":2,"name":"Emissionsmessungen"}]},{"@type":"WebSite","@id":"https:\/\/tcki.nl\/de\/#website","url":"https:\/\/tcki.nl\/de\/","name":"TCKI","description":"","potentialAction":[{"@type":"SearchAction","target":{"@type":"EntryPoint","urlTemplate":"https:\/\/tcki.nl\/de\/?s={search_term_string}"},"query-input":{"@type":"PropertyValueSpecification","valueRequired":true,"valueName":"search_term_string"}}],"inLanguage":"de"}]}},"_links":{"self":[{"href":"https:\/\/tcki.nl\/de\/wp-json\/wp\/v2\/pages\/6740","targetHints":{"allow":["GET"]}}],"collection":[{"href":"https:\/\/tcki.nl\/de\/wp-json\/wp\/v2\/pages"}],"about":[{"href":"https:\/\/tcki.nl\/de\/wp-json\/wp\/v2\/types\/page"}],"author":[{"embeddable":true,"href":"https:\/\/tcki.nl\/de\/wp-json\/wp\/v2\/users\/6"}],"replies":[{"embeddable":true,"href":"https:\/\/tcki.nl\/de\/wp-json\/wp\/v2\/comments?post=6740"}],"version-history":[{"count":0,"href":"https:\/\/tcki.nl\/de\/wp-json\/wp\/v2\/pages\/6740\/revisions"}],"wp:featuredmedia":[{"embeddable":true,"href":"https:\/\/tcki.nl\/de\/wp-json\/wp\/v2\/media\/5277"}],"wp:attachment":[{"href":"https:\/\/tcki.nl\/de\/wp-json\/wp\/v2\/media?parent=6740"}],"curies":[{"name":"wp","href":"https:\/\/api.w.org\/{rel}","templated":true}]}}