{"id":6750,"date":"2019-01-16T13:25:44","date_gmt":"2019-01-16T13:25:44","guid":{"rendered":"http:\/\/tcki.wpxsite.nl\/over-tcki\/"},"modified":"2022-07-08T11:57:34","modified_gmt":"2022-07-08T11:57:34","slug":"uber-tcki","status":"publish","type":"page","link":"https:\/\/tcki.nl\/de\/uber-tcki\/","title":{"rendered":"\u00dcber TCKI"},"content":{"rendered":"\n<div class=\"wp-block-columns alignwide has-2-columns two-one is-layout-flex wp-container-core-columns-is-layout-9d6595d7 wp-block-columns-is-layout-flex\">\n<div class=\"wp-block-column is-layout-flow wp-block-column-is-layout-flow\"><div class=\"hoverbox \" id=\"hoverbox-block_5c3f4848006af\"><div class=\"desc\"><h2>Beratungsgruppe.<\/h2><\/div><\/div><style type=\"text\/css\">#hoverbox-block_5c3f4848006af{background-image: url(\"https:\/\/tcki.nl\/wp-content\/uploads\/2019\/01\/tcki-team-techniek-1920-3.jpg\");}<\/style><\/div>\n\n\n\n<div class=\"wp-block-column is-layout-flow wp-block-column-is-layout-flow\"><div class=\"hoverbox \" id=\"hoverbox-block_5c3f4858006b0\"><div class=\"desc\"><h4>Beratungsgruppe<h2>Unabh\u00e4ngige Beratung und Forschung.<\/h2><div class=\"overlay overlay-contact\"><h3>Wir helfen Ihnen gerne weiter.<\/h3><img loading=\"lazy\" decoding=\"async\" width=\"740\" height=\"360\" src=\"https:\/\/tcki.nl\/wp-content\/uploads\/2019\/01\/tcki-ronny-lugtenberg-1920-740x360.jpg\" class=\"attachment-hover-thumb size-hover-thumb\" alt=\"\" \/><h4>dr. ir. Ronny Lugtenberg<\/h4><span class=\"line\">Direktor<\/span><a class=\"line\" href=\"tel:\"><\/a><a class=\"line\" href=\"mailto:\"><\/a><\/div><\/div><\/div><style type=\"text\/css\">#hoverbox-block_5c3f4858006b0{background-image: url(\"https:\/\/tcki.nl\/wp-content\/uploads\/2019\/01\/tcki-keramisch-1080-10.jpg\");}<\/style><\/div>\n<\/div>\n\n\n\n<div class=\"wp-block-columns alignwide has-2-columns one-two is-layout-flex wp-container-core-columns-is-layout-9d6595d7 wp-block-columns-is-layout-flex\">\n<div class=\"wp-block-column is-layout-flow wp-block-column-is-layout-flow\"><div class=\"hoverbox \" id=\"hoverbox-block_5c3f495a006b2\"><div class=\"desc\"><h4>Messgruppe<h2>RvA ISO\/IEC 17025 akkreditierte Messungen.<\/h2><div class=\"overlay overlay-contact\"><h3>Wir helfen Ihnen gerne weiter.<\/h3><img loading=\"lazy\" decoding=\"async\" width=\"740\" height=\"360\" src=\"https:\/\/tcki.nl\/wp-content\/uploads\/2019\/01\/tcki-rob-mentink-1920-740x360.jpg\" class=\"attachment-hover-thumb size-hover-thumb\" alt=\"\" \/><h4>ing. Rob Mentink<\/h4><span class=\"line\">Abteilungsleiter Technik<\/span><a class=\"line\" href=\"tel:\"><\/a><a class=\"line\" href=\"mailto:\"><\/a><\/div><\/div><\/div><style type=\"text\/css\">#hoverbox-block_5c3f495a006b2{background-image: url(\"https:\/\/tcki.nl\/wp-content\/uploads\/2019\/01\/tcki-arbostof-1080-11.jpg\");}<\/style><\/div>\n\n\n\n<div class=\"wp-block-column is-layout-flow wp-block-column-is-layout-flow\"><div class=\"hoverbox \" id=\"hoverbox-block_5c3f495f006b3\"><div class=\"desc\"><h2>Messgruppe.<\/h2><\/div><\/div><style type=\"text\/css\">#hoverbox-block_5c3f495f006b3{background-image: url(\"https:\/\/tcki.nl\/wp-content\/uploads\/2019\/01\/tcki-niet-keramisch-1920-5.jpg\");}<\/style><\/div>\n<\/div>\n\n\n\n<div class=\"wp-block-columns alignwide has-2-columns two-one is-layout-flex wp-container-core-columns-is-layout-9d6595d7 wp-block-columns-is-layout-flex\">\n<div class=\"wp-block-column is-layout-flow wp-block-column-is-layout-flow\"><div class=\"hoverbox \" id=\"hoverbox-block_5c3f4a58fa90e\"><div class=\"desc\"><h2>Labor.<\/h2><\/div><\/div><style type=\"text\/css\">#hoverbox-block_5c3f4a58fa90e{background-image: url(\"https:\/\/tcki.nl\/wp-content\/uploads\/2019\/01\/tcki-laboratorium-1920-2.jpg\");}<\/style><\/div>\n\n\n\n<div class=\"wp-block-column is-layout-flow wp-block-column-is-layout-flow\"><div class=\"hoverbox \" id=\"hoverbox-block_5c3f4a5cfa90f\"><div class=\"desc\"><h4>Labor<h2>RvA nach ISO\/IEC 17025 akkreditierter Betrieb.<\/h2><div class=\"overlay overlay-contact\"><h3>Wir helfen Ihnen gerne weiter.<\/h3><img loading=\"lazy\" decoding=\"async\" width=\"740\" height=\"360\" src=\"https:\/\/tcki.nl\/wp-content\/uploads\/2019\/01\/tcki-ineke-geist-1920-740x360.jpg\" class=\"attachment-hover-thumb size-hover-thumb\" alt=\"\" \/><h4>ing. Ineke Geist<\/h4><span class=\"line\">Sektion Laboratorium<\/span><a class=\"line\" href=\"tel:\"><\/a><a class=\"line\" href=\"mailto:\"><\/a><\/div><\/div><\/div><style type=\"text\/css\">#hoverbox-block_5c3f4a5cfa90f{background-image: url(\"https:\/\/tcki.nl\/wp-content\/uploads\/2019\/01\/tcki-keramisch-1080-22.jpg\");}<\/style><\/div>\n<\/div>\n\n\n<script type=\"text\/javascript\">(function($) {$( \".breadcrumb\" ).remove();})(jQuery);<\/script><div class=\"breadcrumb\"><span class=\"breadcrumb-link-wrap\"><a class=\"breadcrumb-link\" href=\"https:\/\/tcki.nl\/de\/\"><span class=\"breadcrumb-link-text-wrap\">Start<\/span><\/a><meta ><\/span><\/div>\n\n\n<div class=\"wp-block-columns has-2-columns two-one is-layout-flex wp-container-core-columns-is-layout-9d6595d7 wp-block-columns-is-layout-flex\">\n<div class=\"wp-block-column is-layout-flow wp-block-column-is-layout-flow\">\n<h2 class=\"wp-block-heading\">TCKI ist bereits seit \u00fcber 65 Jahren als unabh\u00e4ngiges Forschungsinstitut, Kompetenzzentrum sowie als Beratungs- und unterst\u00fctzungsfirma f\u00fcr mineralische Rohstoffe und die daraus hergestellten Baumaterialien t\u00e4tig.<\/h2>\n\n\n\n<p><strong>TCKI ist bereits seit \u00fcber 65 Jahren als unabh\u00e4ngiges Forschungsinstitut, Kompetenzzentrum sowie als Beratungs- und unterst\u00fctzungsfirma f\u00fcr mineralische Rohstoffe und die daraus hergestellten Baumaterialien t\u00e4tig. Hinzu kommt unsere Expertise in Bezug auf die dazu geh\u00f6rigen Produktionstechnik und Verfahrenstechnik.<\/strong><\/p>\n\n\n\n<p>TCKI verf\u00fcgt \u00fcber hochqualifizierte Mitarbeiter in den Abteilungen: Messgruppe, Labor, Zeichenb\u00fcro und Beratungsgruppe.<\/p>\n\n\n\n<p>Die Messgruppe besteht aus Messtechnikern und Beratern, die mit Hilfe modernster Messinstrumente und Hilfsmittel Prozessbedingungen feststellen.<\/p>\n\n\n\n<p>Auf Basis dieser Informationen k\u00f6nnen Ma\u00dfnahmen f\u00fcr eine wirksamere und effizientere Betriebsf\u00fchrung getroffen werden, beispielsweise im Bereich von Quantit\u00e4ts- und Qualit\u00e4tsaspekten, aber auch im Rahmen der Senkung von Energiekosten.<\/p>\n\n\n\n<p>In unserem modernen Labor werden spezialistische Analysen von unter anderem Silikatrohstoffen, z. B. Ton und Sand, aber auch von vielen Zuschlagstoffen und Sekund\u00e4rrohstoffen durchgef\u00fchrt. Neben der keramischen Industrie beantragen regelm\u00e4\u00dfig andere Sektoren individuell zugeschnittene Analysen.<\/p>\n\n\n\n<p>Sowohl im Auftrag von Herstellern, als auch von Zertifizierungsinstanzen erfolgen Untersuchungen von Bauprodukten und -materialien auf verschiedenste Eigenschaften, z. B.:<\/p>\n\n\n\n<ul class=\"wp-block-list\"><li><strong>Abmessungen und Formeigenschaften<\/strong><\/li><li><strong>Physikalische Eigenschaften<\/strong><\/li><li><strong>Mechanische Eigenschaften<\/strong><\/li><li><strong>Chemische Eigenschaften<\/strong><\/li><li><strong>Dauerhaftigkeitsaspekte (Frostbest\u00e4ndigkeit)<\/strong><\/li><li><strong>Griffigkeitseigenschaften von Bodenprodukten und -materialien<\/strong><\/li><\/ul>\n\n\n\n<p>Die meisten Analysemethoden in unserem Labor sind ISO\/IEC 17025 akkreditiert.<\/p>\n\n\n\n<h2 class=\"wp-block-heading\">Pr\u00fcfungen, Ausarbeitung und Beratung sind vorzugsweise immer individuell abzustimmen.<\/h2>\n\n\n\n<p>Nach den Messungen und Analysen formulieren unsere Berater eine b\u00fcndige und praktische Empfehlung. Die Kenntnisbereiche in der baukeramischen Industrie sind Technik, Technologie, Energie, (Silikat-)Rohstoffe, Qualit\u00e4tssysteme, Umwelt, Produktauslaugung und Arbeitsbedingungen.<\/p>\n\n\n\n<p>Ferner beraten wir in den Bereichen Rohstoffvorbearbeitung\/Massenbereitung, Formungsverhalten, Trocknen und Brennen von keramischen Produkten.<\/p>\n\n\n\n<p>Wir genie\u00dfen seit vielen Jahrzehnten das Vertrauen unserer Kunden bei Entscheidungen \u00fcber Anpassungen in der Produktionsf\u00fchrung und bei Neubau.<\/p>\n\n\n\n<p>Unser Fachwissen und unsere Erfahrungen in der keramischen Industrie k\u00f6nnen ebenfalls ausgezeichnet in anderen Sektoren angewendet werden, beispielsweise in den Bereichen; Produktionstechnik, Energie, Umwelt und Arbeitsbedingungen. In unserem modernen Labor f\u00fchren wir spezialisierte Analysen.<\/p>\n\n\n\n<h2 class=\"wp-block-heading\">Die bautechnischen und maschinenbautechnischen Mitarbeiter im Zeichenb\u00fcro erstellen die Zeichnungen zu verschiedenen Projekten.<\/h2>\n\n\n\n<p>Die bautechnischen und maschinenbautechnischen Mitarbeiter im Zeichenb\u00fcro erstellen die Zeichnungen zu verschiedenen Projekten, die von unseren Beratern betreut werden. Zu den Aufgaben des Zeichenb\u00fcros geh\u00f6rt auch die bautechnische Beratung \u00fcber das Anbringen von Dilatationen in Mauer- und Klebwerk mit verschiedenen Mauerziegelarten.<\/p>\n\n\n\n<h2 class=\"wp-block-heading\">Gute Kenntnisse, Sachverstand und fachm\u00e4nnisches K\u00f6nnen bestimmen das Endergebnis eines Bauwerks.<\/h2>\n\n\n\n<p>Dehnungsfugen im Mauerwerk sind Unterbrechungen im Mauerwerk, um Rissbildung zu vermeiden infolge Deformation durch Temperaturdifferenzen, Schrumpfung und Kriechen TCKI \u00fcbernimmt die Projektberatung auf diesem Gebiet und st\u00fctzt sich dabei auf die Berechnungsverfahren des \u201cVereniging Koninklijke Nederlandse Bouwkeramiek (KNB)\u201c.<\/p>\n\n\n\n<p>Gute Kenntnisse, Sachverstand und fachm\u00e4nnisches K\u00f6nnen bestimmen das Endergebnis eines Bauwerks. Beim Entwurf spielt das Fassadenbild eine wichtige Rolle. Dies erw\u00e4chst aus der Erfahrung, der Vision und dem kreativen Denken des Designers.<\/p>\n\n\n\n<p>Ist sich der Architekt davon bewusst, dass eine Fassade aus Mauerziegeln ohne die hierf\u00fcr n\u00f6tigen Sachkenntnisse total ruiniert wird oder unter Rissbildung leidet?<\/p>\n\n\n\n<p>Um die Positionierung und Zahl der Dilatationen in Fassaden aus Mauerziegeln bestimmen und verringern zu k\u00f6nnen, m\u00fcssen der Designer und der Bauingenieur bereits in der Ausschreibungsphase miteinander besprechen, wie sich dies am besten realisieren l\u00e4sst. Die CUR-Empfehlung 71 (konstruktive Aspekte beim Entwurf, der Berechnung und Detaillierung von Fassaden in Mauerwerk) und die CUR-Empfehlung 82 (Kontrolle der Rissbildung in Steinbauten) sowie die Projektberatung, die beispielsweise eine Dilatationsberatung durch die Backsteinindustrie beinhalten kann, spielen dabei eine wichtige Rolle.<\/p>\n\n\n\n<p>Mit einer solchen Beratung in der Ausschreibungsphase kann man sich davor sch\u00fctzen, dass w\u00e4hrend der Ausf\u00fchrungsphase zus\u00e4tzliche Kosten entstehen, beispielsweise durch die \u00c4nderung der St\u00fcrze, das Anbringen von Dilatationen, zus\u00e4tzliche Hohlwandanker und \/ oder Mauerwerksarmierungen. Die Lenkung der Positionen und der Zahl der Dilatationen in der Ausschreibungsphase wird durch die Wahl der richtigen Detaillierung und der korrekten Hilfsmittel (St\u00fcrze, Mauerwerksarmierung) erm\u00f6glicht.<\/p>\n\n\n\n<p>\u00dcberall dort, wo infolge einer \u00fcberm\u00e4\u00dfigen Spannung durch Temperaturbelastung eine unerw\u00fcnschte Rissbildung auftreten kann, m\u00fcssen Dehnungsfugen angebracht werden. Eine unerw\u00fcnschte Rissbildung kann \u00fcberall dort auftreten, wo sich das Mauerwerk aufgrund der daran angebrachten Bauelemente nicht ungehindert verformen kann, oder wo es durch hindurchstechende Teile, die das Mauerwerk \u00f6rtlich unterst\u00fctzen, wie beispielsweise Balkons, Loggias und Galerieplatten, an der Verformung gehindert wird.<\/p>\n\n\n\n<p>Die Dehnungsfugen sorgen daf\u00fcr, dass sich die Form bei Bedarf ungehindert ver\u00e4ndern kann. Zur Deutlichkeit sei gesagt, dass eine Dehnungsfuge (5 mm) keine Scherfuge (0 mm) ist.<\/p>\n\n\n\n<p>Die Wahl der St\u00fcrze wirkt sich stark auf das Fassadenbild aus. Ein \u00e4sthetisch ansprechender Fassadenentwurf kann durch die Art der St\u00fcrze \u00fcber den Fassaden\u00f6ffnungen erheblich gest\u00f6rt werden. Mit frei an der Au\u00dfendecke aufgelegten St\u00fcrzen, eventuell in Kombination mit einer Mauerwerksarmierung anstelle von Fassadentr\u00e4gern, l\u00e4sst sich die Anzahl der Dilatationen verringern.<br>Werden die St\u00fcrze mit der dahinter liegenden Konstruktion verbunden, dann verhalten sie sich wie Fassadentr\u00e4ger. Am Anfang und am Ende eines Fassadentr\u00e4gers folgt immer eine Dilatation.<\/p>\n\n\n\n<p>Wenn die Fassadentr\u00e4ger \u00fcber die Pfeiler hinausreichen, dann werden nicht so viele Dilatationen ben\u00f6tigt. Ein weiterer Einflussfaktor liegt in der Befestigung der Fassadentr\u00e4ger an einer Betonwand (steif) oder an einer Bodenkonstruktion (Durchbiegung). Die Verformung durch Mauerwerksunterst\u00fctzungen und Galerieplatten kann bedeuten, dass zus\u00e4tzliche Dilatationen erforderlich sind.<br>Das Endergebnis muss so aussehen, wie dies der Architekt im Entwurf vorgesehen hat.<\/p>\n\n\n\n<p>Die Dilatationen sind relativ unauff\u00e4llig, wenn man sie hinter den Regenwasser-Ablaufrohren im Au\u00dfenblatt, bei einem Farb\u00fcbergang oder an Spr\u00fcngen in der Fassade positioniert. Dilatationen k\u00f6nnen aber auch beim Entwurf ber\u00fccksichtigt werden, indem sie eine entsprechende Aufteilung erhalten oder einen Rhythmus im Fassadenbild darstellen. Die Dilatationen m\u00fcssen straff ausgef\u00fchrt werden. Die Zusammenarbeit und das Denken konzentrieren sich auf das gemeinsame Endziel, die Verbesserung der Qualit\u00e4t der Fassadenarchitektur.Ist sich der Architekt davon bewusst, dass eine Fassade aus Mauerziegeln ohne die hierf\u00fcr n\u00f6tigen Sachkenntnisse total ruiniert wird oder unter Rissbildung leidet?<\/p>\n\n\n\n<figure class=\"wp-block-image size-large\"><img loading=\"lazy\" decoding=\"async\" width=\"1920\" height=\"1080\" src=\"https:\/\/tcki.nl\/wp-content\/uploads\/2020\/10\/tcki-nieuw-management-team.jpg\" alt=\"\" class=\"wp-image-9629\" srcset=\"https:\/\/tcki.nl\/wp-content\/uploads\/2020\/10\/tcki-nieuw-management-team.jpg 1920w, https:\/\/tcki.nl\/wp-content\/uploads\/2020\/10\/tcki-nieuw-management-team-300x169.jpg 300w, https:\/\/tcki.nl\/wp-content\/uploads\/2020\/10\/tcki-nieuw-management-team-768x432.jpg 768w, https:\/\/tcki.nl\/wp-content\/uploads\/2020\/10\/tcki-nieuw-management-team-1536x864.jpg 1536w\" sizes=\"auto, (max-width: 1920px) 100vw, 1920px\" \/><figcaption><em>Managementteam, Stan Aben, Ronny Lugtenberg en Rob Mentink<\/em>.<\/figcaption><\/figure>\n<\/div>\n\n\n\n<div class=\"wp-block-column is-layout-flow wp-block-column-is-layout-flow\">\n<figure class=\"wp-block-image\"><img loading=\"lazy\" decoding=\"async\" width=\"153\" height=\"158\" src=\"https:\/\/tcki.nl\/wp-content\/uploads\/2019\/01\/rva-testing-l-254.gif\" alt=\"rva-testing-l-254\" class=\"wp-image-4724\"\/><\/figure>\n<\/div>\n<\/div>\n\n\n\n<p><\/p>\n","protected":false},"excerpt":{"rendered":"<p>TCKI ist bereits seit \u00fcber 65 Jahren als unabh\u00e4ngiges Forschungsinstitut, Kompetenzzentrum sowie als Beratungs- und unterst\u00fctzungsfirma f\u00fcr mineralische Rohstoffe und die daraus hergestellten Baumaterialien t\u00e4tig. TCKI ist bereits seit \u00fcber 65 Jahren als unabh\u00e4ngiges Forschungsinstitut, Kompetenzzentrum sowie als Beratungs- und unterst\u00fctzungsfirma f\u00fcr mineralische Rohstoffe und die daraus hergestellten Baumaterialien t\u00e4tig. Hinzu kommt unsere Expertise in [&hellip;]<\/p>\n","protected":false},"author":6,"featured_media":0,"parent":0,"menu_order":0,"comment_status":"closed","ping_status":"closed","template":"","meta":{"_acf_changed":false,"_genesis_hide_title":false,"_genesis_hide_breadcrumbs":false,"_genesis_hide_singular_image":false,"_genesis_hide_footer_widgets":false,"_genesis_custom_body_class":"","_genesis_custom_post_class":"","_genesis_layout":"","footnotes":""},"class_list":{"0":"post-6750","1":"page","2":"type-page","3":"status-publish","5":"entry"},"acf":[],"yoast_head":"<!-- This site is optimized with the Yoast SEO plugin v27.5 - https:\/\/yoast.com\/product\/yoast-seo-wordpress\/ -->\n<title>\u00dcber TCKI - TCKI<\/title>\n<meta name=\"robots\" content=\"index, follow, max-snippet:-1, max-image-preview:large, max-video-preview:-1\" \/>\n<link rel=\"canonical\" href=\"https:\/\/tcki.nl\/de\/uber-tcki\/\" \/>\n<meta property=\"og:locale\" content=\"de_DE\" \/>\n<meta property=\"og:type\" content=\"article\" \/>\n<meta property=\"og:title\" content=\"\u00dcber TCKI - TCKI\" \/>\n<meta property=\"og:description\" content=\"TCKI ist bereits seit \u00fcber 65 Jahren als unabh\u00e4ngiges Forschungsinstitut, Kompetenzzentrum sowie als Beratungs- und unterst\u00fctzungsfirma f\u00fcr mineralische Rohstoffe und die daraus hergestellten Baumaterialien t\u00e4tig. TCKI ist bereits seit \u00fcber 65 Jahren als unabh\u00e4ngiges Forschungsinstitut, Kompetenzzentrum sowie als Beratungs- und unterst\u00fctzungsfirma f\u00fcr mineralische Rohstoffe und die daraus hergestellten Baumaterialien t\u00e4tig. Hinzu kommt unsere Expertise in [&hellip;]\" \/>\n<meta property=\"og:url\" content=\"https:\/\/tcki.nl\/de\/uber-tcki\/\" \/>\n<meta property=\"og:site_name\" content=\"TCKI\" \/>\n<meta property=\"article:modified_time\" content=\"2022-07-08T11:57:34+00:00\" \/>\n<meta property=\"og:image\" content=\"https:\/\/tcki.nl\/wp-content\/uploads\/2020\/10\/tcki-nieuw-management-team.jpg\" \/>\n<meta name=\"twitter:card\" content=\"summary_large_image\" \/>\n<meta name=\"twitter:label1\" content=\"Gesch\u00e4tzte Lesezeit\" \/>\n\t<meta name=\"twitter:data1\" content=\"5\u00a0Minuten\" \/>\n<script type=\"application\/ld+json\" class=\"yoast-schema-graph\">{\"@context\":\"https:\\\/\\\/schema.org\",\"@graph\":[{\"@type\":\"WebPage\",\"@id\":\"https:\\\/\\\/tcki.nl\\\/de\\\/uber-tcki\\\/\",\"url\":\"https:\\\/\\\/tcki.nl\\\/de\\\/uber-tcki\\\/\",\"name\":\"\u00dcber TCKI - TCKI\",\"isPartOf\":{\"@id\":\"https:\\\/\\\/tcki.nl\\\/de\\\/#website\"},\"primaryImageOfPage\":{\"@id\":\"https:\\\/\\\/tcki.nl\\\/de\\\/uber-tcki\\\/#primaryimage\"},\"image\":{\"@id\":\"https:\\\/\\\/tcki.nl\\\/de\\\/uber-tcki\\\/#primaryimage\"},\"thumbnailUrl\":\"https:\\\/\\\/tcki.nl\\\/wp-content\\\/uploads\\\/2020\\\/10\\\/tcki-nieuw-management-team.jpg\",\"datePublished\":\"2019-01-16T13:25:44+00:00\",\"dateModified\":\"2022-07-08T11:57:34+00:00\",\"breadcrumb\":{\"@id\":\"https:\\\/\\\/tcki.nl\\\/de\\\/uber-tcki\\\/#breadcrumb\"},\"inLanguage\":\"de\",\"potentialAction\":[{\"@type\":\"ReadAction\",\"target\":[\"https:\\\/\\\/tcki.nl\\\/de\\\/uber-tcki\\\/\"]}]},{\"@type\":\"ImageObject\",\"inLanguage\":\"de\",\"@id\":\"https:\\\/\\\/tcki.nl\\\/de\\\/uber-tcki\\\/#primaryimage\",\"url\":\"https:\\\/\\\/tcki.nl\\\/wp-content\\\/uploads\\\/2020\\\/10\\\/tcki-nieuw-management-team.jpg\",\"contentUrl\":\"https:\\\/\\\/tcki.nl\\\/wp-content\\\/uploads\\\/2020\\\/10\\\/tcki-nieuw-management-team.jpg\"},{\"@type\":\"BreadcrumbList\",\"@id\":\"https:\\\/\\\/tcki.nl\\\/de\\\/uber-tcki\\\/#breadcrumb\",\"itemListElement\":[{\"@type\":\"ListItem\",\"position\":1,\"name\":\"Home\",\"item\":\"https:\\\/\\\/tcki.nl\\\/de\\\/\"},{\"@type\":\"ListItem\",\"position\":2,\"name\":\"\u00dcber TCKI\"}]},{\"@type\":\"WebSite\",\"@id\":\"https:\\\/\\\/tcki.nl\\\/de\\\/#website\",\"url\":\"https:\\\/\\\/tcki.nl\\\/de\\\/\",\"name\":\"TCKI\",\"description\":\"\",\"potentialAction\":[{\"@type\":\"SearchAction\",\"target\":{\"@type\":\"EntryPoint\",\"urlTemplate\":\"https:\\\/\\\/tcki.nl\\\/de\\\/?s={search_term_string}\"},\"query-input\":{\"@type\":\"PropertyValueSpecification\",\"valueRequired\":true,\"valueName\":\"search_term_string\"}}],\"inLanguage\":\"de\"}]}<\/script>\n<!-- \/ Yoast SEO plugin. -->","yoast_head_json":{"title":"\u00dcber TCKI - TCKI","robots":{"index":"index","follow":"follow","max-snippet":"max-snippet:-1","max-image-preview":"max-image-preview:large","max-video-preview":"max-video-preview:-1"},"canonical":"https:\/\/tcki.nl\/de\/uber-tcki\/","og_locale":"de_DE","og_type":"article","og_title":"\u00dcber TCKI - TCKI","og_description":"TCKI ist bereits seit \u00fcber 65 Jahren als unabh\u00e4ngiges Forschungsinstitut, Kompetenzzentrum sowie als Beratungs- und unterst\u00fctzungsfirma f\u00fcr mineralische Rohstoffe und die daraus hergestellten Baumaterialien t\u00e4tig. TCKI ist bereits seit \u00fcber 65 Jahren als unabh\u00e4ngiges Forschungsinstitut, Kompetenzzentrum sowie als Beratungs- und unterst\u00fctzungsfirma f\u00fcr mineralische Rohstoffe und die daraus hergestellten Baumaterialien t\u00e4tig. Hinzu kommt unsere Expertise in [&hellip;]","og_url":"https:\/\/tcki.nl\/de\/uber-tcki\/","og_site_name":"TCKI","article_modified_time":"2022-07-08T11:57:34+00:00","og_image":[{"url":"https:\/\/tcki.nl\/wp-content\/uploads\/2020\/10\/tcki-nieuw-management-team.jpg","type":"","width":"","height":""}],"twitter_card":"summary_large_image","twitter_misc":{"Gesch\u00e4tzte Lesezeit":"5\u00a0Minuten"},"schema":{"@context":"https:\/\/schema.org","@graph":[{"@type":"WebPage","@id":"https:\/\/tcki.nl\/de\/uber-tcki\/","url":"https:\/\/tcki.nl\/de\/uber-tcki\/","name":"\u00dcber TCKI - TCKI","isPartOf":{"@id":"https:\/\/tcki.nl\/de\/#website"},"primaryImageOfPage":{"@id":"https:\/\/tcki.nl\/de\/uber-tcki\/#primaryimage"},"image":{"@id":"https:\/\/tcki.nl\/de\/uber-tcki\/#primaryimage"},"thumbnailUrl":"https:\/\/tcki.nl\/wp-content\/uploads\/2020\/10\/tcki-nieuw-management-team.jpg","datePublished":"2019-01-16T13:25:44+00:00","dateModified":"2022-07-08T11:57:34+00:00","breadcrumb":{"@id":"https:\/\/tcki.nl\/de\/uber-tcki\/#breadcrumb"},"inLanguage":"de","potentialAction":[{"@type":"ReadAction","target":["https:\/\/tcki.nl\/de\/uber-tcki\/"]}]},{"@type":"ImageObject","inLanguage":"de","@id":"https:\/\/tcki.nl\/de\/uber-tcki\/#primaryimage","url":"https:\/\/tcki.nl\/wp-content\/uploads\/2020\/10\/tcki-nieuw-management-team.jpg","contentUrl":"https:\/\/tcki.nl\/wp-content\/uploads\/2020\/10\/tcki-nieuw-management-team.jpg"},{"@type":"BreadcrumbList","@id":"https:\/\/tcki.nl\/de\/uber-tcki\/#breadcrumb","itemListElement":[{"@type":"ListItem","position":1,"name":"Home","item":"https:\/\/tcki.nl\/de\/"},{"@type":"ListItem","position":2,"name":"\u00dcber TCKI"}]},{"@type":"WebSite","@id":"https:\/\/tcki.nl\/de\/#website","url":"https:\/\/tcki.nl\/de\/","name":"TCKI","description":"","potentialAction":[{"@type":"SearchAction","target":{"@type":"EntryPoint","urlTemplate":"https:\/\/tcki.nl\/de\/?s={search_term_string}"},"query-input":{"@type":"PropertyValueSpecification","valueRequired":true,"valueName":"search_term_string"}}],"inLanguage":"de"}]}},"_links":{"self":[{"href":"https:\/\/tcki.nl\/de\/wp-json\/wp\/v2\/pages\/6750","targetHints":{"allow":["GET"]}}],"collection":[{"href":"https:\/\/tcki.nl\/de\/wp-json\/wp\/v2\/pages"}],"about":[{"href":"https:\/\/tcki.nl\/de\/wp-json\/wp\/v2\/types\/page"}],"author":[{"embeddable":true,"href":"https:\/\/tcki.nl\/de\/wp-json\/wp\/v2\/users\/6"}],"replies":[{"embeddable":true,"href":"https:\/\/tcki.nl\/de\/wp-json\/wp\/v2\/comments?post=6750"}],"version-history":[{"count":0,"href":"https:\/\/tcki.nl\/de\/wp-json\/wp\/v2\/pages\/6750\/revisions"}],"wp:attachment":[{"href":"https:\/\/tcki.nl\/de\/wp-json\/wp\/v2\/media?parent=6750"}],"curies":[{"name":"wp","href":"https:\/\/api.w.org\/{rel}","templated":true}]}}