{"id":7019,"date":"2018-12-11T13:29:24","date_gmt":"2018-12-11T13:29:24","guid":{"rendered":"http:\/\/tcki.wpxsite.nl\/disclaimer\/"},"modified":"2019-02-06T11:25:54","modified_gmt":"2019-02-06T11:25:54","slug":"disclaimer","status":"publish","type":"page","link":"https:\/\/tcki.nl\/de\/disclaimer\/","title":{"rendered":"Disclaimer"},"content":{"rendered":"\n<div class=\"wp-block-columns has-2-columns two-one is-layout-flex wp-container-core-columns-is-layout-9d6595d7 wp-block-columns-is-layout-flex\">\n<div class=\"wp-block-column is-layout-flow wp-block-column-is-layout-flow\">\n<p><strong>Stichting TCKI gew\u00e4hrt Ihnen hiermit Zugang zu der Website www.tcki.nl und ver\u00f6ffentlicht dort Texte, Abbildungen und anderes Material zu Informationszwecken. Dabei beh\u00e4lt die Stichting TCKI sich das Recht vor, jederzeit inhaltliche \u00c4nderungen vorzunehmen oder Teile zu entfernen, ohne Sie dar\u00fcber informieren zu m\u00fcssen. Die Informationen auf der Website sind unverbindlich und stellen kein konkretes Angebot zum Abschluss eines Vertrages dar.<\/strong><\/p>\n\n\n\n<p>Stichting TCKI gibt sich alle M\u00fche, den Inhalt der Website so oft wie m\u00f6glich zu aktualisieren und\/oder zu erg\u00e4nzen. Trotz der betrachteten Sorgfalt und Aufmerksamkeit ist es jedoch m\u00f6glich, dass sie unvollst\u00e4ndige und\/oder falsche Angaben enth\u00e4lt. Die auf der Website verf\u00fcgbar gemachten Informationen werden ohne jegliche Garantie ver\u00f6ffentlicht und erheben keinen Anspruch auf Richtigkeit. F\u00fcr auf der Website ver\u00f6ffentlichte Hyperlinks zu Websites oder Dienstleistungen Dritter kann die Stichting TCKI in keinem Fall haftbar gemacht werden.<\/p>\n\n\n\n<p>Alle geistigen Eigentumsrechte an den Informationen auf dieser Website liegen bei der Stichting TCKI. Soweit durch zwingendes Recht, zum Beispiel das Zitatrecht, nicht anders bestimmt, ist es ohne schriftliche Zustimmung der Stichting TCKI nicht gestattet, diese Informationen zu vervielf\u00e4ltigen, zu verbreiten oder in jeglicher anderer Weise zu nutzen, es sei denn, es ist bei spezifischen Informationen etwas anderes angegeben.<\/p>\n\n\n\n<p>\u00a9 2015 \u2013 Stichting TCKI<\/p>\n\n\n\n<p><br><\/p>\n<\/div>\n\n\n\n<div class=\"wp-block-column is-layout-flow wp-block-column-is-layout-flow\"><\/div>\n<\/div>\n\n\n\n<figure class=\"wp-block-image alignwide\"><img loading=\"lazy\" decoding=\"async\" width=\"1920\" height=\"1080\" src=\"https:\/\/tcki.nl\/wp-content\/uploads\/2019\/01\/tcki-team-techniek-1920-1.jpg\" alt=\"\" class=\"wp-image-5344\" srcset=\"https:\/\/tcki.nl\/wp-content\/uploads\/2019\/01\/tcki-team-techniek-1920-1.jpg 1920w, https:\/\/tcki.nl\/wp-content\/uploads\/2019\/01\/tcki-team-techniek-1920-1-300x169.jpg 300w, https:\/\/tcki.nl\/wp-content\/uploads\/2019\/01\/tcki-team-techniek-1920-1-768x432.jpg 768w\" sizes=\"auto, (max-width: 1920px) 100vw, 1920px\" \/><\/figure>\n","protected":false},"excerpt":{"rendered":"<p>Stichting TCKI gew\u00e4hrt Ihnen hiermit Zugang zu der Website www.tcki.nl und ver\u00f6ffentlicht dort Texte, Abbildungen und anderes Material zu Informationszwecken. Dabei beh\u00e4lt die Stichting TCKI sich das Recht vor, jederzeit inhaltliche \u00c4nderungen vorzunehmen oder Teile zu entfernen, ohne Sie dar\u00fcber informieren zu m\u00fcssen. Die Informationen auf der Website sind unverbindlich und stellen kein konkretes Angebot [&hellip;]<\/p>\n","protected":false},"author":1,"featured_media":0,"parent":0,"menu_order":0,"comment_status":"closed","ping_status":"closed","template":"","meta":{"_acf_changed":false,"_genesis_hide_title":false,"_genesis_hide_breadcrumbs":false,"_genesis_hide_singular_image":false,"_genesis_hide_footer_widgets":false,"_genesis_custom_body_class":"","_genesis_custom_post_class":"","_genesis_layout":"","footnotes":""},"class_list":{"0":"post-7019","1":"page","2":"type-page","3":"status-publish","5":"entry"},"acf":[],"yoast_head":"<!-- This site is optimized with the Yoast SEO plugin v27.0 - https:\/\/yoast.com\/product\/yoast-seo-wordpress\/ -->\n<title>Disclaimer - TCKI<\/title>\n<meta name=\"robots\" content=\"index, follow, max-snippet:-1, max-image-preview:large, max-video-preview:-1\" \/>\n<link rel=\"canonical\" href=\"https:\/\/tcki.nl\/de\/disclaimer\/\" \/>\n<meta property=\"og:locale\" content=\"de_DE\" \/>\n<meta property=\"og:type\" content=\"article\" \/>\n<meta property=\"og:title\" content=\"Disclaimer - TCKI\" \/>\n<meta property=\"og:description\" content=\"Stichting TCKI gew\u00e4hrt Ihnen hiermit Zugang zu der Website www.tcki.nl und ver\u00f6ffentlicht dort Texte, Abbildungen und anderes Material zu Informationszwecken. Dabei beh\u00e4lt die Stichting TCKI sich das Recht vor, jederzeit inhaltliche \u00c4nderungen vorzunehmen oder Teile zu entfernen, ohne Sie dar\u00fcber informieren zu m\u00fcssen. Die Informationen auf der Website sind unverbindlich und stellen kein konkretes Angebot [&hellip;]\" \/>\n<meta property=\"og:url\" content=\"https:\/\/tcki.nl\/de\/disclaimer\/\" \/>\n<meta property=\"og:site_name\" content=\"TCKI\" \/>\n<meta property=\"article:modified_time\" content=\"2019-02-06T11:25:54+00:00\" \/>\n<meta property=\"og:image\" content=\"https:\/\/tcki.nl\/wp-content\/uploads\/2019\/01\/tcki-team-techniek-1920-1.jpg\" \/>\n<meta name=\"twitter:card\" content=\"summary_large_image\" \/>\n<meta name=\"twitter:label1\" content=\"Gesch\u00e4tzte Lesezeit\" \/>\n\t<meta name=\"twitter:data1\" content=\"1\u00a0Minute\" \/>\n<script type=\"application\/ld+json\" class=\"yoast-schema-graph\">{\"@context\":\"https:\/\/schema.org\",\"@graph\":[{\"@type\":\"WebPage\",\"@id\":\"https:\/\/tcki.nl\/de\/disclaimer\/\",\"url\":\"https:\/\/tcki.nl\/de\/disclaimer\/\",\"name\":\"Disclaimer - TCKI\",\"isPartOf\":{\"@id\":\"https:\/\/tcki.nl\/de\/#website\"},\"primaryImageOfPage\":{\"@id\":\"https:\/\/tcki.nl\/de\/disclaimer\/#primaryimage\"},\"image\":{\"@id\":\"https:\/\/tcki.nl\/de\/disclaimer\/#primaryimage\"},\"thumbnailUrl\":\"https:\/\/tcki.nl\/wp-content\/uploads\/2019\/01\/tcki-team-techniek-1920-1.jpg\",\"datePublished\":\"2018-12-11T13:29:24+00:00\",\"dateModified\":\"2019-02-06T11:25:54+00:00\",\"breadcrumb\":{\"@id\":\"https:\/\/tcki.nl\/de\/disclaimer\/#breadcrumb\"},\"inLanguage\":\"de\",\"potentialAction\":[{\"@type\":\"ReadAction\",\"target\":[\"https:\/\/tcki.nl\/de\/disclaimer\/\"]}]},{\"@type\":\"ImageObject\",\"inLanguage\":\"de\",\"@id\":\"https:\/\/tcki.nl\/de\/disclaimer\/#primaryimage\",\"url\":\"https:\/\/tcki.nl\/wp-content\/uploads\/2019\/01\/tcki-team-techniek-1920-1.jpg\",\"contentUrl\":\"https:\/\/tcki.nl\/wp-content\/uploads\/2019\/01\/tcki-team-techniek-1920-1.jpg\"},{\"@type\":\"BreadcrumbList\",\"@id\":\"https:\/\/tcki.nl\/de\/disclaimer\/#breadcrumb\",\"itemListElement\":[{\"@type\":\"ListItem\",\"position\":1,\"name\":\"Home\",\"item\":\"https:\/\/tcki.nl\/de\/\"},{\"@type\":\"ListItem\",\"position\":2,\"name\":\"Disclaimer\"}]},{\"@type\":\"WebSite\",\"@id\":\"https:\/\/tcki.nl\/de\/#website\",\"url\":\"https:\/\/tcki.nl\/de\/\",\"name\":\"TCKI\",\"description\":\"\",\"potentialAction\":[{\"@type\":\"SearchAction\",\"target\":{\"@type\":\"EntryPoint\",\"urlTemplate\":\"https:\/\/tcki.nl\/de\/?s={search_term_string}\"},\"query-input\":{\"@type\":\"PropertyValueSpecification\",\"valueRequired\":true,\"valueName\":\"search_term_string\"}}],\"inLanguage\":\"de\"}]}<\/script>\n<!-- \/ Yoast SEO plugin. -->","yoast_head_json":{"title":"Disclaimer - TCKI","robots":{"index":"index","follow":"follow","max-snippet":"max-snippet:-1","max-image-preview":"max-image-preview:large","max-video-preview":"max-video-preview:-1"},"canonical":"https:\/\/tcki.nl\/de\/disclaimer\/","og_locale":"de_DE","og_type":"article","og_title":"Disclaimer - TCKI","og_description":"Stichting TCKI gew\u00e4hrt Ihnen hiermit Zugang zu der Website www.tcki.nl und ver\u00f6ffentlicht dort Texte, Abbildungen und anderes Material zu Informationszwecken. Dabei beh\u00e4lt die Stichting TCKI sich das Recht vor, jederzeit inhaltliche \u00c4nderungen vorzunehmen oder Teile zu entfernen, ohne Sie dar\u00fcber informieren zu m\u00fcssen. Die Informationen auf der Website sind unverbindlich und stellen kein konkretes Angebot [&hellip;]","og_url":"https:\/\/tcki.nl\/de\/disclaimer\/","og_site_name":"TCKI","article_modified_time":"2019-02-06T11:25:54+00:00","og_image":[{"url":"https:\/\/tcki.nl\/wp-content\/uploads\/2019\/01\/tcki-team-techniek-1920-1.jpg","type":"","width":"","height":""}],"twitter_card":"summary_large_image","twitter_misc":{"Gesch\u00e4tzte Lesezeit":"1\u00a0Minute"},"schema":{"@context":"https:\/\/schema.org","@graph":[{"@type":"WebPage","@id":"https:\/\/tcki.nl\/de\/disclaimer\/","url":"https:\/\/tcki.nl\/de\/disclaimer\/","name":"Disclaimer - TCKI","isPartOf":{"@id":"https:\/\/tcki.nl\/de\/#website"},"primaryImageOfPage":{"@id":"https:\/\/tcki.nl\/de\/disclaimer\/#primaryimage"},"image":{"@id":"https:\/\/tcki.nl\/de\/disclaimer\/#primaryimage"},"thumbnailUrl":"https:\/\/tcki.nl\/wp-content\/uploads\/2019\/01\/tcki-team-techniek-1920-1.jpg","datePublished":"2018-12-11T13:29:24+00:00","dateModified":"2019-02-06T11:25:54+00:00","breadcrumb":{"@id":"https:\/\/tcki.nl\/de\/disclaimer\/#breadcrumb"},"inLanguage":"de","potentialAction":[{"@type":"ReadAction","target":["https:\/\/tcki.nl\/de\/disclaimer\/"]}]},{"@type":"ImageObject","inLanguage":"de","@id":"https:\/\/tcki.nl\/de\/disclaimer\/#primaryimage","url":"https:\/\/tcki.nl\/wp-content\/uploads\/2019\/01\/tcki-team-techniek-1920-1.jpg","contentUrl":"https:\/\/tcki.nl\/wp-content\/uploads\/2019\/01\/tcki-team-techniek-1920-1.jpg"},{"@type":"BreadcrumbList","@id":"https:\/\/tcki.nl\/de\/disclaimer\/#breadcrumb","itemListElement":[{"@type":"ListItem","position":1,"name":"Home","item":"https:\/\/tcki.nl\/de\/"},{"@type":"ListItem","position":2,"name":"Disclaimer"}]},{"@type":"WebSite","@id":"https:\/\/tcki.nl\/de\/#website","url":"https:\/\/tcki.nl\/de\/","name":"TCKI","description":"","potentialAction":[{"@type":"SearchAction","target":{"@type":"EntryPoint","urlTemplate":"https:\/\/tcki.nl\/de\/?s={search_term_string}"},"query-input":{"@type":"PropertyValueSpecification","valueRequired":true,"valueName":"search_term_string"}}],"inLanguage":"de"}]}},"_links":{"self":[{"href":"https:\/\/tcki.nl\/de\/wp-json\/wp\/v2\/pages\/7019","targetHints":{"allow":["GET"]}}],"collection":[{"href":"https:\/\/tcki.nl\/de\/wp-json\/wp\/v2\/pages"}],"about":[{"href":"https:\/\/tcki.nl\/de\/wp-json\/wp\/v2\/types\/page"}],"author":[{"embeddable":true,"href":"https:\/\/tcki.nl\/de\/wp-json\/wp\/v2\/users\/1"}],"replies":[{"embeddable":true,"href":"https:\/\/tcki.nl\/de\/wp-json\/wp\/v2\/comments?post=7019"}],"version-history":[{"count":0,"href":"https:\/\/tcki.nl\/de\/wp-json\/wp\/v2\/pages\/7019\/revisions"}],"wp:attachment":[{"href":"https:\/\/tcki.nl\/de\/wp-json\/wp\/v2\/media?parent=7019"}],"curies":[{"name":"wp","href":"https:\/\/api.w.org\/{rel}","templated":true}]}}